{"id":3831,"date":"2016-02-07T10:05:39","date_gmt":"2016-02-07T15:05:39","guid":{"rendered":"https:\/\/dev.initechinfo.com\/contact\/"},"modified":"2025-01-28T06:57:03","modified_gmt":"2025-01-28T11:57:03","slug":"contact","status":"publish","type":"page","link":"https:\/\/initechinfo.com\/fr\/contact\/","title":{"rendered":"Contact"},"content":{"rendered":"<div class=\"wpb-content-wrapper\"><p>[vc_row type=\u00a0\u00bbvc_default\u00a0\u00bb full_width=\u00a0\u00bbstretch_row\u00a0\u00bb equal_height=\u00a0\u00bbyes\u00a0\u00bb margin_top=\u00a0\u00bb75&Prime; margin_bottom=\u00a0\u00bb-20&Prime; bg_type=\u00a0\u00bbbg_color\u00a0\u00bb css=\u00a0\u00bb.vc_custom_1724411888932{padding-top: 70px !important;background-color: #ffffff !important;}\u00a0\u00bb bg_color_value=\u00a0\u00bb#ffffff\u00a0\u00bb][vc_column css=\u00a0\u00bb.vc_custom_1479032696835{padding-bottom: 40px !important;}\u00a0\u00bb offset=\u00a0\u00bbvc_col-lg-offset-1 vc_col-lg-10 vc_col-md-offset-0 vc_col-md-12 vc_col-sm-offset-0&Prime;][vc_row_inner equal_height=\u00a0\u00bbyes\u00a0\u00bb][vc_column_inner width=\u00a0\u00bb1\/3&Prime; css=\u00a0\u00bb.vc_custom_1479032888299{padding-bottom: 35px !important;}\u00a0\u00bb]<div id=\"ultimate-heading-372869fb3f97564d6\" class=\"uvc-heading ult-adjust-bottom-margin ultimate-heading-372869fb3f97564d6 uvc-7391 color-title accent-icon-color\" data-hspacer=\"icon_only\"  data-halign=\"center\" style=\"text-align:center\"><div class=\"uvc-heading-spacer icon_only\" style=\"margin-bottom:20px;\"><div class=\"ult-just-icon-wrapper  \"><div class=\"align-icon\" style=\"text-align:center;\">\n<div class=\"aio-icon none \"  style=\"font-size:48px;display:inline-block;\">\n\t<i class=\"icomoon-free-social-contact-16x16-location2\"><\/i>\n<\/div><\/div><\/div><\/div><div class=\"uvc-main-heading ult-responsive\"  data-ultimate-target='.uvc-heading.ultimate-heading-372869fb3f97564d6 h2'  data-responsive-json-new='{\"font-size\":\"desktop:12px;\",\"line-height\":\"desktop:24px;\"}' ><h2 style=\"font-weight:bold;color:#bbbbbb;margin-bottom:4px;\">NOTRE EMPLACEMENT<\/h2><\/div><div class=\"uvc-sub-heading ult-responsive\"  data-ultimate-target='.uvc-heading.ultimate-heading-372869fb3f97564d6 .uvc-sub-heading '  data-responsive-json-new='{\"font-size\":\"\",\"line-height\":\"\"}'  style=\"font-weight:bold;margin-bottom:0px;\">1033 Route 46 East Suite 201 Mailbox #11 Clifton, NJ 07013<\/div><\/div>[\/vc_column_inner][vc_column_inner width=\u00a0\u00bb1\/3&Prime; css=\u00a0\u00bb.vc_custom_1479032916919{padding-bottom: 35px !important;}\u00a0\u00bb]<div id=\"ultimate-heading-243869fb3f975672b\" class=\"uvc-heading ult-adjust-bottom-margin ultimate-heading-243869fb3f975672b uvc-9934 color-title accent-icon-color\" data-hspacer=\"icon_only\"  data-halign=\"center\" style=\"text-align:center\"><div class=\"uvc-heading-spacer icon_only\" style=\"margin-bottom:20px;\"><div class=\"ult-just-icon-wrapper  \"><div class=\"align-icon\" style=\"text-align:center;\">\n<div class=\"aio-icon none \"  style=\"font-size:48px;display:inline-block;\">\n\t<i class=\"icomoon-free-social-contact-16x16-phone\"><\/i>\n<\/div><\/div><\/div><\/div><div class=\"uvc-main-heading ult-responsive\"  data-ultimate-target='.uvc-heading.ultimate-heading-243869fb3f975672b h2'  data-responsive-json-new='{\"font-size\":\"desktop:12px;\",\"line-height\":\"desktop:24px;\"}' ><h2 style=\"font-weight:bold;color:#bbbbbb;margin-bottom:4px;\">APPELEZ-NOUS<\/h2><\/div><div class=\"uvc-sub-heading ult-responsive\"  data-ultimate-target='.uvc-heading.ultimate-heading-243869fb3f975672b .uvc-sub-heading '  data-responsive-json-new='{\"font-size\":\"\",\"line-height\":\"\"}'  style=\"font-weight:bold;margin-bottom:0px;\">T\u00e9l : <a href=\"tel:+1%20(201)-600-8884\">+1 (201)-600-8884<\/a><\/div><\/div>[\/vc_column_inner][vc_column_inner width=\u00a0\u00bb1\/3&Prime; css=\u00a0\u00bb.vc_custom_1479032922138{padding-bottom: 35px !important;}\u00a0\u00bb]<div id=\"ultimate-heading-284769fb3f9756904\" class=\"uvc-heading ult-adjust-bottom-margin ultimate-heading-284769fb3f9756904 uvc-9803 color-title accent-icon-color\" data-hspacer=\"icon_only\"  data-halign=\"center\" style=\"text-align:center\"><div class=\"uvc-heading-spacer icon_only\" style=\"margin-bottom:20px;\"><div class=\"ult-just-icon-wrapper  \"><div class=\"align-icon\" style=\"text-align:center;\">\n<div class=\"aio-icon none \"  style=\"font-size:48px;display:inline-block;\">\n\t<i class=\"icomoon-free-social-contact-16x16-envelop\"><\/i>\n<\/div><\/div><\/div><\/div><div class=\"uvc-main-heading ult-responsive\"  data-ultimate-target='.uvc-heading.ultimate-heading-284769fb3f9756904 h2'  data-responsive-json-new='{\"font-size\":\"desktop:12px;\",\"line-height\":\"desktop:24px;\"}' ><h2 style=\"font-weight:bold;color:#bbbbbb;margin-bottom:4px;\">ENVOYEZ-NOUS UN MAIL<\/h2><\/div><div class=\"uvc-sub-heading ult-responsive\"  data-ultimate-target='.uvc-heading.ultimate-heading-284769fb3f9756904 .uvc-sub-heading '  data-responsive-json-new='{\"font-size\":\"\",\"line-height\":\"\"}'  style=\"font-weight:bold;margin-bottom:0px;\"><a href=\"mailto:discover@initechinfo.com\">discover@initechinfo.com<\/a><\/div><\/div>[\/vc_column_inner][\/vc_row_inner][\/vc_column][\/vc_row][vc_row type=\u00a0\u00bbvc_default\u00a0\u00bb][vc_column width=\u00a0\u00bb1\/2&Prime;][vc_gmaps link=\u00a0\u00bb#E-8_JTNDaWZyYW1lJTIwc3JjJTNEJTIyaHR0cHMlM0ElMkYlMkZ3d3cuZ29vZ2xlLmNvbSUyRm1hcHMlMkZlbWJlZCUzRnBiJTNEJTIxMW0xOCUyMTFtMTIlMjExbTMlMjExZDMwMTcuMDI2ODE3Njg0MDg2NCUyMTJkLTc0LjE4MDEyODc3NTAwMzE1JTIxM2Q0MC44NzEyODU2Njk4ODQxNyUyMTJtMyUyMTFmMCUyMTJmMCUyMTNmMCUyMTNtMiUyMTFpMTAyNCUyMTJpNzY4JTIxNGYxMy4xJTIxM20zJTIxMW0yJTIxMXMweDg5YzJmZTUwOTk0ZTZlNWQlMjUzQTB4ODMxMmVmNjdmMjFmN2U1YyUyMTJzMTAzMyUyNTIwVVMtNDYlMjUyMCUyNTIzMjAxJTI1MkMlMjUyMENsaWZ0b24lMjUyQyUyNTIwTkolMjUyMDA3MDEzJTI1MkMlMjUyMFN0YW55JTI1MjBaamVkbm9jem9uZSUyMTVlMCUyMTNtMiUyMTFzcGwlMjEyc3BsJTIxNHYxNzMwNjU2Mzg3MDAyJTIxNW0yJTIxMXNwbCUyMTJzcGwlMjIlMjB3aWR0aCUzRCUyMjYwMCUyMiUyMGhlaWdodCUzRCUyMjQ1MCUyMiUyMHN0eWxlJTNEJTIyYm9yZGVyJTNBMCUzQiUyMiUyMGFsbG93ZnVsbHNjcmVlbiUzRCUyMiUyMiUyMGxvYWRpbmclM0QlMjJsYXp5JTIyJTIwcmVmZXJyZXJwb2xpY3klM0QlMjJuby1yZWZlcnJlci13aGVuLWRvd25ncmFkZSUyMiUzRSUzQyUyRmlmcmFtZSUzRQ==\u00a0\u00bb css=\u00a0\u00bb\u00a0\u00bb][\/vc_column][vc_column width=\u00a0\u00bb1\/2&Prime;]<div id=\"ultimate-heading-671269fb3f97569c4\" class=\"uvc-heading ult-adjust-bottom-margin ultimate-heading-671269fb3f97569c4 uvc-4178 \" data-hspacer=\"no_spacer\"  data-halign=\"center\" style=\"text-align:center\"><div class=\"uvc-heading-spacer no_spacer\" style=\"top\"><\/div><div class=\"uvc-main-heading ult-responsive\"  data-ultimate-target='.uvc-heading.ultimate-heading-671269fb3f97569c4 h2'  data-responsive-json-new='{\"font-size\":\"desktop:34px;\",\"line-height\":\"desktop:44px;\"}' ><h2 style=\"font-weight:bold;margin-bottom:25px;\">Prenez contact avec nous !<\/h2><\/div><\/div>\n<div class=\"wpcf7 no-js\" id=\"wpcf7-f3962-o1\" lang=\"fr-FR\" dir=\"ltr\" data-wpcf7-id=\"3962\">\n<div class=\"screen-reader-response\"><p role=\"status\" aria-live=\"polite\" aria-atomic=\"true\"><\/p> <ul><\/ul><\/div>\n<form action=\"\/fr\/wp-json\/wp\/v2\/pages\/3831#wpcf7-f3962-o1\" method=\"post\" class=\"wpcf7-form init\" aria-label=\"Formulaire de contact\" novalidate=\"novalidate\" data-status=\"init\">\n<fieldset class=\"hidden-fields-container\"><input type=\"hidden\" name=\"_wpcf7\" value=\"3962\" \/><input type=\"hidden\" name=\"_wpcf7_version\" value=\"6.1.4\" \/><input type=\"hidden\" name=\"_wpcf7_locale\" value=\"fr_FR\" \/><input type=\"hidden\" name=\"_wpcf7_unit_tag\" value=\"wpcf7-f3962-o1\" \/><input type=\"hidden\" name=\"_wpcf7_container_post\" value=\"0\" \/><input type=\"hidden\" name=\"_wpcf7_posted_data_hash\" value=\"\" \/><input type=\"hidden\" name=\"_wpcf7_recaptcha_response\" value=\"\" \/>\n<\/fieldset>\n<p><span class=\"wpcf7-form-control-wrap\" data-name=\"your-name\"><input size=\"40\" maxlength=\"400\" class=\"wpcf7-form-control wpcf7-text wpcf7-validates-as-required\" autocomplete=\"name\" aria-required=\"true\" aria-invalid=\"false\" placeholder=\"Nom *\" value=\"\" type=\"text\" name=\"your-name\" \/><\/span>\n<\/p>\n<p><span class=\"wpcf7-form-control-wrap\" data-name=\"your-email\"><input size=\"40\" maxlength=\"400\" class=\"wpcf7-form-control wpcf7-email wpcf7-validates-as-required wpcf7-text wpcf7-validates-as-email\" autocomplete=\"email\" aria-required=\"true\" aria-invalid=\"false\" placeholder=\"E-mail *\" value=\"\" type=\"email\" name=\"your-email\" \/><\/span>\n<\/p>\n<p><span class=\"wpcf7-form-control-wrap\" data-name=\"phone\"><input size=\"40\" maxlength=\"400\" class=\"wpcf7-form-control wpcf7-tel wpcf7-text wpcf7-validates-as-tel\" aria-invalid=\"false\" placeholder=\"T\u00e9l\u00e9phone\" value=\"\" type=\"tel\" name=\"phone\" \/><\/span>\n<\/p>\n<p><span class=\"wpcf7-form-control-wrap\" data-name=\"your-message\"><textarea cols=\"10\" rows=\"5\" maxlength=\"2000\" class=\"wpcf7-form-control wpcf7-textarea\" aria-invalid=\"false\" placeholder=\"Message\" name=\"your-message\"><\/textarea><\/span>\n<\/p>\n<p><input class=\"wpcf7-form-control wpcf7-submit has-spinner\" type=\"submit\" value=\"Envoyer un message\" \/>\n<\/p><div class=\"wpcf7-response-output\" aria-hidden=\"true\"><\/div>\n<\/form>\n<\/div>\n[\/vc_column][\/vc_row][vc_row type=\u00a0\u00bbvc_default\u00a0\u00bb bg_type=\u00a0\u00bbbg_color\u00a0\u00bb bg_override=\u00a0\u00bbex-full\u00a0\u00bb css=\u00a0\u00bb.vc_custom_1724365916938{padding-top: 0px !important;padding-bottom: 10px !important;}\u00a0\u00bb bg_color_value=\u00a0\u00bb#f4f4f4&Prime;][vc_column offset=\u00a0\u00bbvc_col-lg-offset-1 vc_col-lg-10 vc_col-md-offset-0 vc_col-md-12 vc_col-sm-offset-0 vc_col-xs-12&Prime;][vc_row_inner css=\u00a0\u00bb.vc_custom_1728419863511{padding-bottom: 30px !important;}\u00a0\u00bb][vc_column_inner width=\u00a0\u00bb1\/4&Prime;][\/vc_column_inner][vc_column_inner width=\u00a0\u00bb1\/4&Prime;]<div class=\"ult-just-icon-wrapper accent-icon-bg  vc_custom_1724346482424\"><div class=\"align-icon\" style=\"text-align:center;\">\n<a class=\"aio-tooltip 69fb3f975c9f3\" href=\"https:\/\/www.linkedin.com\/company\/initechinfo\/\" target=\"_blank\" rel=\"noopener\"  data-toggle=\"tooltip\" data-placement=\"\"><div class=\"aio-icon advanced \"  style=\"color:#ffffff;border-style:solid;border-color:;border-width:0px;width:70px;height:70px;line-height:70px;border-radius:500px;font-size:28px;display:inline-block;\">\n\t<i class=\"icomoon-free-social-contact-16x16-linkedin\"><\/i>\n<\/div><\/a><\/div><\/div><div id=\"ultimate-heading-76669fb3f975cb1e\" class=\"uvc-heading ult-adjust-bottom-margin ultimate-heading-76669fb3f975cb1e uvc-7354 accent-subtitle-color\" data-hspacer=\"no_spacer\"  data-halign=\"center\" style=\"text-align:center\"><div class=\"uvc-heading-spacer no_spacer\" style=\"top\"><\/div><div class=\"uvc-main-heading ult-responsive\"  data-ultimate-target='.uvc-heading.ultimate-heading-76669fb3f975cb1e h2'  data-responsive-json-new='{\"font-size\":\"desktop:12px;\",\"line-height\":\"desktop:24px;\"}' ><h2 style=\"font-weight:bold;margin-bottom:4px;\">LINKEDIN<\/h2><\/div><\/div>[\/vc_column_inner][vc_column_inner width=\u00a0\u00bb1\/4&Prime;]<div class=\"ult-just-icon-wrapper accent-icon-bg  vc_custom_1724346468401\"><div class=\"align-icon\" style=\"text-align:center;\">\n<a class=\"aio-tooltip 69fb3f975cc34\" href=\"https:\/\/www.youtube.com\/@initechinc.6510\" target=\"_blank\" rel=\"noopener\"  data-toggle=\"tooltip\" data-placement=\"\"><div class=\"aio-icon advanced \"  style=\"color:#ffffff;border-style:solid;border-color:;border-width:0px;width:70px;height:70px;line-height:70px;border-radius:500px;font-size:28px;display:inline-block;\">\n\t<i class=\"fab fa-youtube\"><\/i>\n<\/div><\/a><\/div><\/div><div id=\"ultimate-heading-820369fb3f975ccb6\" class=\"uvc-heading ult-adjust-bottom-margin ultimate-heading-820369fb3f975ccb6 uvc-4769 accent-subtitle-color\" data-hspacer=\"no_spacer\"  data-halign=\"center\" style=\"text-align:center\"><div class=\"uvc-heading-spacer no_spacer\" style=\"top\"><\/div><div class=\"uvc-main-heading ult-responsive\"  data-ultimate-target='.uvc-heading.ultimate-heading-820369fb3f975ccb6 h2'  data-responsive-json-new='{\"font-size\":\"desktop:12px;\",\"line-height\":\"desktop:24px;\"}' ><h2 style=\"font-weight:bold;margin-bottom:4px;\">YOUTUBE<\/h2><\/div><\/div>[\/vc_column_inner][vc_column_inner width=\u00a0\u00bb1\/4&Prime;][\/vc_column_inner][\/vc_row_inner][\/vc_column][\/vc_row]<\/p>\n<\/div>","protected":false},"excerpt":{"rendered":"<p>[vc_row type=\u00a0\u00bbvc_default\u00a0\u00bb full_width=\u00a0\u00bbstretch_row\u00a0\u00bb equal_height=\u00a0\u00bbyes\u00a0\u00bb margin_top=\u00a0\u00bb75&Prime; margin_bottom=\u00a0\u00bb-20&Prime; bg_type=\u00a0\u00bbbg_color\u00a0\u00bb css=\u00a0\u00bb.vc_custom_1724411888932{padding-top: 70px !important;background-color: #ffffff !important;}\u00a0\u00bb bg_color_value=\u00a0\u00bb#ffffff\u00a0\u00bb][vc_column css=\u00a0\u00bb.vc_custom_1479032696835{padding-bottom: 40px !important;}\u00a0\u00bb offset=\u00a0\u00bbvc_col-lg-offset-1 vc_col-lg-10 vc_col-md-offset-0 vc_col-md-12 vc_col-sm-offset-0&Prime;][vc_row_inner equal_height=\u00a0\u00bbyes\u00a0\u00bb][vc_column_inner width=\u00a0\u00bb1\/3&Prime; css=\u00a0\u00bb.vc_custom_1479032888299{padding-bottom: 35px !important;}\u00a0\u00bb][\/vc_column_inner][vc_column_inner width=\u00a0\u00bb1\/3&Prime; css=\u00a0\u00bb.vc_custom_1479032916919{padding-bottom: 35px !important;}\u00a0\u00bb][\/vc_column_inner][vc_column_inner width=\u00a0\u00bb1\/3&Prime; css=\u00a0\u00bb.vc_custom_1479032922138{padding-bottom: 35px !important;}\u00a0\u00bb][\/vc_column_inner][\/vc_row_inner][\/vc_column][\/vc_row][vc_row type=\u00a0\u00bbvc_default\u00a0\u00bb][vc_column width=\u00a0\u00bb1\/2&Prime;][vc_gmaps link=\u00a0\u00bb#E-8_JTNDaWZyYW1lJTIwc3JjJTNEJTIyaHR0cHMlM0ElMkYlMkZ3d3cuZ29vZ2xlLmNvbSUyRm1hcHMlMkZlbWJlZCUzRnBiJTNEJTIxMW0xOCUyMTFtMTIlMjExbTMlMjExZDMwMTcuMDI2ODE3Njg0MDg2NCUyMTJkLTc0LjE4MDEyODc3NTAwMzE1JTIxM2Q0MC44NzEyODU2Njk4ODQxNyUyMTJtMyUyMTFmMCUyMTJmMCUyMTNmMCUyMTNtMiUyMTFpMTAyNCUyMTJpNzY4JTIxNGYxMy4xJTIxM20zJTIxMW0yJTIxMXMweDg5YzJmZTUwOTk0ZTZlNWQlMjUzQTB4ODMxMmVmNjdmMjFmN2U1YyUyMTJzMTAzMyUyNTIwVVMtNDYlMjUyMCUyNTIzMjAxJTI1MkMlMjUyMENsaWZ0b24lMjUyQyUyNTIwTkolMjUyMDA3MDEzJTI1MkMlMjUyMFN0YW55JTI1MjBaamVkbm9jem9uZSUyMTVlMCUyMTNtMiUyMTFzcGwlMjEyc3BsJTIxNHYxNzMwNjU2Mzg3MDAyJTIxNW0yJTIxMXNwbCUyMTJzcGwlMjIlMjB3aWR0aCUzRCUyMjYwMCUyMiUyMGhlaWdodCUzRCUyMjQ1MCUyMiUyMHN0eWxlJTNEJTIyYm9yZGVyJTNBMCUzQiUyMiUyMGFsbG93ZnVsbHNjcmVlbiUzRCUyMiUyMiUyMGxvYWRpbmclM0QlMjJsYXp5JTIyJTIwcmVmZXJyZXJwb2xpY3klM0QlMjJuby1yZWZlcnJlci13aGVuLWRvd25ncmFkZSUyMiUzRSUzQyUyRmlmcmFtZSUzRQ==\u00a0\u00bb css=\u00a0\u00bb\u00a0\u00bb][\/vc_column][vc_column width=\u00a0\u00bb1\/2&Prime;][\/vc_column][\/vc_row][vc_row type=\u00a0\u00bbvc_default\u00a0\u00bb bg_type=\u00a0\u00bbbg_color\u00a0\u00bb bg_override=\u00a0\u00bbex-full\u00a0\u00bb css=\u00a0\u00bb.vc_custom_1724365916938{padding-top: 0px !important;padding-bottom: 10px !important;}\u00a0\u00bb bg_color_value=\u00a0\u00bb#f4f4f4&Prime;][vc_column offset=\u00a0\u00bbvc_col-lg-offset-1 vc_col-lg-10 vc_col-md-offset-0 vc_col-md-12 vc_col-sm-offset-0 vc_col-xs-12&Prime;][vc_row_inner css=\u00a0\u00bb.vc_custom_1728419863511{padding-bottom:&hellip;<\/p>\n","protected":false},"author":1,"featured_media":0,"parent":0,"menu_order":50,"comment_status":"closed","ping_status":"closed","template":"","meta":{"footnotes":""},"class_list":["post-3831","page","type-page","status-publish","hentry","description-off"],"yoast_head":"<!-- This site is optimized with the Yoast SEO plugin v26.6 - https:\/\/yoast.com\/wordpress\/plugins\/seo\/ -->\n<title>Contact &#187; iniTECH<\/title>\n<meta name=\"description\" content=\"Contactez iniTECH pour discuter de vos besoins en mati\u00e8re d&#039;ing\u00e9nierie et de fabrication. Notre \u00e9quipe est pr\u00eate \u00e0 fournir des solutions et un soutien pour vos projets. Prenez contact avec nous d\u00e8s aujourd&#039;hui !\" \/>\n<meta name=\"robots\" content=\"index, follow, max-snippet:-1, max-image-preview:large, max-video-preview:-1\" \/>\n<link rel=\"canonical\" href=\"https:\/\/initechinfo.com\/fr\/contact\/\" \/>\n<meta property=\"og:locale\" content=\"fr_FR\" \/>\n<meta property=\"og:type\" content=\"article\" \/>\n<meta property=\"og:title\" content=\"Contact &#187; iniTECH\" \/>\n<meta property=\"og:description\" content=\"Contactez iniTECH pour discuter de vos besoins en mati\u00e8re d&#039;ing\u00e9nierie et de fabrication. Notre \u00e9quipe est pr\u00eate \u00e0 fournir des solutions et un soutien pour vos projets. Prenez contact avec nous d\u00e8s aujourd&#039;hui !\" \/>\n<meta property=\"og:url\" content=\"https:\/\/initechinfo.com\/fr\/contact\/\" \/>\n<meta property=\"og:site_name\" content=\"iniTECH\" \/>\n<meta property=\"article:modified_time\" content=\"2025-01-28T11:57:03+00:00\" \/>\n<meta name=\"twitter:card\" content=\"summary_large_image\" \/>\n<meta name=\"twitter:label1\" content=\"Dur\u00e9e de lecture estim\u00e9e\" \/>\n\t<meta name=\"twitter:data1\" content=\"1 minute\" \/>\n<script type=\"application\/ld+json\" class=\"yoast-schema-graph\">{\"@context\":\"https:\/\/schema.org\",\"@graph\":[{\"@type\":\"WebPage\",\"@id\":\"https:\/\/initechinfo.com\/fr\/contact\/\",\"url\":\"https:\/\/initechinfo.com\/fr\/contact\/\",\"name\":\"Contact &#187; iniTECH\",\"isPartOf\":{\"@id\":\"https:\/\/initechinfo.com\/fr\/#website\"},\"datePublished\":\"2016-02-07T15:05:39+00:00\",\"dateModified\":\"2025-01-28T11:57:03+00:00\",\"description\":\"Contactez iniTECH pour discuter de vos besoins en mati\u00e8re d'ing\u00e9nierie et de fabrication. Notre \u00e9quipe est pr\u00eate \u00e0 fournir des solutions et un soutien pour vos projets. Prenez contact avec nous d\u00e8s aujourd'hui !\",\"breadcrumb\":{\"@id\":\"https:\/\/initechinfo.com\/fr\/contact\/#breadcrumb\"},\"inLanguage\":\"fr-FR\",\"potentialAction\":[{\"@type\":\"ReadAction\",\"target\":[\"https:\/\/initechinfo.com\/fr\/contact\/\"]}]},{\"@type\":\"BreadcrumbList\",\"@id\":\"https:\/\/initechinfo.com\/fr\/contact\/#breadcrumb\",\"itemListElement\":[{\"@type\":\"ListItem\",\"position\":1,\"name\":\"Home\",\"item\":\"https:\/\/initechinfo.com\/fr\/\"},{\"@type\":\"ListItem\",\"position\":2,\"name\":\"Contact\"}]},{\"@type\":\"WebSite\",\"@id\":\"https:\/\/initechinfo.com\/fr\/#website\",\"url\":\"https:\/\/initechinfo.com\/fr\/\",\"name\":\"iniTECH\",\"description\":\"\",\"potentialAction\":[{\"@type\":\"SearchAction\",\"target\":{\"@type\":\"EntryPoint\",\"urlTemplate\":\"https:\/\/initechinfo.com\/fr\/?s={search_term_string}\"},\"query-input\":{\"@type\":\"PropertyValueSpecification\",\"valueRequired\":true,\"valueName\":\"search_term_string\"}}],\"inLanguage\":\"fr-FR\"}]}<\/script>\n<!-- \/ Yoast SEO plugin. -->","yoast_head_json":{"title":"Contact &#187; iniTECH","description":"Contactez iniTECH pour discuter de vos besoins en mati\u00e8re d'ing\u00e9nierie et de fabrication. Notre \u00e9quipe est pr\u00eate \u00e0 fournir des solutions et un soutien pour vos projets. Prenez contact avec nous d\u00e8s aujourd'hui !","robots":{"index":"index","follow":"follow","max-snippet":"max-snippet:-1","max-image-preview":"max-image-preview:large","max-video-preview":"max-video-preview:-1"},"canonical":"https:\/\/initechinfo.com\/fr\/contact\/","og_locale":"fr_FR","og_type":"article","og_title":"Contact &#187; iniTECH","og_description":"Contactez iniTECH pour discuter de vos besoins en mati\u00e8re d'ing\u00e9nierie et de fabrication. Notre \u00e9quipe est pr\u00eate \u00e0 fournir des solutions et un soutien pour vos projets. Prenez contact avec nous d\u00e8s aujourd'hui !","og_url":"https:\/\/initechinfo.com\/fr\/contact\/","og_site_name":"iniTECH","article_modified_time":"2025-01-28T11:57:03+00:00","twitter_card":"summary_large_image","twitter_misc":{"Dur\u00e9e de lecture estim\u00e9e":"1 minute"},"schema":{"@context":"https:\/\/schema.org","@graph":[{"@type":"WebPage","@id":"https:\/\/initechinfo.com\/fr\/contact\/","url":"https:\/\/initechinfo.com\/fr\/contact\/","name":"Contact &#187; iniTECH","isPartOf":{"@id":"https:\/\/initechinfo.com\/fr\/#website"},"datePublished":"2016-02-07T15:05:39+00:00","dateModified":"2025-01-28T11:57:03+00:00","description":"Contactez iniTECH pour discuter de vos besoins en mati\u00e8re d'ing\u00e9nierie et de fabrication. Notre \u00e9quipe est pr\u00eate \u00e0 fournir des solutions et un soutien pour vos projets. Prenez contact avec nous d\u00e8s aujourd'hui !","breadcrumb":{"@id":"https:\/\/initechinfo.com\/fr\/contact\/#breadcrumb"},"inLanguage":"fr-FR","potentialAction":[{"@type":"ReadAction","target":["https:\/\/initechinfo.com\/fr\/contact\/"]}]},{"@type":"BreadcrumbList","@id":"https:\/\/initechinfo.com\/fr\/contact\/#breadcrumb","itemListElement":[{"@type":"ListItem","position":1,"name":"Home","item":"https:\/\/initechinfo.com\/fr\/"},{"@type":"ListItem","position":2,"name":"Contact"}]},{"@type":"WebSite","@id":"https:\/\/initechinfo.com\/fr\/#website","url":"https:\/\/initechinfo.com\/fr\/","name":"iniTECH","description":"","potentialAction":[{"@type":"SearchAction","target":{"@type":"EntryPoint","urlTemplate":"https:\/\/initechinfo.com\/fr\/?s={search_term_string}"},"query-input":{"@type":"PropertyValueSpecification","valueRequired":true,"valueName":"search_term_string"}}],"inLanguage":"fr-FR"}]}},"_links":{"self":[{"href":"https:\/\/initechinfo.com\/fr\/wp-json\/wp\/v2\/pages\/3831","targetHints":{"allow":["GET"]}}],"collection":[{"href":"https:\/\/initechinfo.com\/fr\/wp-json\/wp\/v2\/pages"}],"about":[{"href":"https:\/\/initechinfo.com\/fr\/wp-json\/wp\/v2\/types\/page"}],"author":[{"embeddable":true,"href":"https:\/\/initechinfo.com\/fr\/wp-json\/wp\/v2\/users\/1"}],"replies":[{"embeddable":true,"href":"https:\/\/initechinfo.com\/fr\/wp-json\/wp\/v2\/comments?post=3831"}],"version-history":[{"count":6,"href":"https:\/\/initechinfo.com\/fr\/wp-json\/wp\/v2\/pages\/3831\/revisions"}],"predecessor-version":[{"id":4199,"href":"https:\/\/initechinfo.com\/fr\/wp-json\/wp\/v2\/pages\/3831\/revisions\/4199"}],"wp:attachment":[{"href":"https:\/\/initechinfo.com\/fr\/wp-json\/wp\/v2\/media?parent=3831"}],"curies":[{"name":"wp","href":"https:\/\/api.w.org\/{rel}","templated":true}]}}