{"id":3834,"date":"2024-08-23T08:00:58","date_gmt":"2024-08-23T12:00:58","guid":{"rendered":"https:\/\/dev.initechinfo.com\/ia-et-fabrication-par-lots\/"},"modified":"2025-09-16T10:46:30","modified_gmt":"2025-09-16T14:46:30","slug":"ia-et-fabrication-par-lots","status":"publish","type":"page","link":"https:\/\/initechinfo.com\/fr\/ia-et-fabrication-par-lots\/","title":{"rendered":"IA &amp; Batch Manufacturing"},"content":{"rendered":"<div class=\"wpb-content-wrapper\"><p>[vc_row][vc_column]<div id=\"ultimate-heading-678969e049e13e496\" class=\"uvc-heading ult-adjust-bottom-margin ultimate-heading-678969e049e13e496 uvc-6229  uvc-heading-default-font-sizes\" data-hspacer=\"no_spacer\"  data-halign=\"center\" style=\"text-align:center\"><div class=\"uvc-heading-spacer no_spacer\" style=\"top\"><\/div><div class=\"uvc-main-heading ult-responsive\"  data-ultimate-target='.uvc-heading.ultimate-heading-678969e049e13e496 h2'  data-responsive-json-new='{\"font-size\":\"\",\"line-height\":\"\"}' ><h2 style=\"--font-weight:theme;\">\u00cates-vous pr\u00eat pour la prochaine r\u00e9volution de l&apos;IA ?<\/h2><\/div><\/div>[vc_empty_space height=\u00a0\u00bb60&Prime;][vc_row_inner][vc_column_inner width=\u00a0\u00bb1\/2&Prime;][vc_column_text css=\u00a0\u00bb\u00a0\u00bb]Bien avant l&rsquo;arriv\u00e9e de l&rsquo;industrie 4.0, iniTECH \u00e9tait le pionnier de l&rsquo;apprentissage automatique int\u00e9gr\u00e9 et de l&rsquo;IoT. Cet h\u00e9ritage a jet\u00e9 les bases qui ont permis \u00e0 l&rsquo;entreprise d&rsquo;occuper un statut de pr\u00e9curseur dans le domaine de la production moderne, plus particuli\u00e8rement aujourd&rsquo;hui, alors qu&rsquo;elle s&rsquo;appr\u00eate \u00e0 \u00eatre red\u00e9finie une fois de plus, cette fois-ci par des transformations bas\u00e9es sur l&rsquo;IA. <\/p>\n<p>Et si l&rsquo;on a beaucoup parl\u00e9 de l&rsquo;IoT pendant l&rsquo;\u00e8re de l&rsquo;industrie 4.0, il s&rsquo;agissait en fin de compte de se connecter \u00e0 des syst\u00e8mes externes.<\/p>\n<p>Aujourd&rsquo;hui, alors que l&rsquo;industrie 5.0 approche \u00e0 grands pas, l&rsquo;industrie s&rsquo;\u00e9loigne de la connectivit\u00e9 externe, car elle a laiss\u00e9 trop d&rsquo;usines \u00eatre expos\u00e9es \u00e0 la menace croissante des piratages. Ne manquez pas la prochaine g\u00e9n\u00e9ration de robots assist\u00e9s par l&rsquo;IA, des robots collaboratifs aux robots humano\u00efdes et bien plus encore.[\/vc_column_text][\/vc_column_inner][vc_column_inner width=\u00a0\u00bb1\/2&Prime;]<div id=\"ultimate-video-192969e049e13e631\" class=\"ult-video  ult-adjust-bottom-margin ultimate-video-192969e049e13e631 ultv-9731 \"><div class=\"ultv-video ultv-aspect-ratio-16_9 ultv-subscribe-responsive-none\" data-videotype=\"uv_iframe\">\n\t\t\t\t\t\t<div class=\"ultv-video__outer-wrap\" data-autoplay=\"0\" data-device=\"false\"  data-iconbg=\"#3A3A3A\" data-overcolor=\"\" data-defaultbg=\"#1f1f1e\" data-defaultplay=\"defaulticon\"><div class=\"ultv-video__play\" data-src=\"https:\/\/www.youtube.com\/embed\/pWiqIvDvES4?rel=0&#038;start&#038;end&#038;controls=1&#038;mute=0&#038;modestbranding=0&#038;autoplay=1\">\n\t\t\t\t\t\t\t\t<img decoding=\"async\" class=\"ultv-video__thumb\" src=\"https:\/\/initechinfo.com\/wp-content\/uploads\/2024\/10\/ai_driven_shift_initech_2-1.jpg\"\/>\n\t\t\t\t\t\t\t\t<div class=\"ultv-video__play-icon  ultv-animation-none\" style=\"width:75px\"><svg height=\"100%\" version=\"1.1\" viewBox=\"0 0 68 48\" width=\"100%\"><path class=\"ultv-youtube-icon-bg\" d=\"m .66,37.62 c 0,0 .66,4.70 2.70,6.77 2.58,2.71 5.98,2.63 7.49,2.91 5.43,.52 23.10,.68 23.12,.68 .00,-1.3e-5 14.29,-0.02 23.81,-0.71 1.32,-0.15 4.22,-0.17 6.81,-2.89 2.03,-2.07 2.70,-6.77 2.70,-6.77 0,0 .67,-5.52 .67,-11.04 l 0,-5.17 c 0,-5.52 -0.67,-11.04 -0.67,-11.04 0,0 -0.66,-4.70 -2.70,-6.77 C 62.03,.86 59.13,.84 57.80,.69 48.28,0 34.00,0 34.00,0 33.97,0 19.69,0 10.18,.69 8.85,.84 5.95,.86 3.36,3.58 1.32,5.65 .66,10.35 .66,10.35 c 0,0 -0.55,4.50 -0.66,9.45 l 0,8.36 c .10,4.94 .66,9.45 .66,9.45 z\" fill=\"#1f1f1e\" ><\/path><path d=\"m 26.96,13.67 18.37,9.62 -18.37,9.55 -0.00,-19.17 z\" fill=\"#fff\"><\/path><path d=\"M 45.02,23.46 45.32,23.28 26.96,13.67 43.32,22.34 45.02,23.46 z\" fill=\"#ccc\"><\/path><\/svg><\/div> <\/div> <\/div><\/div><\/div>[\/vc_column_inner][\/vc_row_inner][\/vc_column][\/vc_row][vc_row type=\u00a0\u00bbvc_default\u00a0\u00bb content_placement=\u00a0\u00bbmiddle\u00a0\u00bb][vc_column][vc_empty_space height=\u00a0\u00bb80&Prime;][\/vc_column][\/vc_row][vc_row][vc_column][vc_row_inner][vc_column_inner]<q class=\"text-big pulse animate-element shortcode-pullquote wf-cell align-left wf-1\"><h3><span style=\"font-size: 50px;\">\u00ab\u00a0<\/span>L&rsquo;avenir de l&rsquo;IA dans l&rsquo;industrie est une question ouverte. Les possibilit\u00e9s sont infinies et commencent tout juste \u00e0 \u00eatre fa\u00e7onn\u00e9es par ceux d&rsquo;entre nous qui se sont pr\u00e9par\u00e9s et \u00e9quip\u00e9s pour ce moment. Nous sommes ravis de participer \u00e0 cette nouvelle r\u00e9volution industrielle stimulante.<span style=\"font-size: 50px;\">\u00ab\u00a0<\/span>  <\/h3>\n<p>Rich DiBernardo &#8211; Directeur g\u00e9n\u00e9ral<\/p>\n<\/q>[\/vc_column_inner][\/vc_row_inner][\/vc_column][\/vc_row][vc_row type=\u00a0\u00bbvc_default\u00a0\u00bb content_placement=\u00a0\u00bbmiddle\u00a0\u00bb][vc_column][vc_empty_space height=\u00a0\u00bb80&Prime;][\/vc_column][\/vc_row][vc_row type=\u00a0\u00bbvc_default\u00a0\u00bb content_placement=\u00a0\u00bbmiddle\u00a0\u00bb el_class=\u00a0\u00bbnm-row-flex-col-reverse\u00a0\u00bb][vc_column width=\u00a0\u00bb1\/2&Prime;][vc_column_text css=\u00a0\u00bb\u00a0\u00bb]Avec la r\u00e9volution industrielle de l&rsquo;IA qui s&rsquo;annonce, il est vital que nous nous pr\u00e9parions avec une infrastructure num\u00e9rique et des donn\u00e9es compl\u00e8tes qui permettront \u00e0 l&rsquo;imminente transformation IA de prosp\u00e9rer. iniTECH est au premier plan pour pr\u00e9parer le monde industriel en proposant des syst\u00e8mes interconnect\u00e9s complets con\u00e7us pour la r\u00e9volution industrielle \u00e0 venir. <\/p>\n<p>Tout commence par la mise en place d&rsquo;une infrastructure num\u00e9rique. Le flux de donn\u00e9es bidirectionnel permet un \u00e9change libre d&rsquo;informations entre l&rsquo;usine et l&rsquo;IA. Il relie tous les \u00e9quipements dot\u00e9s de capacit\u00e9s de communication au syst\u00e8me d&rsquo;int\u00e9gration des donn\u00e9es et \u00e9limine la n\u00e9cessit\u00e9 d&rsquo;une saisie manuelle des donn\u00e9es, ce qui r\u00e9duit consid\u00e9rablement les d\u00e9lais d&rsquo;ex\u00e9cution et les erreurs humaines.[\/vc_column_text][\/vc_column][vc_column width=\u00a0\u00bb1\/2&Prime;][vc_single_image image=\u00a0\u00bb2801&Prime; img_size=\u00a0\u00bblarge\u00a0\u00bb alignment=\u00a0\u00bbcenter\u00a0\u00bb css=\u00a0\u00bb\u00a0\u00bb el_class=\u00a0\u00bbmax_width_500&Prime;][\/vc_column][\/vc_row][vc_row][vc_column][vc_empty_space height=\u00a0\u00bb60&Prime;][\/vc_column][\/vc_row][vc_row][vc_column][vc_empty_space height=\u00a0\u00bb40&Prime;]<div id=\"ultimate-heading-470269e049e13fcff\" class=\"uvc-heading ult-adjust-bottom-margin ultimate-heading-470269e049e13fcff uvc-2771  uvc-heading-default-font-sizes\" data-hspacer=\"no_spacer\"  data-halign=\"center\" style=\"text-align:center\"><div class=\"uvc-heading-spacer no_spacer\" style=\"top\"><\/div><div class=\"uvc-main-heading ult-responsive\"  data-ultimate-target='.uvc-heading.ultimate-heading-470269e049e13fcff h2'  data-responsive-json-new='{\"font-size\":\"\",\"line-height\":\"\"}' ><h2 style=\"--font-weight:theme;color:#fbae70;\">Etre le pionnier d&apos;un chemin encore inexplor\u00e9<\/h2><\/div><\/div>[vc_empty_space height=\u00a0\u00bb60&Prime;][vc_row_inner content_placement=\u00a0\u00bbmiddle\u00a0\u00bb][vc_column_inner width=\u00a0\u00bb1\/2&Prime;][vc_column_text css=\u00a0\u00bb\u00a0\u00bb]Aujourd&rsquo;hui, l&rsquo;\u00e9quipe iniTECH travaille sur une suite compl\u00e8te d&rsquo;outils IA, notamment notre outil exclusif d&rsquo;analyse des donn\u00e9es par IA, qui peut d\u00e9limiter des quantit\u00e9s massives de donn\u00e9es pour aider \u00e0 la prise de d\u00e9cision rentable et rationnelle. D&rsquo;autres outils sont en cours d&rsquo;\u00e9laboration, notamment un outil de s\u00e9chage par pulv\u00e9risation assist\u00e9 par IA et un puissant outil de conception d&rsquo;usine Lean optimis\u00e9 par l&rsquo;AI. <\/p>\n<p>R\u00e9cemment, iniTECH a \u00e9t\u00e9 fier de participer au premier sommet annuel de l&rsquo;IA du New Jersey, organis\u00e9 par l&rsquo;administration du gouverneur Phil Murphy et l&rsquo;universit\u00e9 de Princeton. Notre \u00e9quipe a eu l&rsquo;honneur d&rsquo;\u00eatre la seule soci\u00e9t\u00e9 d&rsquo;ing\u00e9nierie invit\u00e9e \u00e0 l&rsquo;\u00e9v\u00e8nement et nous attendons avec impatience les nouveaux outils d&rsquo;IA r\u00e9volutionnaires qui en d\u00e9couleront.[\/vc_column_text][\/vc_column_inner][vc_column_inner width=\u00a0\u00bb1\/2&Prime;][vc_single_image image=\u00a0\u00bb2803&Prime; img_size=\u00a0\u00bblarge\u00a0\u00bb alignment=\u00a0\u00bbcenter\u00a0\u00bb css=\u00a0\u00bb\u00a0\u00bb el_class=\u00a0\u00bbmax_width_500&Prime;][\/vc_column_inner][\/vc_row_inner][\/vc_column][\/vc_row][vc_row][vc_column][vc_empty_space height=\u00a0\u00bb80&Prime;][\/vc_column][\/vc_row][vc_row type=\u00a0\u00bbvc_default\u00a0\u00bb bg_type=\u00a0\u00bbimage\u00a0\u00bb parallax_style=\u00a0\u00bbvcpb-hz-jquery\u00a0\u00bb bg_image_new=\u00a0\u00bbid^1611|url^https:\/\/initech.boatparty.pl\/wp-content\/uploads\/2016\/02\/bg-mem.png|caption^null|alt^null|title^bg-mem|description^null\u00a0\u00bb bg_image_size=\u00a0\u00bbinitial\u00a0\u00bb parallax_sense=\u00a0\u00bb40&Prime; bg_override=\u00a0\u00bbex-full\u00a0\u00bb css=\u00a0\u00bb.vc_custom_1733912427367{padding-top: 70px !important;padding-bottom: 75px !important;background-color: #1c66a0 !important;}\u00a0\u00bb el_class=\u00a0\u00bbai_learn_more\u00a0\u00bb][vc_column width=\u00a0\u00bb5\/6&Prime; offset=\u00a0\u00bbvc_col-lg-offset-2 vc_col-lg-8 vc_col-md-offset-1 vc_col-md-10 vc_col-sm-offset-1&Prime;][vc_single_image image=\u00a0\u00bb2245&Prime; img_size=\u00a0\u00bbfull\u00a0\u00bb alignment=\u00a0\u00bbcenter\u00a0\u00bb css=\u00a0\u00bb\u00a0\u00bb][vc_empty_space height=\u00a0\u00bb25&Prime;]<div id=\"ultimate-heading-214069e049e13fdf5\" class=\"uvc-heading ult-adjust-bottom-margin ultimate-heading-214069e049e13fdf5 uvc-3503 \" data-hspacer=\"no_spacer\"  data-halign=\"center\" style=\"text-align:center\"><div class=\"uvc-heading-spacer no_spacer\" style=\"top\"><\/div><div class=\"uvc-sub-heading ult-responsive\"  data-ultimate-target='.uvc-heading.ultimate-heading-214069e049e13fdf5 .uvc-sub-heading '  data-responsive-json-new='{\"font-size\":\"desktop:40px;mobile_landscape:44px;\",\"line-height\":\"desktop:48px;mobile_landscape:54px;\"}'  style=\"font-family:&#039;Roboto Condensed&#039;;font-weight:bold;color:#ffffff;margin-bottom:40px;\">Pour en savoir plus sur la mani\u00e8re dont nous pouvons vous aider \u00e0 vous pr\u00e9parer \u00e0 la prochaine \u00e8re industrielle, contactez-nous \u00e0 tout moment.<\/p>\n<p>Nous sommes toujours heureux de discuter de vos d\u00e9fis, petits ou grands. C&rsquo;est notre raison d&rsquo;\u00eatre.<\/div><\/div>[vc_empty_space height=\u00a0\u00bb20&Prime;]<div class=\" vc_custom_1728420322883 ubtn-ctn-center \"><a class=\"ubtn-link ult-adjust-bottom-margin ubtn-center ubtn-large \" href=\"\/contact\" ><button type=\"button\" id=\"ubtn-1373\"  class=\"ubtn ult-adjust-bottom-margin ult-responsive ubtn-large ubtn-no-hover-bg  none  ubtn-center   tooltip-69e049e13feb6\"  data-hover=\"#fbae70\" data-border-color=\"\" data-bg=\"#ffffff\" data-hover-bg=\"#ffffff\" data-border-hover=\"\" data-shadow-hover=\"\" data-shadow-click=\"none\" data-shadow=\"\" data-shd-shadow=\"\"  data-ultimate-target='#ubtn-1373'  data-responsive-json-new='{\"font-size\":\"desktop:24px;\",\"line-height\":\"desktop:34px;\"}'  style=\"font-family:&#039;Roboto Condensed&#039;;font-weight:bold;border:none;background: #ffffff;color: #1c66a0;\"><span class=\"ubtn-hover\" style=\"background-color:#ffffff\"><\/span><span class=\"ubtn-data ubtn-text \" >Lancez un projet avec nous !<\/span><\/button><\/a><\/div>[\/vc_column][\/vc_row]<\/p>\n<\/div>","protected":false},"excerpt":{"rendered":"<p>[vc_row][vc_column][vc_empty_space height=\u00a0\u00bb60&Prime;][vc_row_inner][vc_column_inner width=\u00a0\u00bb1\/2&Prime;][vc_column_text css=\u00a0\u00bb\u00a0\u00bb]Bien avant l&rsquo;arriv\u00e9e de l&rsquo;industrie 4.0, iniTECH \u00e9tait le pionnier de l&rsquo;apprentissage automatique int\u00e9gr\u00e9 et de l&rsquo;IoT. Cet h\u00e9ritage a jet\u00e9 les bases qui ont permis \u00e0 l&rsquo;entreprise d&rsquo;occuper un statut de pr\u00e9curseur dans le domaine de la production moderne, plus particuli\u00e8rement aujourd&rsquo;hui, alors qu&rsquo;elle s&rsquo;appr\u00eate \u00e0 \u00eatre red\u00e9finie une fois de&hellip;<\/p>\n","protected":false},"author":1,"featured_media":0,"parent":0,"menu_order":0,"comment_status":"closed","ping_status":"closed","template":"","meta":{"footnotes":""},"class_list":["post-3834","page","type-page","status-publish","hentry","description-off"],"yoast_head":"<!-- This site is optimized with the Yoast SEO plugin v26.6 - https:\/\/yoast.com\/wordpress\/plugins\/seo\/ -->\n<title>Solutions IA pour la production par lots &#187; iniTECH<\/title>\n<meta name=\"description\" content=\"D\u00e9couvrez comment iniTECH utilise l&#039;IA pour transformer la production par lots. Nos solutions am\u00e9liorent l&#039;efficacit\u00e9 et optimisent vos processus pour relever les d\u00e9fis de la production moderne.\" \/>\n<meta name=\"robots\" content=\"index, follow, max-snippet:-1, max-image-preview:large, max-video-preview:-1\" \/>\n<link rel=\"canonical\" href=\"https:\/\/initechinfo.com\/fr\/ia-et-fabrication-par-lots\/\" \/>\n<meta property=\"og:locale\" content=\"fr_FR\" \/>\n<meta property=\"og:type\" content=\"article\" \/>\n<meta property=\"og:title\" content=\"Solutions IA pour la production par lots &#187; iniTECH\" \/>\n<meta property=\"og:description\" content=\"D\u00e9couvrez comment iniTECH utilise l&#039;IA pour transformer la production par lots. Nos solutions am\u00e9liorent l&#039;efficacit\u00e9 et optimisent vos processus pour relever les d\u00e9fis de la production moderne.\" \/>\n<meta property=\"og:url\" content=\"https:\/\/initechinfo.com\/fr\/ia-et-fabrication-par-lots\/\" \/>\n<meta property=\"og:site_name\" content=\"iniTECH\" \/>\n<meta property=\"article:modified_time\" content=\"2025-09-16T14:46:30+00:00\" \/>\n<meta name=\"twitter:card\" content=\"summary_large_image\" \/>\n<meta name=\"twitter:label1\" content=\"Dur\u00e9e de lecture estim\u00e9e\" \/>\n\t<meta name=\"twitter:data1\" content=\"3 minutes\" \/>\n<script type=\"application\/ld+json\" class=\"yoast-schema-graph\">{\"@context\":\"https:\/\/schema.org\",\"@graph\":[{\"@type\":\"WebPage\",\"@id\":\"https:\/\/initechinfo.com\/fr\/ia-et-fabrication-par-lots\/\",\"url\":\"https:\/\/initechinfo.com\/fr\/ia-et-fabrication-par-lots\/\",\"name\":\"Solutions IA pour la production par lots &#187; iniTECH\",\"isPartOf\":{\"@id\":\"https:\/\/initechinfo.com\/fr\/#website\"},\"datePublished\":\"2024-08-23T12:00:58+00:00\",\"dateModified\":\"2025-09-16T14:46:30+00:00\",\"description\":\"D\u00e9couvrez comment iniTECH utilise l'IA pour transformer la production par lots. Nos solutions am\u00e9liorent l'efficacit\u00e9 et optimisent vos processus pour relever les d\u00e9fis de la production moderne.\",\"breadcrumb\":{\"@id\":\"https:\/\/initechinfo.com\/fr\/ia-et-fabrication-par-lots\/#breadcrumb\"},\"inLanguage\":\"fr-FR\",\"potentialAction\":[{\"@type\":\"ReadAction\",\"target\":[\"https:\/\/initechinfo.com\/fr\/ia-et-fabrication-par-lots\/\"]}]},{\"@type\":\"BreadcrumbList\",\"@id\":\"https:\/\/initechinfo.com\/fr\/ia-et-fabrication-par-lots\/#breadcrumb\",\"itemListElement\":[{\"@type\":\"ListItem\",\"position\":1,\"name\":\"Home\",\"item\":\"https:\/\/initechinfo.com\/fr\/\"},{\"@type\":\"ListItem\",\"position\":2,\"name\":\"IA &amp; Batch Manufacturing\"}]},{\"@type\":\"WebSite\",\"@id\":\"https:\/\/initechinfo.com\/fr\/#website\",\"url\":\"https:\/\/initechinfo.com\/fr\/\",\"name\":\"iniTECH\",\"description\":\"\",\"potentialAction\":[{\"@type\":\"SearchAction\",\"target\":{\"@type\":\"EntryPoint\",\"urlTemplate\":\"https:\/\/initechinfo.com\/fr\/?s={search_term_string}\"},\"query-input\":{\"@type\":\"PropertyValueSpecification\",\"valueRequired\":true,\"valueName\":\"search_term_string\"}}],\"inLanguage\":\"fr-FR\"}]}<\/script>\n<!-- \/ Yoast SEO plugin. -->","yoast_head_json":{"title":"Solutions IA pour la production par lots &#187; iniTECH","description":"D\u00e9couvrez comment iniTECH utilise l'IA pour transformer la production par lots. Nos solutions am\u00e9liorent l'efficacit\u00e9 et optimisent vos processus pour relever les d\u00e9fis de la production moderne.","robots":{"index":"index","follow":"follow","max-snippet":"max-snippet:-1","max-image-preview":"max-image-preview:large","max-video-preview":"max-video-preview:-1"},"canonical":"https:\/\/initechinfo.com\/fr\/ia-et-fabrication-par-lots\/","og_locale":"fr_FR","og_type":"article","og_title":"Solutions IA pour la production par lots &#187; iniTECH","og_description":"D\u00e9couvrez comment iniTECH utilise l'IA pour transformer la production par lots. Nos solutions am\u00e9liorent l'efficacit\u00e9 et optimisent vos processus pour relever les d\u00e9fis de la production moderne.","og_url":"https:\/\/initechinfo.com\/fr\/ia-et-fabrication-par-lots\/","og_site_name":"iniTECH","article_modified_time":"2025-09-16T14:46:30+00:00","twitter_card":"summary_large_image","twitter_misc":{"Dur\u00e9e de lecture estim\u00e9e":"3 minutes"},"schema":{"@context":"https:\/\/schema.org","@graph":[{"@type":"WebPage","@id":"https:\/\/initechinfo.com\/fr\/ia-et-fabrication-par-lots\/","url":"https:\/\/initechinfo.com\/fr\/ia-et-fabrication-par-lots\/","name":"Solutions IA pour la production par lots &#187; iniTECH","isPartOf":{"@id":"https:\/\/initechinfo.com\/fr\/#website"},"datePublished":"2024-08-23T12:00:58+00:00","dateModified":"2025-09-16T14:46:30+00:00","description":"D\u00e9couvrez comment iniTECH utilise l'IA pour transformer la production par lots. Nos solutions am\u00e9liorent l'efficacit\u00e9 et optimisent vos processus pour relever les d\u00e9fis de la production moderne.","breadcrumb":{"@id":"https:\/\/initechinfo.com\/fr\/ia-et-fabrication-par-lots\/#breadcrumb"},"inLanguage":"fr-FR","potentialAction":[{"@type":"ReadAction","target":["https:\/\/initechinfo.com\/fr\/ia-et-fabrication-par-lots\/"]}]},{"@type":"BreadcrumbList","@id":"https:\/\/initechinfo.com\/fr\/ia-et-fabrication-par-lots\/#breadcrumb","itemListElement":[{"@type":"ListItem","position":1,"name":"Home","item":"https:\/\/initechinfo.com\/fr\/"},{"@type":"ListItem","position":2,"name":"IA &amp; Batch Manufacturing"}]},{"@type":"WebSite","@id":"https:\/\/initechinfo.com\/fr\/#website","url":"https:\/\/initechinfo.com\/fr\/","name":"iniTECH","description":"","potentialAction":[{"@type":"SearchAction","target":{"@type":"EntryPoint","urlTemplate":"https:\/\/initechinfo.com\/fr\/?s={search_term_string}"},"query-input":{"@type":"PropertyValueSpecification","valueRequired":true,"valueName":"search_term_string"}}],"inLanguage":"fr-FR"}]}},"_links":{"self":[{"href":"https:\/\/initechinfo.com\/fr\/wp-json\/wp\/v2\/pages\/3834","targetHints":{"allow":["GET"]}}],"collection":[{"href":"https:\/\/initechinfo.com\/fr\/wp-json\/wp\/v2\/pages"}],"about":[{"href":"https:\/\/initechinfo.com\/fr\/wp-json\/wp\/v2\/types\/page"}],"author":[{"embeddable":true,"href":"https:\/\/initechinfo.com\/fr\/wp-json\/wp\/v2\/users\/1"}],"replies":[{"embeddable":true,"href":"https:\/\/initechinfo.com\/fr\/wp-json\/wp\/v2\/comments?post=3834"}],"version-history":[{"count":24,"href":"https:\/\/initechinfo.com\/fr\/wp-json\/wp\/v2\/pages\/3834\/revisions"}],"predecessor-version":[{"id":4810,"href":"https:\/\/initechinfo.com\/fr\/wp-json\/wp\/v2\/pages\/3834\/revisions\/4810"}],"wp:attachment":[{"href":"https:\/\/initechinfo.com\/fr\/wp-json\/wp\/v2\/media?parent=3834"}],"curies":[{"name":"wp","href":"https:\/\/api.w.org\/{rel}","templated":true}]}}