{"id":3835,"date":"2024-09-09T10:38:04","date_gmt":"2024-09-09T14:38:04","guid":{"rendered":"https:\/\/dev.initechinfo.com\/chariot-standard\/"},"modified":"2025-09-16T10:47:06","modified_gmt":"2025-09-16T14:47:06","slug":"chariot-standard","status":"publish","type":"page","link":"https:\/\/initechinfo.com\/fr\/chariots-mobiles\/chariot-standard\/","title":{"rendered":"Chariot standard"},"content":{"rendered":"<div class=\"wpb-content-wrapper\"><p>[vc_row type=\u00a0\u00bbvc_default\u00a0\u00bb content_placement=\u00a0\u00bbmiddle\u00a0\u00bb][vc_column width=\u00a0\u00bb1\/2&Prime;]<div id=\"ultimate-video-132969e07a46c3129\" class=\"ult-video  ult-adjust-bottom-margin ultimate-video-132969e07a46c3129 ultv-4549 \"><div class=\"ultv-video ultv-aspect-ratio-16_9 ultv-subscribe-responsive-none\" data-videotype=\"uv_iframe\">\n\t\t\t\t\t\t<div class=\"ultv-video__outer-wrap\" data-autoplay=\"0\" data-device=\"false\"  data-iconbg=\"#3A3A3A\" data-overcolor=\"\" data-defaultbg=\"#1f1f1e\" data-defaultplay=\"defaulticon\"><div class=\"ultv-video__play\" data-src=\"https:\/\/www.youtube.com\/embed\/Htg9Kt256mk?rel=0&#038;start&#038;end&#038;controls=1&#038;mute=0&#038;modestbranding=0&#038;autoplay=1\">\n\t\t\t\t\t\t\t\t<img decoding=\"async\" class=\"ultv-video__thumb\" src=\"https:\/\/initechinfo.com\/wp-content\/uploads\/2025\/07\/standard-cart.jpg\"\/>\n\t\t\t\t\t\t\t\t<div class=\"ultv-video__play-icon  ultv-animation-none\" style=\"width:75px\"><svg height=\"100%\" version=\"1.1\" viewBox=\"0 0 68 48\" width=\"100%\"><path class=\"ultv-youtube-icon-bg\" d=\"m .66,37.62 c 0,0 .66,4.70 2.70,6.77 2.58,2.71 5.98,2.63 7.49,2.91 5.43,.52 23.10,.68 23.12,.68 .00,-1.3e-5 14.29,-0.02 23.81,-0.71 1.32,-0.15 4.22,-0.17 6.81,-2.89 2.03,-2.07 2.70,-6.77 2.70,-6.77 0,0 .67,-5.52 .67,-11.04 l 0,-5.17 c 0,-5.52 -0.67,-11.04 -0.67,-11.04 0,0 -0.66,-4.70 -2.70,-6.77 C 62.03,.86 59.13,.84 57.80,.69 48.28,0 34.00,0 34.00,0 33.97,0 19.69,0 10.18,.69 8.85,.84 5.95,.86 3.36,3.58 1.32,5.65 .66,10.35 .66,10.35 c 0,0 -0.55,4.50 -0.66,9.45 l 0,8.36 c .10,4.94 .66,9.45 .66,9.45 z\" fill=\"#1f1f1e\" ><\/path><path d=\"m 26.96,13.67 18.37,9.62 -18.37,9.55 -0.00,-19.17 z\" fill=\"#fff\"><\/path><path d=\"M 45.02,23.46 45.32,23.28 26.96,13.67 43.32,22.34 45.02,23.46 z\" fill=\"#ccc\"><\/path><\/svg><\/div> <\/div> <\/div><\/div><\/div>[\/vc_column][vc_column width=\u00a0\u00bb1\/2&Prime;][vc_column_text css=\u00a0\u00bb\u00a0\u00bb]Ce chariot de dosage \u00e0 double balance a \u00e9t\u00e9 le premier de la flotte mobile d&rsquo;iniTECH. Introduit en 2007 et continuellement am\u00e9lior\u00e9 au fil des ans, ce chariot est con\u00e7u pour r\u00e9sister \u00e0 des d\u00e9cennies d&rsquo;utilisation quotidienne. Il peut effectuer des dosages pr\u00e9cis de 1g \u00e0 40kg et dispose d&rsquo;une batterie avec une autonomie de +30 heures, pour qu&rsquo;il ne soit pas n\u00e9cessaire de la recharger en cours de poste. Cette station de travail mobile robuste tout-en-un est enti\u00e8rement fabriqu\u00e9e en acier inoxydable et a \u00e9t\u00e9 con\u00e7ue pour une utilisation et un nettoyage faciles. Il s&rsquo;agit d&rsquo;un chariot sans moteur, aliment\u00e9 par pouss\u00e9e et tr\u00e8s facile \u00e0 man\u0153uvrer, ce qui en fait le chariot mobile id\u00e9al pour n&rsquo;importe quelle usine.[\/vc_column_text][\/vc_column][\/vc_row][vc_row][vc_column][vc_empty_space height=\u00a0\u00bb40&Prime;]<div id=\"ultimate-heading-798869e07a46c4a46\" class=\"uvc-heading ult-adjust-bottom-margin ultimate-heading-798869e07a46c4a46 uvc-1857  uvc-heading-default-font-sizes\" data-hspacer=\"no_spacer\"  data-halign=\"center\" style=\"text-align:center\"><div class=\"uvc-heading-spacer no_spacer\" style=\"top\"><\/div><div class=\"uvc-main-heading ult-responsive\"  data-ultimate-target='.uvc-heading.ultimate-heading-798869e07a46c4a46 h2'  data-responsive-json-new='{\"font-size\":\"\",\"line-height\":\"\"}' ><h2 style=\"--font-weight:theme;\">Caract\u00e9ristiques<\/h2><\/div><\/div>[vc_empty_space height=\u00a0\u00bb60&Prime;][vc_row_inner][vc_column_inner width=\u00a0\u00bb1\/2&Prime;]<div class=\"standard-arrow bullet-top\"><ul>\n<li>Construit selon les <strong>normes GMP<\/strong><\/li>\n<li>Facile \u00e0 nettoyer, <strong>conception protectrice en acier inoxydable<\/strong>, choix de 304 ou 316<\/li>\n<li><strong>Roues<\/strong> de 8 pouces verrouillables, antid\u00e9rapantes, r\u00e9sistantes aux produits chimiques et robustes<\/li>\n<li>Capacit\u00e9 <strong>Wi-Fi\/Bluetooth<\/strong><\/li>\n<li>Int\u00e9gration avec <strong>tous les syst\u00e8mes MES<\/strong><\/li>\n<li><strong>Balances Mettler Toledo <\/strong> \u00e0 double fixation (1 petite, 1 grande)<\/li>\n<li><strong>Ordinateur<\/strong> de classe pharmaceutique en acier inoxydable NEMA4X , mont\u00e9 sur pivot<\/li>\n<\/ul>\n<\/div>[\/vc_column_inner][vc_column_inner width=\u00a0\u00bb1\/2&Prime;]<div class=\"standard-arrow bullet-top\"><ul>\n<li><strong>Batteries<\/strong> l\u00e9g\u00e8res au phosphate de fer lithium<\/li>\n<li>R\u00e9cipient \u00e0 <strong>ordures<\/strong><\/li>\n<li><strong>Porte-bo\u00eete \u00e0 gants<\/strong> en latex<\/li>\n<li><strong>Scanner manuel<\/strong> de qualit\u00e9 industrielle (standard)<\/li>\n<li><strong>Scanner portable<\/strong> (en option)<\/li>\n<li><strong> Batteries<\/strong> \u00e9changeables \u00e0 chaud (en option)<\/li>\n<\/ul>\n<\/div>[\/vc_column_inner][\/vc_row_inner][vc_row_inner][vc_column_inner][vc_empty_space height=\u00a0\u00bb60&Prime;][\/vc_column_inner][\/vc_row_inner][\/vc_column][\/vc_row][vc_row][vc_column]<div id=\"ultimate-heading-742469e07a46c4e18\" class=\"uvc-heading ult-adjust-bottom-margin ultimate-heading-742469e07a46c4e18 uvc-3636  uvc-heading-default-font-sizes\" data-hspacer=\"no_spacer\"  data-halign=\"center\" style=\"text-align:center\"><div class=\"uvc-heading-spacer no_spacer\" style=\"top\"><\/div><div class=\"uvc-main-heading ult-responsive\"  data-ultimate-target='.uvc-heading.ultimate-heading-742469e07a46c4e18 h2'  data-responsive-json-new='{\"font-size\":\"\",\"line-height\":\"\"}' ><h2 style=\"--font-weight:theme;\">Vous avez besoin de plus d&apos;informations ?<\/h2><\/div><div class=\"uvc-sub-heading ult-responsive\"  data-ultimate-target='.uvc-heading.ultimate-heading-742469e07a46c4e18 .uvc-sub-heading '  data-responsive-json-new='{\"font-size\":\"desktop:18px;\",\"line-height\":\"desktop:24px;\"}'  style=\"font-weight:bold;color:#0b3655;\">Contactez nous.<\/div><\/div>[vc_empty_space height=\u00a0\u00bb40&Prime;]<style type=\"text\/css\" data-type=\"the7_shortcodes-inline-css\">#default-btn-0ed152ac68a072f8172bb1db3a14e8f2 {\n  border-radius: 0px;\n  font-size: 14px;\n  line-height: 16px;\n}\n.btn-shadow#default-btn-0ed152ac68a072f8172bb1db3a14e8f2 {\n  box-shadow: 0 1px 6px rgba(0,0,0,0.12);\n  transition: box-shadow 0.2s ease-out, opacity 0.45s;\n}\n.btn-shadow#default-btn-0ed152ac68a072f8172bb1db3a14e8f2:hover {\n  box-shadow: 0 5px 11px 0 rgba(0,0,0,0.18), 0 4px 15px 0 rgba(0,0,0,0.15);\n}\n.btn-3d#default-btn-0ed152ac68a072f8172bb1db3a14e8f2 {\n  box-shadow: 0px 2px 0px 0px #e58f49;\n}\n.btn-3d#default-btn-0ed152ac68a072f8172bb1db3a14e8f2:hover {\n  box-shadow: 0px 2px 0px 0px #b95f2a;\n}\n.btn-flat#default-btn-0ed152ac68a072f8172bb1db3a14e8f2 {\n  box-shadow: none;\n}\n.btn-flat#default-btn-0ed152ac68a072f8172bb1db3a14e8f2:hover {\n  box-shadow: none;\n}\n#default-btn-0ed152ac68a072f8172bb1db3a14e8f2.ico-right-side > i {\n  margin-right: 0px;\n  margin-left: 8px;\n}\n#default-btn-0ed152ac68a072f8172bb1db3a14e8f2 > i {\n  margin-right: 8px;\n  font-size: 14px;\n}\n#default-btn-0ed152ac68a072f8172bb1db3a14e8f2:not(:hover) {\n  border-width: 0px;\n  background: #fbae70 !important;\n  padding: 11px 18px 11px 18px;\n}\n#default-btn-0ed152ac68a072f8172bb1db3a14e8f2:hover {\n  border-width: 0px;\n  background: #ec7834 !important;\n  padding: 11px 18px 11px 18px;\n}\n#default-btn-0ed152ac68a072f8172bb1db3a14e8f2.ico-right-side > i {\n  margin-right: 0px;\n  margin-left: 8px;\n}\n#default-btn-0ed152ac68a072f8172bb1db3a14e8f2 > i {\n  margin-right: 8px;\n}<\/style><div class=\"btn-align-center\"><a href=\"\/contact\/\" class=\"default-btn-shortcode dt-btn link-hover-off btn-flat  vc_custom_1730831463017\" id=\"default-btn-0ed152ac68a072f8172bb1db3a14e8f2\"><span>Get in Touch<\/span><\/a><\/div>[\/vc_column][\/vc_row]<\/p>\n<\/div>","protected":false},"excerpt":{"rendered":"<p>[vc_row type=\u00a0\u00bbvc_default\u00a0\u00bb content_placement=\u00a0\u00bbmiddle\u00a0\u00bb][vc_column width=\u00a0\u00bb1\/2&Prime;][\/vc_column][vc_column width=\u00a0\u00bb1\/2&Prime;][vc_column_text css=\u00a0\u00bb\u00a0\u00bb]Ce chariot de dosage \u00e0 double balance a \u00e9t\u00e9 le premier de la flotte mobile d&rsquo;iniTECH. Introduit en 2007 et continuellement am\u00e9lior\u00e9 au fil des ans, ce chariot est con\u00e7u pour r\u00e9sister \u00e0 des d\u00e9cennies d&rsquo;utilisation quotidienne. Il peut effectuer des dosages pr\u00e9cis de 1g \u00e0 40kg et dispose d&rsquo;une&hellip;<\/p>\n","protected":false},"author":1,"featured_media":0,"parent":3860,"menu_order":0,"comment_status":"closed","ping_status":"closed","template":"","meta":{"footnotes":""},"class_list":["post-3835","page","type-page","status-publish","hentry","description-off"],"yoast_head":"<!-- This site is optimized with the Yoast SEO plugin v26.6 - https:\/\/yoast.com\/wordpress\/plugins\/seo\/ -->\n<title>Chariot standard &#187; iniTECH<\/title>\n<meta name=\"robots\" content=\"index, follow, max-snippet:-1, max-image-preview:large, max-video-preview:-1\" \/>\n<link rel=\"canonical\" href=\"https:\/\/initechinfo.com\/fr\/chariots-mobiles\/chariot-standard\/\" \/>\n<meta property=\"og:locale\" content=\"fr_FR\" \/>\n<meta property=\"og:type\" content=\"article\" \/>\n<meta property=\"og:title\" content=\"Chariot standard &#187; iniTECH\" \/>\n<meta property=\"og:description\" content=\"[vc_row type=\u00a0\u00bbvc_default\u00a0\u00bb content_placement=\u00a0\u00bbmiddle\u00a0\u00bb][vc_column width=\u00a0\u00bb1\/2&Prime;][\/vc_column][vc_column width=\u00a0\u00bb1\/2&Prime;][vc_column_text css=\u00a0\u00bb\u00a0\u00bb]Ce chariot de dosage \u00e0 double balance a \u00e9t\u00e9 le premier de la flotte mobile d&rsquo;iniTECH. Introduit en 2007 et continuellement am\u00e9lior\u00e9 au fil des ans, ce chariot est con\u00e7u pour r\u00e9sister \u00e0 des d\u00e9cennies d&rsquo;utilisation quotidienne. Il peut effectuer des dosages pr\u00e9cis de 1g \u00e0 40kg et dispose d&rsquo;une&hellip;\" \/>\n<meta property=\"og:url\" content=\"https:\/\/initechinfo.com\/fr\/chariots-mobiles\/chariot-standard\/\" \/>\n<meta property=\"og:site_name\" content=\"iniTECH\" \/>\n<meta property=\"article:modified_time\" content=\"2025-09-16T14:47:06+00:00\" \/>\n<meta name=\"twitter:card\" content=\"summary_large_image\" \/>\n<meta name=\"twitter:label1\" content=\"Dur\u00e9e de lecture estim\u00e9e\" \/>\n\t<meta name=\"twitter:data1\" content=\"2 minutes\" \/>\n<script type=\"application\/ld+json\" class=\"yoast-schema-graph\">{\"@context\":\"https:\/\/schema.org\",\"@graph\":[{\"@type\":\"WebPage\",\"@id\":\"https:\/\/initechinfo.com\/fr\/chariots-mobiles\/chariot-standard\/\",\"url\":\"https:\/\/initechinfo.com\/fr\/chariots-mobiles\/chariot-standard\/\",\"name\":\"Chariot standard &#187; iniTECH\",\"isPartOf\":{\"@id\":\"https:\/\/initechinfo.com\/fr\/#website\"},\"datePublished\":\"2024-09-09T14:38:04+00:00\",\"dateModified\":\"2025-09-16T14:47:06+00:00\",\"breadcrumb\":{\"@id\":\"https:\/\/initechinfo.com\/fr\/chariots-mobiles\/chariot-standard\/#breadcrumb\"},\"inLanguage\":\"fr-FR\",\"potentialAction\":[{\"@type\":\"ReadAction\",\"target\":[\"https:\/\/initechinfo.com\/fr\/chariots-mobiles\/chariot-standard\/\"]}]},{\"@type\":\"BreadcrumbList\",\"@id\":\"https:\/\/initechinfo.com\/fr\/chariots-mobiles\/chariot-standard\/#breadcrumb\",\"itemListElement\":[{\"@type\":\"ListItem\",\"position\":1,\"name\":\"Home\",\"item\":\"https:\/\/initechinfo.com\/fr\/\"},{\"@type\":\"ListItem\",\"position\":2,\"name\":\"Chariots Mobiles\",\"item\":\"https:\/\/initechinfo.com\/fr\/chariots-mobiles\/\"},{\"@type\":\"ListItem\",\"position\":3,\"name\":\"Chariot standard\"}]},{\"@type\":\"WebSite\",\"@id\":\"https:\/\/initechinfo.com\/fr\/#website\",\"url\":\"https:\/\/initechinfo.com\/fr\/\",\"name\":\"iniTECH\",\"description\":\"\",\"potentialAction\":[{\"@type\":\"SearchAction\",\"target\":{\"@type\":\"EntryPoint\",\"urlTemplate\":\"https:\/\/initechinfo.com\/fr\/?s={search_term_string}\"},\"query-input\":{\"@type\":\"PropertyValueSpecification\",\"valueRequired\":true,\"valueName\":\"search_term_string\"}}],\"inLanguage\":\"fr-FR\"}]}<\/script>\n<!-- \/ Yoast SEO plugin. -->","yoast_head_json":{"title":"Chariot standard &#187; iniTECH","robots":{"index":"index","follow":"follow","max-snippet":"max-snippet:-1","max-image-preview":"max-image-preview:large","max-video-preview":"max-video-preview:-1"},"canonical":"https:\/\/initechinfo.com\/fr\/chariots-mobiles\/chariot-standard\/","og_locale":"fr_FR","og_type":"article","og_title":"Chariot standard &#187; iniTECH","og_description":"[vc_row type=\u00a0\u00bbvc_default\u00a0\u00bb content_placement=\u00a0\u00bbmiddle\u00a0\u00bb][vc_column width=\u00a0\u00bb1\/2&Prime;][\/vc_column][vc_column width=\u00a0\u00bb1\/2&Prime;][vc_column_text css=\u00a0\u00bb\u00a0\u00bb]Ce chariot de dosage \u00e0 double balance a \u00e9t\u00e9 le premier de la flotte mobile d&rsquo;iniTECH. Introduit en 2007 et continuellement am\u00e9lior\u00e9 au fil des ans, ce chariot est con\u00e7u pour r\u00e9sister \u00e0 des d\u00e9cennies d&rsquo;utilisation quotidienne. Il peut effectuer des dosages pr\u00e9cis de 1g \u00e0 40kg et dispose d&rsquo;une&hellip;","og_url":"https:\/\/initechinfo.com\/fr\/chariots-mobiles\/chariot-standard\/","og_site_name":"iniTECH","article_modified_time":"2025-09-16T14:47:06+00:00","twitter_card":"summary_large_image","twitter_misc":{"Dur\u00e9e de lecture estim\u00e9e":"2 minutes"},"schema":{"@context":"https:\/\/schema.org","@graph":[{"@type":"WebPage","@id":"https:\/\/initechinfo.com\/fr\/chariots-mobiles\/chariot-standard\/","url":"https:\/\/initechinfo.com\/fr\/chariots-mobiles\/chariot-standard\/","name":"Chariot standard &#187; iniTECH","isPartOf":{"@id":"https:\/\/initechinfo.com\/fr\/#website"},"datePublished":"2024-09-09T14:38:04+00:00","dateModified":"2025-09-16T14:47:06+00:00","breadcrumb":{"@id":"https:\/\/initechinfo.com\/fr\/chariots-mobiles\/chariot-standard\/#breadcrumb"},"inLanguage":"fr-FR","potentialAction":[{"@type":"ReadAction","target":["https:\/\/initechinfo.com\/fr\/chariots-mobiles\/chariot-standard\/"]}]},{"@type":"BreadcrumbList","@id":"https:\/\/initechinfo.com\/fr\/chariots-mobiles\/chariot-standard\/#breadcrumb","itemListElement":[{"@type":"ListItem","position":1,"name":"Home","item":"https:\/\/initechinfo.com\/fr\/"},{"@type":"ListItem","position":2,"name":"Chariots Mobiles","item":"https:\/\/initechinfo.com\/fr\/chariots-mobiles\/"},{"@type":"ListItem","position":3,"name":"Chariot standard"}]},{"@type":"WebSite","@id":"https:\/\/initechinfo.com\/fr\/#website","url":"https:\/\/initechinfo.com\/fr\/","name":"iniTECH","description":"","potentialAction":[{"@type":"SearchAction","target":{"@type":"EntryPoint","urlTemplate":"https:\/\/initechinfo.com\/fr\/?s={search_term_string}"},"query-input":{"@type":"PropertyValueSpecification","valueRequired":true,"valueName":"search_term_string"}}],"inLanguage":"fr-FR"}]}},"_links":{"self":[{"href":"https:\/\/initechinfo.com\/fr\/wp-json\/wp\/v2\/pages\/3835","targetHints":{"allow":["GET"]}}],"collection":[{"href":"https:\/\/initechinfo.com\/fr\/wp-json\/wp\/v2\/pages"}],"about":[{"href":"https:\/\/initechinfo.com\/fr\/wp-json\/wp\/v2\/types\/page"}],"author":[{"embeddable":true,"href":"https:\/\/initechinfo.com\/fr\/wp-json\/wp\/v2\/users\/1"}],"replies":[{"embeddable":true,"href":"https:\/\/initechinfo.com\/fr\/wp-json\/wp\/v2\/comments?post=3835"}],"version-history":[{"count":11,"href":"https:\/\/initechinfo.com\/fr\/wp-json\/wp\/v2\/pages\/3835\/revisions"}],"predecessor-version":[{"id":4816,"href":"https:\/\/initechinfo.com\/fr\/wp-json\/wp\/v2\/pages\/3835\/revisions\/4816"}],"up":[{"embeddable":true,"href":"https:\/\/initechinfo.com\/fr\/wp-json\/wp\/v2\/pages\/3860"}],"wp:attachment":[{"href":"https:\/\/initechinfo.com\/fr\/wp-json\/wp\/v2\/media?parent=3835"}],"curies":[{"name":"wp","href":"https:\/\/api.w.org\/{rel}","templated":true}]}}