{"id":3844,"date":"2024-09-09T11:32:02","date_gmt":"2024-09-09T15:32:02","guid":{"rendered":"https:\/\/dev.initechinfo.com\/chariot-de-preparation-detachable\/"},"modified":"2025-02-16T16:34:57","modified_gmt":"2025-02-16T21:34:57","slug":"chariot-de-preparation-detachable","status":"publish","type":"page","link":"https:\/\/initechinfo.com\/fr\/chariots-mobiles\/chariot-de-preparation-detachable\/","title":{"rendered":"Chariot de dosage amovible"},"content":{"rendered":"<div class=\"wpb-content-wrapper\"><p>[vc_row type=\u00a0\u00bbvc_default\u00a0\u00bb content_placement=\u00a0\u00bbmiddle\u00a0\u00bb][vc_column width=\u00a0\u00bb1\/2&Prime;][vc_single_image image=\u00a0\u00bb2454&Prime; img_size=\u00a0\u00bbmedium\u00a0\u00bb alignment=\u00a0\u00bbcenter\u00a0\u00bb css=\u00a0\u00bb\u00a0\u00bb][\/vc_column][vc_column width=\u00a0\u00bb1\/2&Prime;][vc_column_text css=\u00a0\u00bb\u00a0\u00bb]Ce chariot de dosage est le plus r\u00e9cent de la flotte et il est \u00e9quip\u00e9 pour effectuer des dosages volumineux. Il peut effectuer des dosages pr\u00e9cis de 10 g \u00e0 1 500 kg et dispose d&rsquo;une batterie avec une autonomie de 30 heures, ce qui \u00e9vite de devoir la recharger en cours de poste. Cette station de travail mobile robuste tout-en-un est enti\u00e8rement fabriqu\u00e9e en acier inoxydable et a \u00e9t\u00e9 con\u00e7ue pour \u00eatre facile \u00e0 utiliser et \u00e0 nettoyer. Les r\u00e9cipients amovibles (qui peuvent \u00eatre d\u00e9tach\u00e9s\/r\u00e9attach\u00e9s aux stations de couplage\/d\u00e9couplage) ont leur propre jeu de roues pour faciliter le d\u00e9placement. Ils sont \u00e9galement con\u00e7us pour fonctionner de mani\u00e8re compl\u00e9mentaire avec les stations de cluster, de m\u00e9lange, d&#8217;emballage et de nettoyage. Apr\u00e8s avoir d\u00e9coupl\u00e9 le r\u00e9cipient, il peut \u00eatre d\u00e9plac\u00e9 vers un robot cluster pour achever les dosages les plus importants. Il s&rsquo;agit d&rsquo;un chariot sans moteur, aliment\u00e9 par pouss\u00e9e, con\u00e7u pour des d\u00e9cennies d&rsquo;utilisation quotidienne dans l&rsquo;atelier.[\/vc_column_text][\/vc_column][\/vc_row][vc_row][vc_column][vc_empty_space height=\u00a0\u00bb40&Prime;]<div id=\"ultimate-heading-10669e07989ed510\" class=\"uvc-heading ult-adjust-bottom-margin ultimate-heading-10669e07989ed510 uvc-9042  uvc-heading-default-font-sizes\" data-hspacer=\"no_spacer\"  data-halign=\"center\" style=\"text-align:center\"><div class=\"uvc-heading-spacer no_spacer\" style=\"top\"><\/div><div class=\"uvc-main-heading ult-responsive\"  data-ultimate-target='.uvc-heading.ultimate-heading-10669e07989ed510 h2'  data-responsive-json-new='{\"font-size\":\"\",\"line-height\":\"\"}' ><h2 style=\"--font-weight:theme;\">Caract\u00e9ristiques<\/h2><\/div><\/div>[vc_empty_space height=\u00a0\u00bb60&Prime;][vc_row_inner][vc_column_inner width=\u00a0\u00bb1\/2&Prime;]<div class=\"standard-arrow bullet-top\"><section id=\"content8-4z\" class=\"content8 cid-tly0Brl9iU\" data-bs-version=\"5.1\">\n<div class=\"container\">\n<div class=\"row justify-content-center\">\n<div class=\"counter-container col-md-12 col-lg-10\">\n<div class=\"mbr-text mbr-fonts-style display-7\">\n<ul>\n<li>Construit selon les <strong>normes GMP<\/strong><\/li>\n<li>Facile \u00e0 nettoyer, <strong>conception protectrice en acier inoxydable<\/strong>, choix de 304 ou 316<\/li>\n<li><strong>Roues<\/strong> de 8 pouces verrouillables, antid\u00e9rapantes, r\u00e9sistantes aux produits chimiques et robustes<\/li>\n<li>Capacit\u00e9 <strong>Wi-Fi\/Bluetooth<\/strong><\/li>\n<li>Int\u00e9gration avec <strong>tous les syst\u00e8mes MES<\/strong><\/li>\n<li><strong>Balances Mettler Toledo <\/strong> \u00e0 double fixation (1 petite, 1 grande)<\/li>\n<li><strong>Ordinateur<\/strong> de classe pharmaceutique en acier inoxydable NEMA4X , mont\u00e9 sur pivot<\/li>\n<\/ul>\n<\/div>\n<\/div>\n<\/div>\n<\/div>\n<\/section>\n<section id=\"content8-51\" class=\"content8 cid-tly0CKClcJ\" data-bs-version=\"5.1\">\n<div class=\"container\">\n<div class=\"row justify-content-center\"><\/div>\n<\/div>\n<\/section>\n<\/div>[\/vc_column_inner][vc_column_inner width=\u00a0\u00bb1\/2&Prime;]<div class=\"standard-arrow bullet-top\"><section id=\"content8-4z\" class=\"content8 cid-tly0Brl9iU\" data-bs-version=\"5.1\">\n<div class=\"container\">\n<div class=\"row justify-content-center\">\n<div class=\"counter-container col-md-12 col-lg-10\">\n<div class=\"mbr-text mbr-fonts-style display-7\">\n<ul>\n<li><strong>Batteries<\/strong> l\u00e9g\u00e8res au phosphate de fer lithium<\/li>\n<li>R\u00e9cipient \u00e0 <strong>ordures<\/strong><\/li>\n<li><strong>Porte-bo\u00eete \u00e0 gants<\/strong> en latex<\/li>\n<li><strong>Scanner manuel<\/strong> de qualit\u00e9 industrielle (standard)<\/li>\n<li><strong>Scanner portable<\/strong> (en option)<\/li>\n<li><strong>Batteries<\/strong> \u00e9changeables \u00e0 chaud (en option)<\/li>\n<\/ul>\n<\/div>\n<\/div>\n<\/div>\n<\/div>\n<\/section>\n<section id=\"content8-50\" class=\"content8 cid-tly0C9OrXg\" data-bs-version=\"5.1\">\n<div class=\"container\">\n<div class=\"row justify-content-center\">\n<div class=\"counter-container col-md-12 col-lg-10\">\n<div class=\"mbr-text mbr-fonts-style display-7\"><\/div>\n<\/div>\n<\/div>\n<\/div>\n<\/section>\n<section id=\"content8-51\" class=\"content8 cid-tly0CKClcJ\" data-bs-version=\"5.1\">\n<div class=\"container\">\n<div class=\"row justify-content-center\">\n<div class=\"counter-container col-md-12 col-lg-10\">\n<div class=\"mbr-text mbr-fonts-style display-7\"><\/div>\n<\/div>\n<\/div>\n<\/div>\n<\/section>\n<\/div>[\/vc_column_inner][\/vc_row_inner][vc_row_inner][vc_column_inner][vc_empty_space height=\u00a0\u00bb60&Prime;][\/vc_column_inner][\/vc_row_inner][\/vc_column][\/vc_row][vc_row][vc_column]<div id=\"ultimate-heading-547369e07989edbe3\" class=\"uvc-heading ult-adjust-bottom-margin ultimate-heading-547369e07989edbe3 uvc-5531  uvc-heading-default-font-sizes\" data-hspacer=\"no_spacer\"  data-halign=\"center\" style=\"text-align:center\"><div class=\"uvc-heading-spacer no_spacer\" style=\"top\"><\/div><div class=\"uvc-main-heading ult-responsive\"  data-ultimate-target='.uvc-heading.ultimate-heading-547369e07989edbe3 h2'  data-responsive-json-new='{\"font-size\":\"\",\"line-height\":\"\"}' ><h2 style=\"--font-weight:theme;\">Vous avez besoin de plus d'informations ?<\/h2><\/div><div class=\"uvc-sub-heading ult-responsive\"  data-ultimate-target='.uvc-heading.ultimate-heading-547369e07989edbe3 .uvc-sub-heading '  data-responsive-json-new='{\"font-size\":\"desktop:18px;\",\"line-height\":\"desktop:24px;\"}'  style=\"font-weight:bold;color:#0b3655;\">Contactez nous.<\/div><\/div>[vc_empty_space height=\u00a0\u00bb40&Prime;]<style type=\"text\/css\" data-type=\"the7_shortcodes-inline-css\">#default-btn-6c1e3ed8d83d99b2711a5a5981ffaa5f {\n  border-radius: 0px;\n  font-size: 14px;\n  line-height: 16px;\n}\n.btn-shadow#default-btn-6c1e3ed8d83d99b2711a5a5981ffaa5f {\n  box-shadow: 0 1px 6px rgba(0,0,0,0.12);\n  transition: box-shadow 0.2s ease-out, opacity 0.45s;\n}\n.btn-shadow#default-btn-6c1e3ed8d83d99b2711a5a5981ffaa5f:hover {\n  box-shadow: 0 5px 11px 0 rgba(0,0,0,0.18), 0 4px 15px 0 rgba(0,0,0,0.15);\n}\n.btn-3d#default-btn-6c1e3ed8d83d99b2711a5a5981ffaa5f {\n  box-shadow: 0px 2px 0px 0px #e58f49;\n}\n.btn-3d#default-btn-6c1e3ed8d83d99b2711a5a5981ffaa5f:hover {\n  box-shadow: 0px 2px 0px 0px #b95f2a;\n}\n.btn-flat#default-btn-6c1e3ed8d83d99b2711a5a5981ffaa5f {\n  box-shadow: none;\n}\n.btn-flat#default-btn-6c1e3ed8d83d99b2711a5a5981ffaa5f:hover {\n  box-shadow: none;\n}\n#default-btn-6c1e3ed8d83d99b2711a5a5981ffaa5f.ico-right-side > i {\n  margin-right: 0px;\n  margin-left: 8px;\n}\n#default-btn-6c1e3ed8d83d99b2711a5a5981ffaa5f > i {\n  margin-right: 8px;\n  font-size: 14px;\n}\n#default-btn-6c1e3ed8d83d99b2711a5a5981ffaa5f:not(:hover) {\n  border-width: 0px;\n  background: #fbae70 !important;\n  padding: 11px 18px 11px 18px;\n}\n#default-btn-6c1e3ed8d83d99b2711a5a5981ffaa5f:hover {\n  border-width: 0px;\n  background: #ec7834 !important;\n  padding: 11px 18px 11px 18px;\n}\n#default-btn-6c1e3ed8d83d99b2711a5a5981ffaa5f.ico-right-side > i {\n  margin-right: 0px;\n  margin-left: 8px;\n}\n#default-btn-6c1e3ed8d83d99b2711a5a5981ffaa5f > i {\n  margin-right: 8px;\n}<\/style><div class=\"btn-align-center\"><a href=\"\/fr\/contact\/\" class=\"default-btn-shortcode dt-btn link-hover-off btn-flat  vc_custom_1739741696925\" id=\"default-btn-6c1e3ed8d83d99b2711a5a5981ffaa5f\"><span>Entrer en contact<\/span><\/a><\/div>[\/vc_column][\/vc_row]<\/p>\n<\/div>","protected":false},"excerpt":{"rendered":"<p>[vc_row type=\u00a0\u00bbvc_default\u00a0\u00bb content_placement=\u00a0\u00bbmiddle\u00a0\u00bb][vc_column width=\u00a0\u00bb1\/2&Prime;][vc_single_image image=\u00a0\u00bb2454&Prime; img_size=\u00a0\u00bbmedium\u00a0\u00bb alignment=\u00a0\u00bbcenter\u00a0\u00bb css=\u00a0\u00bb\u00a0\u00bb][\/vc_column][vc_column width=\u00a0\u00bb1\/2&Prime;][vc_column_text css=\u00a0\u00bb\u00a0\u00bb]Ce chariot de dosage est le plus r\u00e9cent de la flotte et il est \u00e9quip\u00e9 pour effectuer des dosages volumineux. Il peut effectuer des dosages pr\u00e9cis de 10 g \u00e0 1 500 kg et dispose d&rsquo;une batterie avec une autonomie de 30 heures, ce qui \u00e9vite&hellip;<\/p>\n","protected":false},"author":1,"featured_media":0,"parent":3860,"menu_order":0,"comment_status":"closed","ping_status":"closed","template":"","meta":{"footnotes":""},"class_list":["post-3844","page","type-page","status-publish","hentry","description-off"],"yoast_head":"<!-- This site is optimized with the Yoast SEO plugin v26.6 - https:\/\/yoast.com\/wordpress\/plugins\/seo\/ -->\n<title>Chariot de dosage amovible &#187; iniTECH<\/title>\n<meta name=\"robots\" content=\"index, follow, max-snippet:-1, max-image-preview:large, max-video-preview:-1\" \/>\n<link rel=\"canonical\" href=\"https:\/\/initechinfo.com\/fr\/chariots-mobiles\/chariot-de-preparation-detachable\/\" \/>\n<meta property=\"og:locale\" content=\"fr_FR\" \/>\n<meta property=\"og:type\" content=\"article\" \/>\n<meta property=\"og:title\" content=\"Chariot de dosage amovible &#187; iniTECH\" \/>\n<meta property=\"og:description\" content=\"[vc_row type=\u00a0\u00bbvc_default\u00a0\u00bb content_placement=\u00a0\u00bbmiddle\u00a0\u00bb][vc_column width=\u00a0\u00bb1\/2&Prime;][vc_single_image image=\u00a0\u00bb2454&Prime; img_size=\u00a0\u00bbmedium\u00a0\u00bb alignment=\u00a0\u00bbcenter\u00a0\u00bb css=\u00a0\u00bb\u00a0\u00bb][\/vc_column][vc_column width=\u00a0\u00bb1\/2&Prime;][vc_column_text css=\u00a0\u00bb\u00a0\u00bb]Ce chariot de dosage est le plus r\u00e9cent de la flotte et il est \u00e9quip\u00e9 pour effectuer des dosages volumineux. Il peut effectuer des dosages pr\u00e9cis de 10 g \u00e0 1 500 kg et dispose d&rsquo;une batterie avec une autonomie de 30 heures, ce qui \u00e9vite&hellip;\" \/>\n<meta property=\"og:url\" content=\"https:\/\/initechinfo.com\/fr\/chariots-mobiles\/chariot-de-preparation-detachable\/\" \/>\n<meta property=\"og:site_name\" content=\"iniTECH\" \/>\n<meta property=\"article:modified_time\" content=\"2025-02-16T21:34:57+00:00\" \/>\n<meta name=\"twitter:card\" content=\"summary_large_image\" \/>\n<meta name=\"twitter:label1\" content=\"Dur\u00e9e de lecture estim\u00e9e\" \/>\n\t<meta name=\"twitter:data1\" content=\"2 minutes\" \/>\n<script type=\"application\/ld+json\" class=\"yoast-schema-graph\">{\"@context\":\"https:\/\/schema.org\",\"@graph\":[{\"@type\":\"WebPage\",\"@id\":\"https:\/\/initechinfo.com\/fr\/chariots-mobiles\/chariot-de-preparation-detachable\/\",\"url\":\"https:\/\/initechinfo.com\/fr\/chariots-mobiles\/chariot-de-preparation-detachable\/\",\"name\":\"Chariot de dosage amovible &#187; iniTECH\",\"isPartOf\":{\"@id\":\"https:\/\/initechinfo.com\/fr\/#website\"},\"datePublished\":\"2024-09-09T15:32:02+00:00\",\"dateModified\":\"2025-02-16T21:34:57+00:00\",\"breadcrumb\":{\"@id\":\"https:\/\/initechinfo.com\/fr\/chariots-mobiles\/chariot-de-preparation-detachable\/#breadcrumb\"},\"inLanguage\":\"fr-FR\",\"potentialAction\":[{\"@type\":\"ReadAction\",\"target\":[\"https:\/\/initechinfo.com\/fr\/chariots-mobiles\/chariot-de-preparation-detachable\/\"]}]},{\"@type\":\"BreadcrumbList\",\"@id\":\"https:\/\/initechinfo.com\/fr\/chariots-mobiles\/chariot-de-preparation-detachable\/#breadcrumb\",\"itemListElement\":[{\"@type\":\"ListItem\",\"position\":1,\"name\":\"Home\",\"item\":\"https:\/\/initechinfo.com\/fr\/\"},{\"@type\":\"ListItem\",\"position\":2,\"name\":\"Chariots Mobiles\",\"item\":\"https:\/\/initechinfo.com\/fr\/chariots-mobiles\/\"},{\"@type\":\"ListItem\",\"position\":3,\"name\":\"Chariot de dosage amovible\"}]},{\"@type\":\"WebSite\",\"@id\":\"https:\/\/initechinfo.com\/fr\/#website\",\"url\":\"https:\/\/initechinfo.com\/fr\/\",\"name\":\"iniTECH\",\"description\":\"\",\"potentialAction\":[{\"@type\":\"SearchAction\",\"target\":{\"@type\":\"EntryPoint\",\"urlTemplate\":\"https:\/\/initechinfo.com\/fr\/?s={search_term_string}\"},\"query-input\":{\"@type\":\"PropertyValueSpecification\",\"valueRequired\":true,\"valueName\":\"search_term_string\"}}],\"inLanguage\":\"fr-FR\"}]}<\/script>\n<!-- \/ Yoast SEO plugin. -->","yoast_head_json":{"title":"Chariot de dosage amovible &#187; iniTECH","robots":{"index":"index","follow":"follow","max-snippet":"max-snippet:-1","max-image-preview":"max-image-preview:large","max-video-preview":"max-video-preview:-1"},"canonical":"https:\/\/initechinfo.com\/fr\/chariots-mobiles\/chariot-de-preparation-detachable\/","og_locale":"fr_FR","og_type":"article","og_title":"Chariot de dosage amovible &#187; iniTECH","og_description":"[vc_row type=\u00a0\u00bbvc_default\u00a0\u00bb content_placement=\u00a0\u00bbmiddle\u00a0\u00bb][vc_column width=\u00a0\u00bb1\/2&Prime;][vc_single_image image=\u00a0\u00bb2454&Prime; img_size=\u00a0\u00bbmedium\u00a0\u00bb alignment=\u00a0\u00bbcenter\u00a0\u00bb css=\u00a0\u00bb\u00a0\u00bb][\/vc_column][vc_column width=\u00a0\u00bb1\/2&Prime;][vc_column_text css=\u00a0\u00bb\u00a0\u00bb]Ce chariot de dosage est le plus r\u00e9cent de la flotte et il est \u00e9quip\u00e9 pour effectuer des dosages volumineux. Il peut effectuer des dosages pr\u00e9cis de 10 g \u00e0 1 500 kg et dispose d&rsquo;une batterie avec une autonomie de 30 heures, ce qui \u00e9vite&hellip;","og_url":"https:\/\/initechinfo.com\/fr\/chariots-mobiles\/chariot-de-preparation-detachable\/","og_site_name":"iniTECH","article_modified_time":"2025-02-16T21:34:57+00:00","twitter_card":"summary_large_image","twitter_misc":{"Dur\u00e9e de lecture estim\u00e9e":"2 minutes"},"schema":{"@context":"https:\/\/schema.org","@graph":[{"@type":"WebPage","@id":"https:\/\/initechinfo.com\/fr\/chariots-mobiles\/chariot-de-preparation-detachable\/","url":"https:\/\/initechinfo.com\/fr\/chariots-mobiles\/chariot-de-preparation-detachable\/","name":"Chariot de dosage amovible &#187; iniTECH","isPartOf":{"@id":"https:\/\/initechinfo.com\/fr\/#website"},"datePublished":"2024-09-09T15:32:02+00:00","dateModified":"2025-02-16T21:34:57+00:00","breadcrumb":{"@id":"https:\/\/initechinfo.com\/fr\/chariots-mobiles\/chariot-de-preparation-detachable\/#breadcrumb"},"inLanguage":"fr-FR","potentialAction":[{"@type":"ReadAction","target":["https:\/\/initechinfo.com\/fr\/chariots-mobiles\/chariot-de-preparation-detachable\/"]}]},{"@type":"BreadcrumbList","@id":"https:\/\/initechinfo.com\/fr\/chariots-mobiles\/chariot-de-preparation-detachable\/#breadcrumb","itemListElement":[{"@type":"ListItem","position":1,"name":"Home","item":"https:\/\/initechinfo.com\/fr\/"},{"@type":"ListItem","position":2,"name":"Chariots Mobiles","item":"https:\/\/initechinfo.com\/fr\/chariots-mobiles\/"},{"@type":"ListItem","position":3,"name":"Chariot de dosage amovible"}]},{"@type":"WebSite","@id":"https:\/\/initechinfo.com\/fr\/#website","url":"https:\/\/initechinfo.com\/fr\/","name":"iniTECH","description":"","potentialAction":[{"@type":"SearchAction","target":{"@type":"EntryPoint","urlTemplate":"https:\/\/initechinfo.com\/fr\/?s={search_term_string}"},"query-input":{"@type":"PropertyValueSpecification","valueRequired":true,"valueName":"search_term_string"}}],"inLanguage":"fr-FR"}]}},"_links":{"self":[{"href":"https:\/\/initechinfo.com\/fr\/wp-json\/wp\/v2\/pages\/3844","targetHints":{"allow":["GET"]}}],"collection":[{"href":"https:\/\/initechinfo.com\/fr\/wp-json\/wp\/v2\/pages"}],"about":[{"href":"https:\/\/initechinfo.com\/fr\/wp-json\/wp\/v2\/types\/page"}],"author":[{"embeddable":true,"href":"https:\/\/initechinfo.com\/fr\/wp-json\/wp\/v2\/users\/1"}],"replies":[{"embeddable":true,"href":"https:\/\/initechinfo.com\/fr\/wp-json\/wp\/v2\/comments?post=3844"}],"version-history":[{"count":14,"href":"https:\/\/initechinfo.com\/fr\/wp-json\/wp\/v2\/pages\/3844\/revisions"}],"predecessor-version":[{"id":4314,"href":"https:\/\/initechinfo.com\/fr\/wp-json\/wp\/v2\/pages\/3844\/revisions\/4314"}],"up":[{"embeddable":true,"href":"https:\/\/initechinfo.com\/fr\/wp-json\/wp\/v2\/pages\/3860"}],"wp:attachment":[{"href":"https:\/\/initechinfo.com\/fr\/wp-json\/wp\/v2\/media?parent=3844"}],"curies":[{"name":"wp","href":"https:\/\/api.w.org\/{rel}","templated":true}]}}