{"id":3883,"date":"2024-10-29T11:26:57","date_gmt":"2024-10-29T15:26:57","guid":{"rendered":"https:\/\/dev.initechinfo.com\/industries\/"},"modified":"2025-02-20T05:17:06","modified_gmt":"2025-02-20T10:17:06","slug":"industries","status":"publish","type":"page","link":"https:\/\/initechinfo.com\/fr\/industries\/","title":{"rendered":"Industries"},"content":{"rendered":"<div class=\"wpb-content-wrapper\"><p>[vc_row type=\u00a0\u00bbvc_default\u00a0\u00bb full_width=\u00a0\u00bbstretch_row\u00a0\u00bb bg_type=\u00a0\u00bbbg_color\u00a0\u00bb bg_color_value=\u00a0\u00bb#f4f4f4&Prime; css=\u00a0\u00bb.vc_custom_1730820078805{padding-top: 80px !important;padding-bottom: 80px !important;}\u00a0\u00bb][vc_column]<div id=\"ultimate-heading-914669e05f8c4ebe8\" class=\"uvc-heading ult-adjust-bottom-margin ultimate-heading-914669e05f8c4ebe8 uvc-5693 heading_44_24 uvc-heading-default-font-sizes\" data-hspacer=\"no_spacer\"  data-halign=\"center\" style=\"text-align:center\"><div class=\"uvc-heading-spacer no_spacer\" style=\"top\"><\/div><div class=\"uvc-main-heading ult-responsive\"  data-ultimate-target='.uvc-heading.ultimate-heading-914669e05f8c4ebe8 h2'  data-responsive-json-new='{\"font-size\":\"\",\"line-height\":\"\"}' ><h2 style=\"--font-weight:theme;\">iniTECH : plus de 25 ans d&apos;innovation industrielle<\/h2><\/div><div class=\"uvc-sub-heading ult-responsive\"  data-ultimate-target='.uvc-heading.ultimate-heading-914669e05f8c4ebe8 .uvc-sub-heading '  data-responsive-json-new='{\"font-size\":\"desktop:24px;\",\"line-height\":\"desktop:32px;\"}'  style=\"font-weight:bold;color:#0b3655;\">pour diverses industries manufacturi\u00e8res<\/div><\/div>[vc_empty_space height=\u00a0\u00bb30px\u00a0\u00bb][vc_column_text css=\u00a0\u00bb\u00a0\u00bb]Depuis plus de 25 ans, iniTECH s&rsquo;efforce de r\u00e9pondre aux besoins du secteur de la production par lots. Nous avons commenc\u00e9 dans le domaine des ar\u00f4mes et des parfums o\u00f9 nous avons pass\u00e9 de nombreuses ann\u00e9es \u00e0 cr\u00e9er des outils et \u00e0 fournir des services pour aider ce march\u00e9 de niche \u00e0 se d\u00e9velopper. <\/p>\n<p>Au fur et \u00e0 mesure que notre exp\u00e9rience se d\u00e9veloppait et que notre liste de clients internationaux s&rsquo;allongeait, nous avons commenc\u00e9 \u00e0 nous int\u00e9resser \u00e0 d&rsquo;autres march\u00e9s verticaux. Nous savions que nos d\u00e9cennies de recherche, d&rsquo;innovation et d&rsquo;exp\u00e9rience pouvaient profiter \u00e0 des secteurs enti\u00e8rement nouveaux du monde industriel.<\/p>\n<p>Aujourd&rsquo;hui, nous sommes une entreprise leader de solutions d&rsquo;ing\u00e9nierie Lean, sp\u00e9cialis\u00e9e dans la cr\u00e9ation d&rsquo;outils et de logiciels exclusifs assist\u00e9s par l&rsquo;IA, dans l&rsquo;optimisation des processus de production existants et dans l&rsquo;ex\u00e9cution de services de conception sur-mesure compl\u00e8te pour les nouvelles usines.<\/p>\n<p>Nos clients vont d&rsquo;installations ind\u00e9pendantes, petites ou moyennes, \u00e0 des industriels figurant au classement \u00ab\u00a0Fortune Global 500&Prime;, dans les secteurs suivants.[\/vc_column_text][\/vc_column][\/vc_row][vc_row][vc_column][vc_empty_space height=\u00a0\u00bb80&Prime;][\/vc_column][\/vc_row][vc_row type=\u00a0\u00bbvc_default\u00a0\u00bb content_placement=\u00a0\u00bbmiddle\u00a0\u00bb][vc_column width=\u00a0\u00bb1\/2&Prime;]<div id=\"ultimate-heading-746769e05f8c4ecf2\" class=\"uvc-heading ult-adjust-bottom-margin ultimate-heading-746769e05f8c4ecf2 uvc-3778  uvc-heading-default-font-sizes\" data-hspacer=\"no_spacer\"  data-halign=\"left\" style=\"text-align:left\"><div class=\"uvc-heading-spacer no_spacer\" style=\"top\"><\/div><div class=\"uvc-main-heading ult-responsive\"  data-ultimate-target='.uvc-heading.ultimate-heading-746769e05f8c4ecf2 h2'  data-responsive-json-new='{\"font-size\":\"\",\"line-height\":\"\"}' ><h2 style=\"--font-weight:theme;\">Ar\u00f4mes et parfums (F&amp;F)<\/h2><\/div><\/div>[vc_empty_space height=\u00a0\u00bb30px\u00a0\u00bb][vc_column_text css=\u00a0\u00bb\u00a0\u00bb]iniTECH a pass\u00e9 ses premi\u00e8res ann\u00e9es \u00e0 d\u00e9velopper une compr\u00e9hension en profondeur des besoins et des processus de production de l&rsquo;industrie des ar\u00f4mes et des parfums.<\/p>\n<p>La soci\u00e9t\u00e9 a \u00e9t\u00e9 fond\u00e9e sur l&rsquo;id\u00e9e qu&rsquo;il vaut mieux \u00eatre le meilleur fournisseur de solutions sur un march\u00e9 que d&rsquo;\u00eatre un fournisseur de solutions moyen sur plusieurs march\u00e9s.<\/p>\n<p>Apr\u00e8s deux d\u00e9cennies de travail acharn\u00e9, iniTECH est devenu l&rsquo;entreprise standard de l&rsquo;industrie des ar\u00f4mes et des parfums. Nous y sommes parvenus en cr\u00e9ant de nouveaux outils et syst\u00e8mes con\u00e7us de mani\u00e8re agnostique pour r\u00e9volutionner l&rsquo;industrie en augmentant le rendement et l&rsquo;efficacit\u00e9. Aujourd&rsquo;hui, nous avons travaill\u00e9 avec 8 des 10 plus grandes entreprises mondiales de F&amp;F et touchons plus de 50 % des produits de F&amp;F fabriqu\u00e9s dans le monde.  <\/p>\n<p>Bien que nous nous soyons d\u00e9velopp\u00e9s sur de nouveaux march\u00e9s au cours des derni\u00e8res ann\u00e9es, nous continueront avec joie \u00e0 accorder notre attention \u00e0 l&rsquo;industrie F&amp;F dans les ann\u00e9es \u00e0 venir.[\/vc_column_text][\/vc_column][vc_column width=\u00a0\u00bb1\/2&Prime;][vc_single_image image=\u00a0\u00bb3143&Prime; img_size=\u00a0\u00bbfull\u00a0\u00bb alignment=\u00a0\u00bbcenter\u00a0\u00bb css=\u00a0\u00bb\u00a0\u00bb][\/vc_column][\/vc_row][vc_row][vc_column][vc_empty_space height=\u00a0\u00bb60&Prime;][\/vc_column][\/vc_row][vc_row type=\u00a0\u00bbvc_default\u00a0\u00bb full_width=\u00a0\u00bbstretch_row\u00a0\u00bb content_placement=\u00a0\u00bbmiddle\u00a0\u00bb bg_type=\u00a0\u00bbbg_color\u00a0\u00bb el_class=\u00a0\u00bbnm-row-flex-col-reverse\u00a0\u00bb bg_color_value=\u00a0\u00bb#f4f4f4&Prime; css=\u00a0\u00bb.vc_custom_1730819849665{padding-top: 60px !important;padding-bottom: 60px !important;}\u00a0\u00bb][vc_column width=\u00a0\u00bb1\/2&Prime;]<div id=\"ultimate-heading-775569e05f8c4ed97\" class=\"uvc-heading ult-adjust-bottom-margin ultimate-heading-775569e05f8c4ed97 uvc-4077  uvc-heading-default-font-sizes\" data-hspacer=\"no_spacer\"  data-halign=\"left\" style=\"text-align:left\"><div class=\"uvc-heading-spacer no_spacer\" style=\"top\"><\/div><div class=\"uvc-main-heading ult-responsive\"  data-ultimate-target='.uvc-heading.ultimate-heading-775569e05f8c4ed97 h2'  data-responsive-json-new='{\"font-size\":\"\",\"line-height\":\"\"}' ><h2 style=\"--font-weight:theme;\">Alimentation et boissons<\/h2><\/div><\/div>[vc_empty_space height=\u00a0\u00bb30px\u00a0\u00bb][vc_column_text css=\u00a0\u00bb\u00a0\u00bb]iniTECH Inc. r\u00e9volutionne l&rsquo;industrie de l&rsquo;alimentation et des boissons en introduisant des techniques Lean qui am\u00e9liorent la vitesse de production, la qualit\u00e9 et la coh\u00e9rence.<\/p>\n<p>L&rsquo;entreprise travaille en \u00e9troite collaboration avec les producteurs pour offrir une meilleure valeur aux clients, en optimisant le dosage, en r\u00e9duisant le gaspillage de mat\u00e9riaux et en assurant la conformit\u00e9 aux normes rigoureuses de s\u00e9curit\u00e9 alimentaire.<\/p>\n<p>iniTECH adh\u00e8re et se conforme aux normes HAACP, FSMA, CAPA et \u00e0 de nombreuses autres exigences de conformit\u00e9 pour fournir des outils d&rsquo;audit complets qui sont cruciaux pour l&rsquo;industrie de l&rsquo;alimentation et des boissons.[\/vc_column_text][\/vc_column][vc_column width=\u00a0\u00bb1\/2&Prime;][vc_single_image image=\u00a0\u00bb3153&Prime; img_size=\u00a0\u00bbfull\u00a0\u00bb alignment=\u00a0\u00bbcenter\u00a0\u00bb css=\u00a0\u00bb\u00a0\u00bb][\/vc_column][\/vc_row][vc_row][vc_column][vc_empty_space height=\u00a0\u00bb60&Prime;][\/vc_column][\/vc_row][vc_row type=\u00a0\u00bbvc_default\u00a0\u00bb content_placement=\u00a0\u00bbmiddle\u00a0\u00bb][vc_column width=\u00a0\u00bb1\/2&Prime;]<div id=\"ultimate-heading-450369e05f8c4ee42\" class=\"uvc-heading ult-adjust-bottom-margin ultimate-heading-450369e05f8c4ee42 uvc-5420  uvc-heading-default-font-sizes\" data-hspacer=\"no_spacer\"  data-halign=\"left\" style=\"text-align:left\"><div class=\"uvc-heading-spacer no_spacer\" style=\"top\"><\/div><div class=\"uvc-main-heading ult-responsive\"  data-ultimate-target='.uvc-heading.ultimate-heading-450369e05f8c4ee42 h2'  data-responsive-json-new='{\"font-size\":\"\",\"line-height\":\"\"}' ><h2 style=\"--font-weight:theme;\">Beaut\u00e9 et soins<\/h2><\/div><\/div>[vc_empty_space height=\u00a0\u00bb30px\u00a0\u00bb][vc_column_text css=\u00a0\u00bb\u00a0\u00bb]Dans l&rsquo;industrie de la beaut\u00e9 et des soins personnels, iniTECH Inc. optimise la production de produits de soins de la peau, de cosm\u00e9tiques et de soins capillaires.<\/p>\n<p>En mettant en \u0153uvre des m\u00e9thodologies Lean, iniTECH aide les marques \u00e0 acc\u00e9l\u00e9rer les cycles de d\u00e9veloppement des produits, \u00e0 am\u00e9liorer le contr\u00f4le de la qualit\u00e9 et \u00e0 r\u00e9duire l&rsquo;impact sur l&rsquo;environnement gr\u00e2ce \u00e0 des pratiques durables.<\/p>\n<p>iniTECH travaille aux c\u00f4t\u00e9s de cette industrie pour optimiser le d\u00e9bit de production dans les usines de beaut\u00e9 et de soins afin de maximiser la croissance de la client\u00e8le.[\/vc_column_text][\/vc_column][vc_column width=\u00a0\u00bb1\/2&Prime;][vc_single_image image=\u00a0\u00bb3147&Prime; img_size=\u00a0\u00bbfull\u00a0\u00bb alignment=\u00a0\u00bbcenter\u00a0\u00bb css=\u00a0\u00bb\u00a0\u00bb][\/vc_column][\/vc_row][vc_row][vc_column][vc_empty_space height=\u00a0\u00bb60&Prime;][\/vc_column][\/vc_row][vc_row type=\u00a0\u00bbvc_default\u00a0\u00bb full_width=\u00a0\u00bbstretch_row\u00a0\u00bb content_placement=\u00a0\u00bbmiddle\u00a0\u00bb bg_type=\u00a0\u00bbbg_color\u00a0\u00bb el_class=\u00a0\u00bbnm-row-flex-col-reverse\u00a0\u00bb css=\u00a0\u00bb.vc_custom_1730819869168{padding-top: 60px !important;padding-bottom: 60px !important;}\u00a0\u00bb bg_color_value=\u00a0\u00bb#f4f4f4&Prime;][vc_column width=\u00a0\u00bb1\/2&Prime;]<div id=\"ultimate-heading-311569e05f8c4eee5\" class=\"uvc-heading ult-adjust-bottom-margin ultimate-heading-311569e05f8c4eee5 uvc-4884  uvc-heading-default-font-sizes\" data-hspacer=\"no_spacer\"  data-halign=\"left\" style=\"text-align:left\"><div class=\"uvc-heading-spacer no_spacer\" style=\"top\"><\/div><div class=\"uvc-main-heading ult-responsive\"  data-ultimate-target='.uvc-heading.ultimate-heading-311569e05f8c4eee5 h2'  data-responsive-json-new='{\"font-size\":\"\",\"line-height\":\"\"}' ><h2 style=\"--font-weight:theme;\">Produits nutraceutiques<\/h2><\/div><\/div>[vc_empty_space height=\u00a0\u00bb30px\u00a0\u00bb][vc_column_text css=\u00a0\u00bb\u00a0\u00bb]iniTECH Inc. applique ses principes d&rsquo;ing\u00e9nierie Lean \u00e0 l&rsquo;industrie des nutraceutiques en simplifiant les processus de production des suppl\u00e9ments, vitamines et autres produits de sant\u00e9.<\/p>\n<p>L&rsquo;entreprise am\u00e9liore l&rsquo;efficacit\u00e9, r\u00e9duit les d\u00e9chets et renforce l&rsquo;uniformit\u00e9 des produits, tout en assurant la conformit\u00e9 avec les r\u00e9glementations de l&rsquo;industrie en mati\u00e8re de qualit\u00e9 et de s\u00e9curit\u00e9.<\/p>\n<p>iniTECH fournit des syst\u00e8mes interverrouill\u00e9s \u00e9prouv\u00e9s pour assurer la conformit\u00e9 dans l&rsquo;ensemble de l&rsquo;installation, depuis les contr\u00f4les HACCP jusqu&rsquo;\u00e0 la conformit\u00e9 forc\u00e9e des proc\u00e9dures op\u00e9ratoires normalis\u00e9es (SOP) \u00e0 l&rsquo;aide d&rsquo;un logiciel, afin de minimiser les rappels et l&rsquo;adh\u00e9sion aux exigences r\u00e9glementaires.[\/vc_column_text][\/vc_column][vc_column width=\u00a0\u00bb1\/2&Prime;][vc_single_image image=\u00a0\u00bb3149&Prime; img_size=\u00a0\u00bbfull\u00a0\u00bb alignment=\u00a0\u00bbcenter\u00a0\u00bb css=\u00a0\u00bb\u00a0\u00bb][\/vc_column][\/vc_row][vc_row][vc_column][vc_empty_space height=\u00a0\u00bb60&Prime;][\/vc_column][\/vc_row][vc_row type=\u00a0\u00bbvc_default\u00a0\u00bb content_placement=\u00a0\u00bbmiddle\u00a0\u00bb][vc_column width=\u00a0\u00bb1\/2&Prime;]<div id=\"ultimate-heading-354069e05f8c4ef88\" class=\"uvc-heading ult-adjust-bottom-margin ultimate-heading-354069e05f8c4ef88 uvc-3879  uvc-heading-default-font-sizes\" data-hspacer=\"no_spacer\"  data-halign=\"left\" style=\"text-align:left\"><div class=\"uvc-heading-spacer no_spacer\" style=\"top\"><\/div><div class=\"uvc-main-heading ult-responsive\"  data-ultimate-target='.uvc-heading.ultimate-heading-354069e05f8c4ef88 h2'  data-responsive-json-new='{\"font-size\":\"\",\"line-height\":\"\"}' ><h2 style=\"--font-weight:theme;\">Produits chimiques<\/h2><\/div><\/div>[vc_empty_space height=\u00a0\u00bb30px\u00a0\u00bb][vc_column_text css=\u00a0\u00bb\u00a0\u00bb]Dans le secteur des produits chimiques, iniTECH Inc. met \u00e0 profit son expertise en ing\u00e9nierie pour am\u00e9liorer la productiont par lots des produits chimiques industriels et sp\u00e9cialis\u00e9s.<\/p>\n<p>L&rsquo;entreprise s&rsquo;attache \u00e0 maximiser l&rsquo;efficacit\u00e9 de la production, \u00e0 minimiser les temps d&rsquo;arr\u00eat et \u00e0 garantir des normes de s\u00e9curit\u00e9 \u00e9lev\u00e9es, ce qui se traduit par une r\u00e9duction des co\u00fbts et une am\u00e9lioration de la rentabilit\u00e9 pour les fabricants de produits chimiques.<\/p>\n<p>iniTECH met \u00e0 profit ses 25 ann\u00e9es d&rsquo;exp\u00e9rience pour fournir des solutions \u00e9prouv\u00e9es qui assurent la s\u00e9curit\u00e9, l&rsquo;automatisation, l&rsquo;efficacit\u00e9 et l&rsquo;int\u00e9gration dans l&rsquo;univers complexe de la fabrication de produits chimiques.[\/vc_column_text][\/vc_column][vc_column width=\u00a0\u00bb1\/2&Prime;][vc_single_image image=\u00a0\u00bb3151&Prime; img_size=\u00a0\u00bbfull\u00a0\u00bb alignment=\u00a0\u00bbcenter\u00a0\u00bb css=\u00a0\u00bb\u00a0\u00bb][\/vc_column][\/vc_row][vc_row][vc_column][vc_empty_space height=\u00a0\u00bb60&Prime;][\/vc_column][\/vc_row][vc_row type=\u00a0\u00bbvc_default\u00a0\u00bb css=\u00a0\u00bb.vc_custom_1725892367965{padding-top: 40px !important;}\u00a0\u00bb][vc_column]<style type=\"text\/css\" data-type=\"the7_shortcodes-inline-css\">#default-btn-78538b6f47c8e8e42de1857de6cd4314 {\n  border-radius: 0px;\n  font-size: 14px;\n  line-height: 16px;\n}\n.btn-shadow#default-btn-78538b6f47c8e8e42de1857de6cd4314 {\n  box-shadow: 0 1px 6px rgba(0,0,0,0.12);\n  transition: box-shadow 0.2s ease-out, opacity 0.45s;\n}\n.btn-shadow#default-btn-78538b6f47c8e8e42de1857de6cd4314:hover {\n  box-shadow: 0 5px 11px 0 rgba(0,0,0,0.18), 0 4px 15px 0 rgba(0,0,0,0.15);\n}\n.btn-3d#default-btn-78538b6f47c8e8e42de1857de6cd4314 {\n  box-shadow: 0px 2px 0px 0px #e58f49;\n}\n.btn-3d#default-btn-78538b6f47c8e8e42de1857de6cd4314:hover {\n  box-shadow: 0px 2px 0px 0px #b95f2a;\n}\n.btn-flat#default-btn-78538b6f47c8e8e42de1857de6cd4314 {\n  box-shadow: none;\n}\n.btn-flat#default-btn-78538b6f47c8e8e42de1857de6cd4314:hover {\n  box-shadow: none;\n}\n#default-btn-78538b6f47c8e8e42de1857de6cd4314.ico-right-side > i {\n  margin-right: 0px;\n  margin-left: 8px;\n}\n#default-btn-78538b6f47c8e8e42de1857de6cd4314 > i {\n  margin-right: 8px;\n  font-size: 14px;\n}\n#default-btn-78538b6f47c8e8e42de1857de6cd4314:not(:hover) {\n  border-width: 0px;\n  background: #fbae70 !important;\n  padding: 11px 18px 11px 18px;\n}\n#default-btn-78538b6f47c8e8e42de1857de6cd4314:hover {\n  border-width: 0px;\n  background: #ec7834 !important;\n  padding: 11px 18px 11px 18px;\n}\n#default-btn-78538b6f47c8e8e42de1857de6cd4314.ico-right-side > i {\n  margin-right: 0px;\n  margin-left: 8px;\n}\n#default-btn-78538b6f47c8e8e42de1857de6cd4314 > i {\n  margin-right: 8px;\n}<\/style><div class=\"btn-align-center\"><a href=\"\/contact\/\" class=\"default-btn-shortcode dt-btn link-hover-off btn-flat \" id=\"default-btn-78538b6f47c8e8e42de1857de6cd4314\"><span>Prenez contact avec nous<\/span><\/a><\/div>[\/vc_column][\/vc_row]<\/p>\n<\/div>","protected":false},"excerpt":{"rendered":"<p>[vc_row type=\u00a0\u00bbvc_default\u00a0\u00bb full_width=\u00a0\u00bbstretch_row\u00a0\u00bb bg_type=\u00a0\u00bbbg_color\u00a0\u00bb bg_color_value=\u00a0\u00bb#f4f4f4&Prime; css=\u00a0\u00bb.vc_custom_1730820078805{padding-top: 80px !important;padding-bottom: 80px !important;}\u00a0\u00bb][vc_column][vc_empty_space height=\u00a0\u00bb30px\u00a0\u00bb][vc_column_text css=\u00a0\u00bb\u00a0\u00bb]Depuis plus de 25 ans, iniTECH s&rsquo;efforce de r\u00e9pondre aux besoins du secteur de la production par lots. Nous avons commenc\u00e9 dans le domaine des ar\u00f4mes et des parfums o\u00f9 nous avons pass\u00e9 de nombreuses ann\u00e9es \u00e0 cr\u00e9er des outils et \u00e0 fournir des&hellip;<\/p>\n","protected":false},"author":1,"featured_media":0,"parent":0,"menu_order":0,"comment_status":"closed","ping_status":"closed","template":"","meta":{"footnotes":""},"class_list":["post-3883","page","type-page","status-publish","hentry","description-off"],"yoast_head":"<!-- This site is optimized with the Yoast SEO plugin v26.6 - https:\/\/yoast.com\/wordpress\/plugins\/seo\/ -->\n<title>Innovations industrielles pour diverses industries &#187; iniTECH<\/title>\n<meta name=\"description\" content=\"Explorez les innovations et les solutions de production pour diverses industries : Ar\u00f4mes et parfums, alimentation et boissons, beaut\u00e9 et soins, nutraceutique, produits chimiques. En savoir plus !\" \/>\n<meta name=\"robots\" content=\"index, follow, max-snippet:-1, max-image-preview:large, max-video-preview:-1\" \/>\n<link rel=\"canonical\" href=\"https:\/\/initechinfo.com\/fr\/industries\/\" \/>\n<meta property=\"og:locale\" content=\"fr_FR\" \/>\n<meta property=\"og:type\" content=\"article\" \/>\n<meta property=\"og:title\" content=\"Innovations industrielles pour diverses industries &#187; iniTECH\" \/>\n<meta property=\"og:description\" content=\"Explorez les innovations et les solutions de production pour diverses industries : Ar\u00f4mes et parfums, alimentation et boissons, beaut\u00e9 et soins, nutraceutique, produits chimiques. En savoir plus !\" \/>\n<meta property=\"og:url\" content=\"https:\/\/initechinfo.com\/fr\/industries\/\" \/>\n<meta property=\"og:site_name\" content=\"iniTECH\" \/>\n<meta property=\"article:modified_time\" content=\"2025-02-20T10:17:06+00:00\" \/>\n<meta name=\"twitter:card\" content=\"summary_large_image\" \/>\n<meta name=\"twitter:label1\" content=\"Dur\u00e9e de lecture estim\u00e9e\" \/>\n\t<meta name=\"twitter:data1\" content=\"4 minutes\" \/>\n<script type=\"application\/ld+json\" class=\"yoast-schema-graph\">{\"@context\":\"https:\/\/schema.org\",\"@graph\":[{\"@type\":\"WebPage\",\"@id\":\"https:\/\/initechinfo.com\/fr\/industries\/\",\"url\":\"https:\/\/initechinfo.com\/fr\/industries\/\",\"name\":\"Innovations industrielles pour diverses industries &#187; iniTECH\",\"isPartOf\":{\"@id\":\"https:\/\/initechinfo.com\/fr\/#website\"},\"datePublished\":\"2024-10-29T15:26:57+00:00\",\"dateModified\":\"2025-02-20T10:17:06+00:00\",\"description\":\"Explorez les innovations et les solutions de production pour diverses industries : Ar\u00f4mes et parfums, alimentation et boissons, beaut\u00e9 et soins, nutraceutique, produits chimiques. En savoir plus !\",\"breadcrumb\":{\"@id\":\"https:\/\/initechinfo.com\/fr\/industries\/#breadcrumb\"},\"inLanguage\":\"fr-FR\",\"potentialAction\":[{\"@type\":\"ReadAction\",\"target\":[\"https:\/\/initechinfo.com\/fr\/industries\/\"]}]},{\"@type\":\"BreadcrumbList\",\"@id\":\"https:\/\/initechinfo.com\/fr\/industries\/#breadcrumb\",\"itemListElement\":[{\"@type\":\"ListItem\",\"position\":1,\"name\":\"Home\",\"item\":\"https:\/\/initechinfo.com\/fr\/\"},{\"@type\":\"ListItem\",\"position\":2,\"name\":\"Industries\"}]},{\"@type\":\"WebSite\",\"@id\":\"https:\/\/initechinfo.com\/fr\/#website\",\"url\":\"https:\/\/initechinfo.com\/fr\/\",\"name\":\"iniTECH\",\"description\":\"\",\"potentialAction\":[{\"@type\":\"SearchAction\",\"target\":{\"@type\":\"EntryPoint\",\"urlTemplate\":\"https:\/\/initechinfo.com\/fr\/?s={search_term_string}\"},\"query-input\":{\"@type\":\"PropertyValueSpecification\",\"valueRequired\":true,\"valueName\":\"search_term_string\"}}],\"inLanguage\":\"fr-FR\"}]}<\/script>\n<!-- \/ Yoast SEO plugin. -->","yoast_head_json":{"title":"Innovations industrielles pour diverses industries &#187; iniTECH","description":"Explorez les innovations et les solutions de production pour diverses industries : Ar\u00f4mes et parfums, alimentation et boissons, beaut\u00e9 et soins, nutraceutique, produits chimiques. En savoir plus !","robots":{"index":"index","follow":"follow","max-snippet":"max-snippet:-1","max-image-preview":"max-image-preview:large","max-video-preview":"max-video-preview:-1"},"canonical":"https:\/\/initechinfo.com\/fr\/industries\/","og_locale":"fr_FR","og_type":"article","og_title":"Innovations industrielles pour diverses industries &#187; iniTECH","og_description":"Explorez les innovations et les solutions de production pour diverses industries : Ar\u00f4mes et parfums, alimentation et boissons, beaut\u00e9 et soins, nutraceutique, produits chimiques. En savoir plus !","og_url":"https:\/\/initechinfo.com\/fr\/industries\/","og_site_name":"iniTECH","article_modified_time":"2025-02-20T10:17:06+00:00","twitter_card":"summary_large_image","twitter_misc":{"Dur\u00e9e de lecture estim\u00e9e":"4 minutes"},"schema":{"@context":"https:\/\/schema.org","@graph":[{"@type":"WebPage","@id":"https:\/\/initechinfo.com\/fr\/industries\/","url":"https:\/\/initechinfo.com\/fr\/industries\/","name":"Innovations industrielles pour diverses industries &#187; iniTECH","isPartOf":{"@id":"https:\/\/initechinfo.com\/fr\/#website"},"datePublished":"2024-10-29T15:26:57+00:00","dateModified":"2025-02-20T10:17:06+00:00","description":"Explorez les innovations et les solutions de production pour diverses industries : Ar\u00f4mes et parfums, alimentation et boissons, beaut\u00e9 et soins, nutraceutique, produits chimiques. En savoir plus !","breadcrumb":{"@id":"https:\/\/initechinfo.com\/fr\/industries\/#breadcrumb"},"inLanguage":"fr-FR","potentialAction":[{"@type":"ReadAction","target":["https:\/\/initechinfo.com\/fr\/industries\/"]}]},{"@type":"BreadcrumbList","@id":"https:\/\/initechinfo.com\/fr\/industries\/#breadcrumb","itemListElement":[{"@type":"ListItem","position":1,"name":"Home","item":"https:\/\/initechinfo.com\/fr\/"},{"@type":"ListItem","position":2,"name":"Industries"}]},{"@type":"WebSite","@id":"https:\/\/initechinfo.com\/fr\/#website","url":"https:\/\/initechinfo.com\/fr\/","name":"iniTECH","description":"","potentialAction":[{"@type":"SearchAction","target":{"@type":"EntryPoint","urlTemplate":"https:\/\/initechinfo.com\/fr\/?s={search_term_string}"},"query-input":{"@type":"PropertyValueSpecification","valueRequired":true,"valueName":"search_term_string"}}],"inLanguage":"fr-FR"}]}},"_links":{"self":[{"href":"https:\/\/initechinfo.com\/fr\/wp-json\/wp\/v2\/pages\/3883","targetHints":{"allow":["GET"]}}],"collection":[{"href":"https:\/\/initechinfo.com\/fr\/wp-json\/wp\/v2\/pages"}],"about":[{"href":"https:\/\/initechinfo.com\/fr\/wp-json\/wp\/v2\/types\/page"}],"author":[{"embeddable":true,"href":"https:\/\/initechinfo.com\/fr\/wp-json\/wp\/v2\/users\/1"}],"replies":[{"embeddable":true,"href":"https:\/\/initechinfo.com\/fr\/wp-json\/wp\/v2\/comments?post=3883"}],"version-history":[{"count":12,"href":"https:\/\/initechinfo.com\/fr\/wp-json\/wp\/v2\/pages\/3883\/revisions"}],"predecessor-version":[{"id":4327,"href":"https:\/\/initechinfo.com\/fr\/wp-json\/wp\/v2\/pages\/3883\/revisions\/4327"}],"wp:attachment":[{"href":"https:\/\/initechinfo.com\/fr\/wp-json\/wp\/v2\/media?parent=3883"}],"curies":[{"name":"wp","href":"https:\/\/api.w.org\/{rel}","templated":true}]}}