{"id":3901,"date":"2024-09-09T11:49:59","date_gmt":"2024-09-09T15:49:59","guid":{"rendered":"https:\/\/dev.initechinfo.com\/chariots-mobiles\/chariot-de-preparation-a-echelle-unique-pour-les-zones-dangereuses-c1d1\/"},"modified":"2025-02-16T16:37:04","modified_gmt":"2025-02-16T21:37:04","slug":"chariot-de-preparation-a-echelle-unique-pour-les-zones-dangereuses-c1d1","status":"publish","type":"page","link":"https:\/\/initechinfo.com\/fr\/chariots-mobiles\/chariot-de-preparation-a-echelle-unique-pour-les-zones-dangereuses-c1d1\/","title":{"rendered":"Chariot de pr\u00e9paration \u00e0 \u00e9chelle unique pour les zones dangereuses (C1D1)"},"content":{"rendered":"<div class=\"wpb-content-wrapper\"><p>[vc_row type=\u00a0\u00bbvc_default\u00a0\u00bb content_placement=\u00a0\u00bbmiddle\u00a0\u00bb][vc_column width=\u00a0\u00bb1\/2&Prime;][vc_single_image image=\u00a0\u00bb2518&Prime; img_size=\u00a0\u00bbmedium\u00a0\u00bb alignment=\u00a0\u00bbcenter\u00a0\u00bb css=\u00a0\u00bb\u00a0\u00bb][\/vc_column][vc_column width=\u00a0\u00bb1\/2&Prime;][vc_column_text css=\u00a0\u00bb\u00a0\u00bb]Ce chariot de compoundage \u00e0 \u00e9chelle unique s&rsquo;inspire du chariot mobile pilote d&rsquo;iniTECH, pr\u00e9sent\u00e9 pour la premi\u00e8re fois en 2007. Il est con\u00e7u pour r\u00e9sister \u00e0 des d\u00e9cennies d&rsquo;utilisation quotidienne et s\u00fbre dans des environnements C1D1 \/ Zone 1 et peut effectuer des versements pr\u00e9cis de 1g \u00e0 40kg. Sa batterie dure +30 heures, il n&rsquo;est donc pas n\u00e9cessaire de la recharger en cours de travail. La batterie peut \u00eatre recharg\u00e9e dans l&rsquo;environnement C1D1 \/ Zone 1 avec l&rsquo;option certifi\u00e9e ; avec l&rsquo;option non certifi\u00e9e, elle doit \u00eatre recharg\u00e9e dans une zone s\u00fbre. Cette station de travail mobile robuste tout-en-un est enti\u00e8rement fabriqu\u00e9e en acier inoxydable et a \u00e9t\u00e9 con\u00e7ue pour une utilisation et un nettoyage faciles. Il s&rsquo;agit d&rsquo;un chariot sans moteur, aliment\u00e9 par pouss\u00e9e et facile \u00e0 man\u0153uvrer, ce qui en fait le chariot id\u00e9al pour toute usine C1D1 \/ Zone 1.[\/vc_column_text][\/vc_column][\/vc_row][vc_row][vc_column][vc_empty_space height=\u00a0\u00bb40&Prime;]<div id=\"ultimate-heading-27569e078d25f149\" class=\"uvc-heading ult-adjust-bottom-margin ultimate-heading-27569e078d25f149 uvc-8903  uvc-heading-default-font-sizes\" data-hspacer=\"no_spacer\"  data-halign=\"center\" style=\"text-align:center\"><div class=\"uvc-heading-spacer no_spacer\" style=\"top\"><\/div><div class=\"uvc-main-heading ult-responsive\"  data-ultimate-target='.uvc-heading.ultimate-heading-27569e078d25f149 h2'  data-responsive-json-new='{\"font-size\":\"\",\"line-height\":\"\"}' ><h2 style=\"--font-weight:theme;\">Caract\u00e9ristiques<\/h2><\/div><\/div>[vc_empty_space height=\u00a0\u00bb60&Prime;][vc_row_inner][vc_column_inner width=\u00a0\u00bb1\/2&Prime;]<div class=\"standard-arrow bullet-top\"><section id=\"content8-4l\" class=\"content8 cid-tkCu0ygB8i\" data-bs-version=\"5.1\">\n<div class=\"container\">\n<div class=\"row justify-content-center\">\n<div class=\"counter-container col-md-12 col-lg-10\">\n<div class=\"mbr-text mbr-fonts-style display-7\">\n<ul>\n<li>Construit selon les <strong>normes GMP<\/strong><\/li>\n<li>Facile \u00e0 nettoyer, <strong>conception protectrice en acier inoxydable<\/strong>, choix de 304 ou 316<\/li>\n<li><strong>Roues<\/strong> de 8 pouces verrouillables, antid\u00e9rapantes, r\u00e9sistantes aux produits chimiques et robustes<\/li>\n<li><strong>Utilisation s\u00fbre<\/strong> dans les environnements C1D1 \/ Zone 1<\/li>\n<li>Capacit\u00e9 <strong>Wi-Fi\/Bluetooth<\/strong><\/li>\n<li>Int\u00e9gration avec <strong>tous les syst\u00e8mes MES<\/strong><\/li>\n<\/ul>\n<\/div>\n<\/div>\n<\/div>\n<\/div>\n<\/section>\n<section id=\"content8-4n\" class=\"content8 cid-tkCu0zmI0e\" data-bs-version=\"5.1\">\n<div class=\"container\">\n<div class=\"row justify-content-center\"><\/div>\n<\/div>\n<\/section>\n<\/div>[\/vc_column_inner][vc_column_inner width=\u00a0\u00bb1\/2&Prime;]<div class=\"standard-arrow bullet-top\"><section id=\"content8-4l\" class=\"content8 cid-tkCu0ygB8i\" data-bs-version=\"5.1\">\n<div class=\"container\">\n<div class=\"row justify-content-center\">\n<div class=\"counter-container col-md-12 col-lg-10\">\n<div class=\"mbr-text mbr-fonts-style display-7\">\n<ul>\n<li><strong>Balance Mettler Toledo<\/strong><\/li>\n<li><strong>Tablette<\/strong> C1D1<\/li>\n<li><strong>Batteries<\/strong> l\u00e9g\u00e8res au phosphate de fer lithium<\/li>\n<li>R\u00e9cipient \u00e0 <strong>ordures<\/strong><\/li>\n<li><strong>Porte-bo\u00eete \u00e0 gants<\/strong> en latex<\/li>\n<li><strong>Scanner manuel<\/strong> standard de qualit\u00e9 industrielle<\/li>\n<\/ul>\n<\/div>\n<\/div>\n<\/div>\n<\/div>\n<\/section>\n<section id=\"content8-4m\" class=\"content8 cid-tkCu0yM4OD\" data-bs-version=\"5.1\">\n<div class=\"container\">\n<div class=\"row justify-content-center\">\n<div class=\"counter-container col-md-12 col-lg-10\">\n<div class=\"mbr-text mbr-fonts-style display-7\"><\/div>\n<\/div>\n<\/div>\n<\/div>\n<\/section>\n<section id=\"content8-4n\" class=\"content8 cid-tkCu0zmI0e\" data-bs-version=\"5.1\">\n<div class=\"container\">\n<div class=\"row justify-content-center\">\n<div class=\"counter-container col-md-12 col-lg-10\">\n<div class=\"mbr-text mbr-fonts-style display-7\"><\/div>\n<\/div>\n<\/div>\n<\/div>\n<\/section>\n<\/div>[\/vc_column_inner][\/vc_row_inner][vc_row_inner][vc_column_inner][vc_empty_space height=\u00a0\u00bb60&Prime;][\/vc_column_inner][\/vc_row_inner][\/vc_column][\/vc_row][vc_row][vc_column]<div id=\"ultimate-heading-866169e078d25f723\" class=\"uvc-heading ult-adjust-bottom-margin ultimate-heading-866169e078d25f723 uvc-3254  uvc-heading-default-font-sizes\" data-hspacer=\"no_spacer\"  data-halign=\"center\" style=\"text-align:center\"><div class=\"uvc-heading-spacer no_spacer\" style=\"top\"><\/div><div class=\"uvc-main-heading ult-responsive\"  data-ultimate-target='.uvc-heading.ultimate-heading-866169e078d25f723 h2'  data-responsive-json-new='{\"font-size\":\"\",\"line-height\":\"\"}' ><h2 style=\"--font-weight:theme;\">Vous avez besoin de plus d'informations ?<\/h2><\/div><div class=\"uvc-sub-heading ult-responsive\"  data-ultimate-target='.uvc-heading.ultimate-heading-866169e078d25f723 .uvc-sub-heading '  data-responsive-json-new='{\"font-size\":\"desktop:18px;\",\"line-height\":\"desktop:24px;\"}'  style=\"font-weight:bold;color:#0b3655;\">Contactez nous.<\/div><\/div>[vc_empty_space height=\u00a0\u00bb40&Prime;]<style type=\"text\/css\" data-type=\"the7_shortcodes-inline-css\">#default-btn-2439df83d08eda176f41c159188091ec {\n  border-radius: 0px;\n  font-size: 14px;\n  line-height: 16px;\n}\n.btn-shadow#default-btn-2439df83d08eda176f41c159188091ec {\n  box-shadow: 0 1px 6px rgba(0,0,0,0.12);\n  transition: box-shadow 0.2s ease-out, opacity 0.45s;\n}\n.btn-shadow#default-btn-2439df83d08eda176f41c159188091ec:hover {\n  box-shadow: 0 5px 11px 0 rgba(0,0,0,0.18), 0 4px 15px 0 rgba(0,0,0,0.15);\n}\n.btn-3d#default-btn-2439df83d08eda176f41c159188091ec {\n  box-shadow: 0px 2px 0px 0px #e58f49;\n}\n.btn-3d#default-btn-2439df83d08eda176f41c159188091ec:hover {\n  box-shadow: 0px 2px 0px 0px #b95f2a;\n}\n.btn-flat#default-btn-2439df83d08eda176f41c159188091ec {\n  box-shadow: none;\n}\n.btn-flat#default-btn-2439df83d08eda176f41c159188091ec:hover {\n  box-shadow: none;\n}\n#default-btn-2439df83d08eda176f41c159188091ec.ico-right-side > i {\n  margin-right: 0px;\n  margin-left: 8px;\n}\n#default-btn-2439df83d08eda176f41c159188091ec > i {\n  margin-right: 8px;\n  font-size: 14px;\n}\n#default-btn-2439df83d08eda176f41c159188091ec:not(:hover) {\n  border-width: 0px;\n  background: #fbae70 !important;\n  padding: 11px 18px 11px 18px;\n}\n#default-btn-2439df83d08eda176f41c159188091ec:hover {\n  border-width: 0px;\n  background: #ec7834 !important;\n  padding: 11px 18px 11px 18px;\n}\n#default-btn-2439df83d08eda176f41c159188091ec.ico-right-side > i {\n  margin-right: 0px;\n  margin-left: 8px;\n}\n#default-btn-2439df83d08eda176f41c159188091ec > i {\n  margin-right: 8px;\n}<\/style><div class=\"btn-align-center\"><a href=\"\/fr\/contact\/\" class=\"default-btn-shortcode dt-btn link-hover-off btn-flat  vc_custom_1739741824406\" id=\"default-btn-2439df83d08eda176f41c159188091ec\"><span>Entrer en contact<\/span><\/a><\/div>[\/vc_column][\/vc_row]<\/p>\n<\/div>","protected":false},"excerpt":{"rendered":"<p>[vc_row type=\u00a0\u00bbvc_default\u00a0\u00bb content_placement=\u00a0\u00bbmiddle\u00a0\u00bb][vc_column width=\u00a0\u00bb1\/2&Prime;][vc_single_image image=\u00a0\u00bb2518&Prime; img_size=\u00a0\u00bbmedium\u00a0\u00bb alignment=\u00a0\u00bbcenter\u00a0\u00bb css=\u00a0\u00bb\u00a0\u00bb][\/vc_column][vc_column width=\u00a0\u00bb1\/2&Prime;][vc_column_text css=\u00a0\u00bb\u00a0\u00bb]Ce chariot de compoundage \u00e0 \u00e9chelle unique s&rsquo;inspire du chariot mobile pilote d&rsquo;iniTECH, pr\u00e9sent\u00e9 pour la premi\u00e8re fois en 2007. Il est con\u00e7u pour r\u00e9sister \u00e0 des d\u00e9cennies d&rsquo;utilisation quotidienne et s\u00fbre dans des environnements C1D1 \/ Zone 1 et peut effectuer des versements pr\u00e9cis de&hellip;<\/p>\n","protected":false},"author":1,"featured_media":0,"parent":3860,"menu_order":0,"comment_status":"closed","ping_status":"closed","template":"","meta":{"footnotes":""},"class_list":["post-3901","page","type-page","status-publish","hentry","description-off"],"yoast_head":"<!-- This site is optimized with the Yoast SEO plugin v26.6 - https:\/\/yoast.com\/wordpress\/plugins\/seo\/ -->\n<title>Chariot de pr\u00e9paration \u00e0 \u00e9chelle unique pour les zones dangereuses (C1D1) &#187; iniTECH<\/title>\n<meta name=\"robots\" content=\"index, follow, max-snippet:-1, max-image-preview:large, max-video-preview:-1\" \/>\n<link rel=\"canonical\" href=\"https:\/\/initechinfo.com\/fr\/chariots-mobiles\/chariot-de-preparation-a-echelle-unique-pour-les-zones-dangereuses-c1d1\/\" \/>\n<meta property=\"og:locale\" content=\"fr_FR\" \/>\n<meta property=\"og:type\" content=\"article\" \/>\n<meta property=\"og:title\" content=\"Chariot de pr\u00e9paration \u00e0 \u00e9chelle unique pour les zones dangereuses (C1D1) &#187; iniTECH\" \/>\n<meta property=\"og:description\" content=\"[vc_row type=\u00a0\u00bbvc_default\u00a0\u00bb content_placement=\u00a0\u00bbmiddle\u00a0\u00bb][vc_column width=\u00a0\u00bb1\/2&Prime;][vc_single_image image=\u00a0\u00bb2518&Prime; img_size=\u00a0\u00bbmedium\u00a0\u00bb alignment=\u00a0\u00bbcenter\u00a0\u00bb css=\u00a0\u00bb\u00a0\u00bb][\/vc_column][vc_column width=\u00a0\u00bb1\/2&Prime;][vc_column_text css=\u00a0\u00bb\u00a0\u00bb]Ce chariot de compoundage \u00e0 \u00e9chelle unique s&rsquo;inspire du chariot mobile pilote d&rsquo;iniTECH, pr\u00e9sent\u00e9 pour la premi\u00e8re fois en 2007. Il est con\u00e7u pour r\u00e9sister \u00e0 des d\u00e9cennies d&rsquo;utilisation quotidienne et s\u00fbre dans des environnements C1D1 \/ Zone 1 et peut effectuer des versements pr\u00e9cis de&hellip;\" \/>\n<meta property=\"og:url\" content=\"https:\/\/initechinfo.com\/fr\/chariots-mobiles\/chariot-de-preparation-a-echelle-unique-pour-les-zones-dangereuses-c1d1\/\" \/>\n<meta property=\"og:site_name\" content=\"iniTECH\" \/>\n<meta property=\"article:modified_time\" content=\"2025-02-16T21:37:04+00:00\" \/>\n<meta name=\"twitter:card\" content=\"summary_large_image\" \/>\n<meta name=\"twitter:label1\" content=\"Dur\u00e9e de lecture estim\u00e9e\" \/>\n\t<meta name=\"twitter:data1\" content=\"2 minutes\" \/>\n<script type=\"application\/ld+json\" class=\"yoast-schema-graph\">{\"@context\":\"https:\/\/schema.org\",\"@graph\":[{\"@type\":\"WebPage\",\"@id\":\"https:\/\/initechinfo.com\/fr\/chariots-mobiles\/chariot-de-preparation-a-echelle-unique-pour-les-zones-dangereuses-c1d1\/\",\"url\":\"https:\/\/initechinfo.com\/fr\/chariots-mobiles\/chariot-de-preparation-a-echelle-unique-pour-les-zones-dangereuses-c1d1\/\",\"name\":\"Chariot de pr\u00e9paration \u00e0 \u00e9chelle unique pour les zones dangereuses (C1D1) &#187; iniTECH\",\"isPartOf\":{\"@id\":\"https:\/\/initechinfo.com\/fr\/#website\"},\"datePublished\":\"2024-09-09T15:49:59+00:00\",\"dateModified\":\"2025-02-16T21:37:04+00:00\",\"breadcrumb\":{\"@id\":\"https:\/\/initechinfo.com\/fr\/chariots-mobiles\/chariot-de-preparation-a-echelle-unique-pour-les-zones-dangereuses-c1d1\/#breadcrumb\"},\"inLanguage\":\"fr-FR\",\"potentialAction\":[{\"@type\":\"ReadAction\",\"target\":[\"https:\/\/initechinfo.com\/fr\/chariots-mobiles\/chariot-de-preparation-a-echelle-unique-pour-les-zones-dangereuses-c1d1\/\"]}]},{\"@type\":\"BreadcrumbList\",\"@id\":\"https:\/\/initechinfo.com\/fr\/chariots-mobiles\/chariot-de-preparation-a-echelle-unique-pour-les-zones-dangereuses-c1d1\/#breadcrumb\",\"itemListElement\":[{\"@type\":\"ListItem\",\"position\":1,\"name\":\"Home\",\"item\":\"https:\/\/initechinfo.com\/fr\/\"},{\"@type\":\"ListItem\",\"position\":2,\"name\":\"Chariots Mobiles\",\"item\":\"https:\/\/initechinfo.com\/fr\/chariots-mobiles\/\"},{\"@type\":\"ListItem\",\"position\":3,\"name\":\"Chariot de pr\u00e9paration \u00e0 \u00e9chelle unique pour les zones dangereuses (C1D1)\"}]},{\"@type\":\"WebSite\",\"@id\":\"https:\/\/initechinfo.com\/fr\/#website\",\"url\":\"https:\/\/initechinfo.com\/fr\/\",\"name\":\"iniTECH\",\"description\":\"\",\"potentialAction\":[{\"@type\":\"SearchAction\",\"target\":{\"@type\":\"EntryPoint\",\"urlTemplate\":\"https:\/\/initechinfo.com\/fr\/?s={search_term_string}\"},\"query-input\":{\"@type\":\"PropertyValueSpecification\",\"valueRequired\":true,\"valueName\":\"search_term_string\"}}],\"inLanguage\":\"fr-FR\"}]}<\/script>\n<!-- \/ Yoast SEO plugin. -->","yoast_head_json":{"title":"Chariot de pr\u00e9paration \u00e0 \u00e9chelle unique pour les zones dangereuses (C1D1) &#187; iniTECH","robots":{"index":"index","follow":"follow","max-snippet":"max-snippet:-1","max-image-preview":"max-image-preview:large","max-video-preview":"max-video-preview:-1"},"canonical":"https:\/\/initechinfo.com\/fr\/chariots-mobiles\/chariot-de-preparation-a-echelle-unique-pour-les-zones-dangereuses-c1d1\/","og_locale":"fr_FR","og_type":"article","og_title":"Chariot de pr\u00e9paration \u00e0 \u00e9chelle unique pour les zones dangereuses (C1D1) &#187; iniTECH","og_description":"[vc_row type=\u00a0\u00bbvc_default\u00a0\u00bb content_placement=\u00a0\u00bbmiddle\u00a0\u00bb][vc_column width=\u00a0\u00bb1\/2&Prime;][vc_single_image image=\u00a0\u00bb2518&Prime; img_size=\u00a0\u00bbmedium\u00a0\u00bb alignment=\u00a0\u00bbcenter\u00a0\u00bb css=\u00a0\u00bb\u00a0\u00bb][\/vc_column][vc_column width=\u00a0\u00bb1\/2&Prime;][vc_column_text css=\u00a0\u00bb\u00a0\u00bb]Ce chariot de compoundage \u00e0 \u00e9chelle unique s&rsquo;inspire du chariot mobile pilote d&rsquo;iniTECH, pr\u00e9sent\u00e9 pour la premi\u00e8re fois en 2007. Il est con\u00e7u pour r\u00e9sister \u00e0 des d\u00e9cennies d&rsquo;utilisation quotidienne et s\u00fbre dans des environnements C1D1 \/ Zone 1 et peut effectuer des versements pr\u00e9cis de&hellip;","og_url":"https:\/\/initechinfo.com\/fr\/chariots-mobiles\/chariot-de-preparation-a-echelle-unique-pour-les-zones-dangereuses-c1d1\/","og_site_name":"iniTECH","article_modified_time":"2025-02-16T21:37:04+00:00","twitter_card":"summary_large_image","twitter_misc":{"Dur\u00e9e de lecture estim\u00e9e":"2 minutes"},"schema":{"@context":"https:\/\/schema.org","@graph":[{"@type":"WebPage","@id":"https:\/\/initechinfo.com\/fr\/chariots-mobiles\/chariot-de-preparation-a-echelle-unique-pour-les-zones-dangereuses-c1d1\/","url":"https:\/\/initechinfo.com\/fr\/chariots-mobiles\/chariot-de-preparation-a-echelle-unique-pour-les-zones-dangereuses-c1d1\/","name":"Chariot de pr\u00e9paration \u00e0 \u00e9chelle unique pour les zones dangereuses (C1D1) &#187; iniTECH","isPartOf":{"@id":"https:\/\/initechinfo.com\/fr\/#website"},"datePublished":"2024-09-09T15:49:59+00:00","dateModified":"2025-02-16T21:37:04+00:00","breadcrumb":{"@id":"https:\/\/initechinfo.com\/fr\/chariots-mobiles\/chariot-de-preparation-a-echelle-unique-pour-les-zones-dangereuses-c1d1\/#breadcrumb"},"inLanguage":"fr-FR","potentialAction":[{"@type":"ReadAction","target":["https:\/\/initechinfo.com\/fr\/chariots-mobiles\/chariot-de-preparation-a-echelle-unique-pour-les-zones-dangereuses-c1d1\/"]}]},{"@type":"BreadcrumbList","@id":"https:\/\/initechinfo.com\/fr\/chariots-mobiles\/chariot-de-preparation-a-echelle-unique-pour-les-zones-dangereuses-c1d1\/#breadcrumb","itemListElement":[{"@type":"ListItem","position":1,"name":"Home","item":"https:\/\/initechinfo.com\/fr\/"},{"@type":"ListItem","position":2,"name":"Chariots Mobiles","item":"https:\/\/initechinfo.com\/fr\/chariots-mobiles\/"},{"@type":"ListItem","position":3,"name":"Chariot de pr\u00e9paration \u00e0 \u00e9chelle unique pour les zones dangereuses (C1D1)"}]},{"@type":"WebSite","@id":"https:\/\/initechinfo.com\/fr\/#website","url":"https:\/\/initechinfo.com\/fr\/","name":"iniTECH","description":"","potentialAction":[{"@type":"SearchAction","target":{"@type":"EntryPoint","urlTemplate":"https:\/\/initechinfo.com\/fr\/?s={search_term_string}"},"query-input":{"@type":"PropertyValueSpecification","valueRequired":true,"valueName":"search_term_string"}}],"inLanguage":"fr-FR"}]}},"_links":{"self":[{"href":"https:\/\/initechinfo.com\/fr\/wp-json\/wp\/v2\/pages\/3901","targetHints":{"allow":["GET"]}}],"collection":[{"href":"https:\/\/initechinfo.com\/fr\/wp-json\/wp\/v2\/pages"}],"about":[{"href":"https:\/\/initechinfo.com\/fr\/wp-json\/wp\/v2\/types\/page"}],"author":[{"embeddable":true,"href":"https:\/\/initechinfo.com\/fr\/wp-json\/wp\/v2\/users\/1"}],"replies":[{"embeddable":true,"href":"https:\/\/initechinfo.com\/fr\/wp-json\/wp\/v2\/comments?post=3901"}],"version-history":[{"count":6,"href":"https:\/\/initechinfo.com\/fr\/wp-json\/wp\/v2\/pages\/3901\/revisions"}],"predecessor-version":[{"id":4321,"href":"https:\/\/initechinfo.com\/fr\/wp-json\/wp\/v2\/pages\/3901\/revisions\/4321"}],"up":[{"embeddable":true,"href":"https:\/\/initechinfo.com\/fr\/wp-json\/wp\/v2\/pages\/3860"}],"wp:attachment":[{"href":"https:\/\/initechinfo.com\/fr\/wp-json\/wp\/v2\/media?parent=3901"}],"curies":[{"name":"wp","href":"https:\/\/api.w.org\/{rel}","templated":true}]}}