{"id":3904,"date":"2024-09-09T12:08:24","date_gmt":"2024-09-09T16:08:24","guid":{"rendered":"https:\/\/dev.initechinfo.com\/chariots-mobiles\/chariot-de-remplissage-a-bras-milton\/"},"modified":"2025-09-16T10:46:30","modified_gmt":"2025-09-16T14:46:30","slug":"chariot-de-remplissage-a-bras-milton","status":"publish","type":"page","link":"https:\/\/initechinfo.com\/fr\/chariots-mobiles\/chariot-de-remplissage-a-bras-milton\/","title":{"rendered":"Chariot Milton de remplissage \u00e0 bras"},"content":{"rendered":"<div class=\"wpb-content-wrapper\"><p>[vc_row type=\u00a0\u00bbvc_default\u00a0\u00bb content_placement=\u00a0\u00bbmiddle\u00a0\u00bb][vc_column width=\u00a0\u00bb1\/2&Prime;]<div id=\"ultimate-video-20469e08a5633072\" class=\"ult-video  ult-adjust-bottom-margin ultimate-video-20469e08a5633072 ultv-1696 \"><div class=\"ultv-video ultv-aspect-ratio-16_9 ultv-subscribe-responsive-none\" data-videotype=\"uv_iframe\">\n\t\t\t\t\t\t<div class=\"ultv-video__outer-wrap\" data-autoplay=\"0\" data-device=\"false\"  data-iconbg=\"#3A3A3A\" data-overcolor=\"\" data-defaultbg=\"#1f1f1e\" data-defaultplay=\"defaulticon\"><div class=\"ultv-video__play\" data-src=\"https:\/\/www.youtube.com\/embed\/WbrxB8-5pho?rel=0&#038;start&#038;end&#038;controls=1&#038;mute=0&#038;modestbranding=0&#038;autoplay=1\">\n\t\t\t\t\t\t\t\t<img decoding=\"async\" class=\"ultv-video__thumb\" src=\"https:\/\/initechinfo.com\/wp-content\/uploads\/2025\/07\/milton-arm-cart.jpg\"\/>\n\t\t\t\t\t\t\t\t<div class=\"ultv-video__play-icon  ultv-animation-none\" style=\"width:75px\"><svg height=\"100%\" version=\"1.1\" viewBox=\"0 0 68 48\" width=\"100%\"><path class=\"ultv-youtube-icon-bg\" d=\"m .66,37.62 c 0,0 .66,4.70 2.70,6.77 2.58,2.71 5.98,2.63 7.49,2.91 5.43,.52 23.10,.68 23.12,.68 .00,-1.3e-5 14.29,-0.02 23.81,-0.71 1.32,-0.15 4.22,-0.17 6.81,-2.89 2.03,-2.07 2.70,-6.77 2.70,-6.77 0,0 .67,-5.52 .67,-11.04 l 0,-5.17 c 0,-5.52 -0.67,-11.04 -0.67,-11.04 0,0 -0.66,-4.70 -2.70,-6.77 C 62.03,.86 59.13,.84 57.80,.69 48.28,0 34.00,0 34.00,0 33.97,0 19.69,0 10.18,.69 8.85,.84 5.95,.86 3.36,3.58 1.32,5.65 .66,10.35 .66,10.35 c 0,0 -0.55,4.50 -0.66,9.45 l 0,8.36 c .10,4.94 .66,9.45 .66,9.45 z\" fill=\"#1f1f1e\" ><\/path><path d=\"m 26.96,13.67 18.37,9.62 -18.37,9.55 -0.00,-19.17 z\" fill=\"#fff\"><\/path><path d=\"M 45.02,23.46 45.32,23.28 26.96,13.67 43.32,22.34 45.02,23.46 z\" fill=\"#ccc\"><\/path><\/svg><\/div> <\/div> <\/div><\/div><\/div>[\/vc_column][vc_column width=\u00a0\u00bb1\/2&Prime;][vc_column_text css=\u00a0\u00bb\u00a0\u00bb]Ce tout nouveau chariot de remplissage est l&rsquo;un des pr\u00e9f\u00e9r\u00e9s de notre \u00e9quipe d&rsquo;ing\u00e9nierie centr\u00e9e sur l&rsquo;all\u00e8gement. \u00c9quip\u00e9 d&rsquo;un bras \u00e0 contrepoids sans poids, aliment\u00e9 par une pompe, ce chariot est con\u00e7u pour remplir des bacs ou des r\u00e9cipients roulants. L&rsquo;op\u00e9rateur dispose d&rsquo;un interrupteur au pouce qui verrouille le bras en position avec la buse du jerrycan. Il peut se connecter sans fil \u00e0 n&rsquo;importe quelle t\u00eate de pes\u00e9e et dispose d&rsquo;une batterie d&rsquo;une autonomie de 30 heures, ce qui \u00e9vite d&rsquo;avoir \u00e0 la recharger en cours de travail. Ce poste de travail mobile robuste tout-en-un, en instance de brevet, est enti\u00e8rement fabriqu\u00e9 en acier inoxydable et a \u00e9t\u00e9 con\u00e7u pour des d\u00e9cennies d&rsquo;utilisation quotidienne et de nettoyage facile. Il s&rsquo;agit d&rsquo;un chariot \u00e0 pousser qui est tr\u00e8s facile \u00e0 man\u0153uvrer.[\/vc_column_text][\/vc_column][\/vc_row][vc_row][vc_column][vc_empty_space height=\u00a0\u00bb40&Prime;]<div id=\"ultimate-heading-668969e08a5635364\" class=\"uvc-heading ult-adjust-bottom-margin ultimate-heading-668969e08a5635364 uvc-4169  uvc-heading-default-font-sizes\" data-hspacer=\"no_spacer\"  data-halign=\"center\" style=\"text-align:center\"><div class=\"uvc-heading-spacer no_spacer\" style=\"top\"><\/div><div class=\"uvc-main-heading ult-responsive\"  data-ultimate-target='.uvc-heading.ultimate-heading-668969e08a5635364 h2'  data-responsive-json-new='{\"font-size\":\"\",\"line-height\":\"\"}' ><h2 style=\"--font-weight:theme;\">Caract\u00e9ristiques<\/h2><\/div><\/div>[vc_empty_space height=\u00a0\u00bb60&Prime;][vc_row_inner][vc_column_inner width=\u00a0\u00bb1\/2&Prime;]<div class=\"standard-arrow bullet-top\"><section id=\"content8-2y\" class=\"content8 cid-tiDsOwfeCH\" data-bs-version=\"5.1\">\n<div class=\"container\">\n<div class=\"row justify-content-center\">\n<div class=\"counter-container col-md-12 col-lg-10\">\n<div class=\"mbr-text mbr-fonts-style display-7\">\n<ul>\n<li>Construit selon les <strong>normes GMP<\/strong><\/li>\n<li>Facile \u00e0 nettoyer, <strong>conception protectrice en acier inoxydable<\/strong>, choix de 304 ou 316<\/li>\n<li><strong>Roues<\/strong> de 8 pouces verrouillables, antid\u00e9rapantes, r\u00e9sistantes aux produits chimiques et robustes<\/li>\n<li>Capacit\u00e9 <strong>Wi-Fi\/Bluetooth<\/strong><\/li>\n<li>Int\u00e9gration avec <strong>tous les syst\u00e8mes MES<\/strong><\/li>\n<li><strong>Pompe<\/strong> EZ Clean<\/li>\n<li><strong>Ordinateur<\/strong> de classe pharmaceutique en acier inoxydable NEMA4X , mont\u00e9 sur pivot<\/li>\n<\/ul>\n<\/div>\n<\/div>\n<\/div>\n<\/div>\n<\/section>\n<\/div>[\/vc_column_inner][vc_column_inner width=\u00a0\u00bb1\/2&Prime;]<div class=\"standard-arrow bullet-top\"><section id=\"content8-2y\" class=\"content8 cid-tiDsOwfeCH\" data-bs-version=\"5.1\">\n<div class=\"container\">\n<div class=\"row justify-content-center\">\n<div class=\"counter-container col-md-12 col-lg-10\">\n<div class=\"mbr-text mbr-fonts-style display-7\">\n<ul>\n<li>Options de <strong>puissance d&rsquo;entr\u00e9e<\/strong>: 110v, 220v, 480v<\/li>\n<li><strong>Connexion sans fil<\/strong> \u00e0 la balance ou \u00e0 la t\u00eate de pes\u00e9e<\/li>\n<li>R\u00e9cipient \u00e0 <strong>ordures<\/strong><\/li>\n<li><strong>Porte-bo\u00eete \u00e0 gants<\/strong> en latex<\/li>\n<li><strong>Scanner manuel<\/strong> de qualit\u00e9 industrielle (standard)<\/li>\n<li><strong>Scanner portable<\/strong> (en option)<\/li>\n<\/ul>\n<\/div>\n<\/div>\n<\/div>\n<\/div>\n<\/section>\n<section id=\"content8-2z\" class=\"content8 cid-tiDsOwMtex\" data-bs-version=\"5.1\">\n<div class=\"container\">\n<div class=\"row justify-content-center\">\n<div class=\"counter-container col-md-12 col-lg-10\">\n<div class=\"mbr-text mbr-fonts-style display-7\"><\/div>\n<\/div>\n<\/div>\n<\/div>\n<\/section>\n<section id=\"content8-30\" class=\"content8 cid-tiDsOxjAxG\" data-bs-version=\"5.1\">\n<div class=\"container\">\n<div class=\"row justify-content-center\">\n<div class=\"counter-container col-md-12 col-lg-10\">\n<div class=\"mbr-text mbr-fonts-style display-7\"><\/div>\n<\/div>\n<\/div>\n<\/div>\n<\/section>\n<\/div>[\/vc_column_inner][\/vc_row_inner][vc_row_inner][vc_column_inner][vc_empty_space height=\u00a0\u00bb60&Prime;][\/vc_column_inner][\/vc_row_inner][\/vc_column][\/vc_row][vc_row][vc_column]<div id=\"ultimate-heading-399869e08a5635887\" class=\"uvc-heading ult-adjust-bottom-margin ultimate-heading-399869e08a5635887 uvc-3053  uvc-heading-default-font-sizes\" data-hspacer=\"no_spacer\"  data-halign=\"center\" style=\"text-align:center\"><div class=\"uvc-heading-spacer no_spacer\" style=\"top\"><\/div><div class=\"uvc-main-heading ult-responsive\"  data-ultimate-target='.uvc-heading.ultimate-heading-399869e08a5635887 h2'  data-responsive-json-new='{\"font-size\":\"\",\"line-height\":\"\"}' ><h2 style=\"--font-weight:theme;\">Vous avez besoin de plus d&apos;informations ?<\/h2><\/div><div class=\"uvc-sub-heading ult-responsive\"  data-ultimate-target='.uvc-heading.ultimate-heading-399869e08a5635887 .uvc-sub-heading '  data-responsive-json-new='{\"font-size\":\"desktop:18px;\",\"line-height\":\"desktop:24px;\"}'  style=\"font-weight:bold;color:#0b3655;\">Contactez nous.<\/div><\/div>[vc_empty_space height=\u00a0\u00bb40&Prime;]<style type=\"text\/css\" data-type=\"the7_shortcodes-inline-css\">#default-btn-97b7bb32b40e41437ac2ad59c4542f56 {\n  border-radius: 0px;\n  font-size: 14px;\n  line-height: 16px;\n}\n.btn-shadow#default-btn-97b7bb32b40e41437ac2ad59c4542f56 {\n  box-shadow: 0 1px 6px rgba(0,0,0,0.12);\n  transition: box-shadow 0.2s ease-out, opacity 0.45s;\n}\n.btn-shadow#default-btn-97b7bb32b40e41437ac2ad59c4542f56:hover {\n  box-shadow: 0 5px 11px 0 rgba(0,0,0,0.18), 0 4px 15px 0 rgba(0,0,0,0.15);\n}\n.btn-3d#default-btn-97b7bb32b40e41437ac2ad59c4542f56 {\n  box-shadow: 0px 2px 0px 0px #e58f49;\n}\n.btn-3d#default-btn-97b7bb32b40e41437ac2ad59c4542f56:hover {\n  box-shadow: 0px 2px 0px 0px #b95f2a;\n}\n.btn-flat#default-btn-97b7bb32b40e41437ac2ad59c4542f56 {\n  box-shadow: none;\n}\n.btn-flat#default-btn-97b7bb32b40e41437ac2ad59c4542f56:hover {\n  box-shadow: none;\n}\n#default-btn-97b7bb32b40e41437ac2ad59c4542f56.ico-right-side > i {\n  margin-right: 0px;\n  margin-left: 8px;\n}\n#default-btn-97b7bb32b40e41437ac2ad59c4542f56 > i {\n  margin-right: 8px;\n  font-size: 14px;\n}\n#default-btn-97b7bb32b40e41437ac2ad59c4542f56:not(:hover) {\n  border-width: 0px;\n  background: #fbae70 !important;\n  padding: 11px 18px 11px 18px;\n}\n#default-btn-97b7bb32b40e41437ac2ad59c4542f56:hover {\n  border-width: 0px;\n  background: #ec7834 !important;\n  padding: 11px 18px 11px 18px;\n}\n#default-btn-97b7bb32b40e41437ac2ad59c4542f56.ico-right-side > i {\n  margin-right: 0px;\n  margin-left: 8px;\n}\n#default-btn-97b7bb32b40e41437ac2ad59c4542f56 > i {\n  margin-right: 8px;\n}<\/style><div class=\"btn-align-center\"><a href=\"\/contact\/\" class=\"default-btn-shortcode dt-btn link-hover-off btn-flat  vc_custom_1730831655237\" id=\"default-btn-97b7bb32b40e41437ac2ad59c4542f56\"><span>Get in Touch<\/span><\/a><\/div>[\/vc_column][\/vc_row]<\/p>\n<\/div>","protected":false},"excerpt":{"rendered":"<p>[vc_row type=\u00a0\u00bbvc_default\u00a0\u00bb content_placement=\u00a0\u00bbmiddle\u00a0\u00bb][vc_column width=\u00a0\u00bb1\/2&Prime;][\/vc_column][vc_column width=\u00a0\u00bb1\/2&Prime;][vc_column_text css=\u00a0\u00bb\u00a0\u00bb]Ce tout nouveau chariot de remplissage est l&rsquo;un des pr\u00e9f\u00e9r\u00e9s de notre \u00e9quipe d&rsquo;ing\u00e9nierie centr\u00e9e sur l&rsquo;all\u00e8gement. \u00c9quip\u00e9 d&rsquo;un bras \u00e0 contrepoids sans poids, aliment\u00e9 par une pompe, ce chariot est con\u00e7u pour remplir des bacs ou des r\u00e9cipients roulants. L&rsquo;op\u00e9rateur dispose d&rsquo;un interrupteur au pouce qui verrouille le bras&hellip;<\/p>\n","protected":false},"author":1,"featured_media":0,"parent":3860,"menu_order":0,"comment_status":"closed","ping_status":"closed","template":"","meta":{"footnotes":""},"class_list":["post-3904","page","type-page","status-publish","hentry","description-off"],"yoast_head":"<!-- This site is optimized with the Yoast SEO plugin v26.6 - https:\/\/yoast.com\/wordpress\/plugins\/seo\/ -->\n<title>Chariot Milton de remplissage \u00e0 bras &#187; iniTECH<\/title>\n<meta name=\"robots\" content=\"index, follow, max-snippet:-1, max-image-preview:large, max-video-preview:-1\" \/>\n<link rel=\"canonical\" href=\"https:\/\/initechinfo.com\/fr\/chariots-mobiles\/chariot-de-remplissage-a-bras-milton\/\" \/>\n<meta property=\"og:locale\" content=\"fr_FR\" \/>\n<meta property=\"og:type\" content=\"article\" \/>\n<meta property=\"og:title\" content=\"Chariot Milton de remplissage \u00e0 bras &#187; iniTECH\" \/>\n<meta property=\"og:description\" content=\"[vc_row type=\u00a0\u00bbvc_default\u00a0\u00bb content_placement=\u00a0\u00bbmiddle\u00a0\u00bb][vc_column width=\u00a0\u00bb1\/2&Prime;][\/vc_column][vc_column width=\u00a0\u00bb1\/2&Prime;][vc_column_text css=\u00a0\u00bb\u00a0\u00bb]Ce tout nouveau chariot de remplissage est l&rsquo;un des pr\u00e9f\u00e9r\u00e9s de notre \u00e9quipe d&rsquo;ing\u00e9nierie centr\u00e9e sur l&rsquo;all\u00e8gement. \u00c9quip\u00e9 d&rsquo;un bras \u00e0 contrepoids sans poids, aliment\u00e9 par une pompe, ce chariot est con\u00e7u pour remplir des bacs ou des r\u00e9cipients roulants. L&rsquo;op\u00e9rateur dispose d&rsquo;un interrupteur au pouce qui verrouille le bras&hellip;\" \/>\n<meta property=\"og:url\" content=\"https:\/\/initechinfo.com\/fr\/chariots-mobiles\/chariot-de-remplissage-a-bras-milton\/\" \/>\n<meta property=\"og:site_name\" content=\"iniTECH\" \/>\n<meta property=\"article:modified_time\" content=\"2025-09-16T14:46:30+00:00\" \/>\n<meta name=\"twitter:card\" content=\"summary_large_image\" \/>\n<meta name=\"twitter:label1\" content=\"Dur\u00e9e de lecture estim\u00e9e\" \/>\n\t<meta name=\"twitter:data1\" content=\"2 minutes\" \/>\n<script type=\"application\/ld+json\" class=\"yoast-schema-graph\">{\"@context\":\"https:\/\/schema.org\",\"@graph\":[{\"@type\":\"WebPage\",\"@id\":\"https:\/\/initechinfo.com\/fr\/chariots-mobiles\/chariot-de-remplissage-a-bras-milton\/\",\"url\":\"https:\/\/initechinfo.com\/fr\/chariots-mobiles\/chariot-de-remplissage-a-bras-milton\/\",\"name\":\"Chariot Milton de remplissage \u00e0 bras &#187; iniTECH\",\"isPartOf\":{\"@id\":\"https:\/\/initechinfo.com\/fr\/#website\"},\"datePublished\":\"2024-09-09T16:08:24+00:00\",\"dateModified\":\"2025-09-16T14:46:30+00:00\",\"breadcrumb\":{\"@id\":\"https:\/\/initechinfo.com\/fr\/chariots-mobiles\/chariot-de-remplissage-a-bras-milton\/#breadcrumb\"},\"inLanguage\":\"fr-FR\",\"potentialAction\":[{\"@type\":\"ReadAction\",\"target\":[\"https:\/\/initechinfo.com\/fr\/chariots-mobiles\/chariot-de-remplissage-a-bras-milton\/\"]}]},{\"@type\":\"BreadcrumbList\",\"@id\":\"https:\/\/initechinfo.com\/fr\/chariots-mobiles\/chariot-de-remplissage-a-bras-milton\/#breadcrumb\",\"itemListElement\":[{\"@type\":\"ListItem\",\"position\":1,\"name\":\"Home\",\"item\":\"https:\/\/initechinfo.com\/fr\/\"},{\"@type\":\"ListItem\",\"position\":2,\"name\":\"Chariots Mobiles\",\"item\":\"https:\/\/initechinfo.com\/fr\/chariots-mobiles\/\"},{\"@type\":\"ListItem\",\"position\":3,\"name\":\"Chariot Milton de remplissage \u00e0 bras\"}]},{\"@type\":\"WebSite\",\"@id\":\"https:\/\/initechinfo.com\/fr\/#website\",\"url\":\"https:\/\/initechinfo.com\/fr\/\",\"name\":\"iniTECH\",\"description\":\"\",\"potentialAction\":[{\"@type\":\"SearchAction\",\"target\":{\"@type\":\"EntryPoint\",\"urlTemplate\":\"https:\/\/initechinfo.com\/fr\/?s={search_term_string}\"},\"query-input\":{\"@type\":\"PropertyValueSpecification\",\"valueRequired\":true,\"valueName\":\"search_term_string\"}}],\"inLanguage\":\"fr-FR\"}]}<\/script>\n<!-- \/ Yoast SEO plugin. -->","yoast_head_json":{"title":"Chariot Milton de remplissage \u00e0 bras &#187; iniTECH","robots":{"index":"index","follow":"follow","max-snippet":"max-snippet:-1","max-image-preview":"max-image-preview:large","max-video-preview":"max-video-preview:-1"},"canonical":"https:\/\/initechinfo.com\/fr\/chariots-mobiles\/chariot-de-remplissage-a-bras-milton\/","og_locale":"fr_FR","og_type":"article","og_title":"Chariot Milton de remplissage \u00e0 bras &#187; iniTECH","og_description":"[vc_row type=\u00a0\u00bbvc_default\u00a0\u00bb content_placement=\u00a0\u00bbmiddle\u00a0\u00bb][vc_column width=\u00a0\u00bb1\/2&Prime;][\/vc_column][vc_column width=\u00a0\u00bb1\/2&Prime;][vc_column_text css=\u00a0\u00bb\u00a0\u00bb]Ce tout nouveau chariot de remplissage est l&rsquo;un des pr\u00e9f\u00e9r\u00e9s de notre \u00e9quipe d&rsquo;ing\u00e9nierie centr\u00e9e sur l&rsquo;all\u00e8gement. \u00c9quip\u00e9 d&rsquo;un bras \u00e0 contrepoids sans poids, aliment\u00e9 par une pompe, ce chariot est con\u00e7u pour remplir des bacs ou des r\u00e9cipients roulants. L&rsquo;op\u00e9rateur dispose d&rsquo;un interrupteur au pouce qui verrouille le bras&hellip;","og_url":"https:\/\/initechinfo.com\/fr\/chariots-mobiles\/chariot-de-remplissage-a-bras-milton\/","og_site_name":"iniTECH","article_modified_time":"2025-09-16T14:46:30+00:00","twitter_card":"summary_large_image","twitter_misc":{"Dur\u00e9e de lecture estim\u00e9e":"2 minutes"},"schema":{"@context":"https:\/\/schema.org","@graph":[{"@type":"WebPage","@id":"https:\/\/initechinfo.com\/fr\/chariots-mobiles\/chariot-de-remplissage-a-bras-milton\/","url":"https:\/\/initechinfo.com\/fr\/chariots-mobiles\/chariot-de-remplissage-a-bras-milton\/","name":"Chariot Milton de remplissage \u00e0 bras &#187; iniTECH","isPartOf":{"@id":"https:\/\/initechinfo.com\/fr\/#website"},"datePublished":"2024-09-09T16:08:24+00:00","dateModified":"2025-09-16T14:46:30+00:00","breadcrumb":{"@id":"https:\/\/initechinfo.com\/fr\/chariots-mobiles\/chariot-de-remplissage-a-bras-milton\/#breadcrumb"},"inLanguage":"fr-FR","potentialAction":[{"@type":"ReadAction","target":["https:\/\/initechinfo.com\/fr\/chariots-mobiles\/chariot-de-remplissage-a-bras-milton\/"]}]},{"@type":"BreadcrumbList","@id":"https:\/\/initechinfo.com\/fr\/chariots-mobiles\/chariot-de-remplissage-a-bras-milton\/#breadcrumb","itemListElement":[{"@type":"ListItem","position":1,"name":"Home","item":"https:\/\/initechinfo.com\/fr\/"},{"@type":"ListItem","position":2,"name":"Chariots Mobiles","item":"https:\/\/initechinfo.com\/fr\/chariots-mobiles\/"},{"@type":"ListItem","position":3,"name":"Chariot Milton de remplissage \u00e0 bras"}]},{"@type":"WebSite","@id":"https:\/\/initechinfo.com\/fr\/#website","url":"https:\/\/initechinfo.com\/fr\/","name":"iniTECH","description":"","potentialAction":[{"@type":"SearchAction","target":{"@type":"EntryPoint","urlTemplate":"https:\/\/initechinfo.com\/fr\/?s={search_term_string}"},"query-input":{"@type":"PropertyValueSpecification","valueRequired":true,"valueName":"search_term_string"}}],"inLanguage":"fr-FR"}]}},"_links":{"self":[{"href":"https:\/\/initechinfo.com\/fr\/wp-json\/wp\/v2\/pages\/3904","targetHints":{"allow":["GET"]}}],"collection":[{"href":"https:\/\/initechinfo.com\/fr\/wp-json\/wp\/v2\/pages"}],"about":[{"href":"https:\/\/initechinfo.com\/fr\/wp-json\/wp\/v2\/types\/page"}],"author":[{"embeddable":true,"href":"https:\/\/initechinfo.com\/fr\/wp-json\/wp\/v2\/users\/1"}],"replies":[{"embeddable":true,"href":"https:\/\/initechinfo.com\/fr\/wp-json\/wp\/v2\/comments?post=3904"}],"version-history":[{"count":8,"href":"https:\/\/initechinfo.com\/fr\/wp-json\/wp\/v2\/pages\/3904\/revisions"}],"predecessor-version":[{"id":4811,"href":"https:\/\/initechinfo.com\/fr\/wp-json\/wp\/v2\/pages\/3904\/revisions\/4811"}],"up":[{"embeddable":true,"href":"https:\/\/initechinfo.com\/fr\/wp-json\/wp\/v2\/pages\/3860"}],"wp:attachment":[{"href":"https:\/\/initechinfo.com\/fr\/wp-json\/wp\/v2\/media?parent=3904"}],"curies":[{"name":"wp","href":"https:\/\/api.w.org\/{rel}","templated":true}]}}