{"id":3907,"date":"2024-09-09T12:15:19","date_gmt":"2024-09-09T16:15:19","guid":{"rendered":"https:\/\/dev.initechinfo.com\/chariots-mobiles\/chariot-de-reapprovisionnement-motorise\/"},"modified":"2025-02-16T16:37:19","modified_gmt":"2025-02-16T21:37:19","slug":"chariot-de-reapprovisionnement-motorise","status":"publish","type":"page","link":"https:\/\/initechinfo.com\/fr\/chariots-mobiles\/chariot-de-reapprovisionnement-motorise\/","title":{"rendered":"Chariot de r\u00e9approvisionnement motoris\u00e9"},"content":{"rendered":"<div class=\"wpb-content-wrapper\"><p>[vc_row type=\u00a0\u00bbvc_default\u00a0\u00bb content_placement=\u00a0\u00bbmiddle\u00a0\u00bb][vc_column width=\u00a0\u00bb1\/2&Prime;][vc_single_image image=\u00a0\u00bb2540&Prime; img_size=\u00a0\u00bbmedium\u00a0\u00bb alignment=\u00a0\u00bbcenter\u00a0\u00bb css=\u00a0\u00bb\u00a0\u00bb][\/vc_column][vc_column width=\u00a0\u00bb1\/2&Prime;][vc_column_text css=\u00a0\u00bb\u00a0\u00bb]Ce chariot motoris\u00e9 \u00e0 \u00e9chelle unique permet de suivre les stocks pendant que vous travaillez en temps r\u00e9el. Construit sur une base de transpalette Crown motoris\u00e9 avec une balance int\u00e9gr\u00e9e, cet outil suit les lots et les poids pendant que vous r\u00e9approvisionnez les emplacements de stockage en mati\u00e8res premi\u00e8res. Son ordinateur de bord garantit que le chariot est verrouill\u00e9, ce qui vous \u00e9vite de verser le mauvais produit dans le mauvais conteneur. L&rsquo;unit\u00e9 est aliment\u00e9e par une batterie incluse dans la base du transpalette Crown. Il a \u00e9t\u00e9 con\u00e7u pour des d\u00e9cennies d&rsquo;utilisation quotidienne, en mettant l&rsquo;accent sur la facilit\u00e9 de man\u0153uvre et de nettoyage.[\/vc_column_text][\/vc_column][\/vc_row][vc_row][vc_column][vc_empty_space height=\u00a0\u00bb40&Prime;]<div id=\"ultimate-heading-792169e08a71e60c7\" class=\"uvc-heading ult-adjust-bottom-margin ultimate-heading-792169e08a71e60c7 uvc-4701  uvc-heading-default-font-sizes\" data-hspacer=\"no_spacer\"  data-halign=\"center\" style=\"text-align:center\"><div class=\"uvc-heading-spacer no_spacer\" style=\"top\"><\/div><div class=\"uvc-main-heading ult-responsive\"  data-ultimate-target='.uvc-heading.ultimate-heading-792169e08a71e60c7 h2'  data-responsive-json-new='{\"font-size\":\"\",\"line-height\":\"\"}' ><h2 style=\"--font-weight:theme;\">Caract\u00e9ristiques<\/h2><\/div><\/div>[vc_empty_space height=\u00a0\u00bb60&Prime;][vc_row_inner][vc_column_inner width=\u00a0\u00bb1\/2&Prime;]<div class=\"standard-arrow bullet-top\"><section id=\"content8-35\" class=\"content8 cid-tiDsP8gRcg\" data-bs-version=\"5.1\">\n<div class=\"container\">\n<div class=\"row justify-content-center\">\n<div class=\"counter-container col-md-12 col-lg-10\">\n<div class=\"mbr-text mbr-fonts-style display-7\">\n<ul>\n<li>Construit selon les <strong>normes GMP<\/strong><\/li>\n<li>Facile \u00e0 nettoyer, <strong>conception protectrice en acier inoxydable<\/strong>, choix de 304 ou 316<\/li>\n<li>Capacit\u00e9 <strong>Wi-Fi\/Bluetooth<\/strong><\/li>\n<li>Int\u00e9gration avec <strong>tous les syst\u00e8mes MES<\/strong><\/li>\n<\/ul>\n<\/div>\n<\/div>\n<\/div>\n<\/div>\n<\/section>\n<section id=\"content8-37\" class=\"content8 cid-tiDsP9t7Ll\" data-bs-version=\"5.1\">\n<div class=\"container\">\n<div class=\"row justify-content-center\">\n<div class=\"counter-container col-md-12 col-lg-10\">\n<div class=\"mbr-text mbr-fonts-style display-7\"><\/div>\n<\/div>\n<\/div>\n<\/div>\n<\/section>\n<\/div>[\/vc_column_inner][vc_column_inner width=\u00a0\u00bb1\/2&Prime;]<div class=\"standard-arrow bullet-top\"><section id=\"content8-35\" class=\"content8 cid-tiDsP8gRcg\" data-bs-version=\"5.1\">\n<div class=\"container\">\n<div class=\"row justify-content-center\">\n<div class=\"counter-container col-md-12 col-lg-10\">\n<div class=\"mbr-text mbr-fonts-style display-7\">\n<ul>\n<li><strong>Balance Mettler Toledo<\/strong><\/li>\n<li><strong>Ordinateur<\/strong> de classe pharmaceutique en acier inoxydable NEMA4X , mont\u00e9 sur pivot<\/li>\n<li><strong>Scanner manuel<\/strong> de qualit\u00e9 industrielle (standard)<\/li>\n<li><strong>Scanner portable<\/strong> (en option)<\/li>\n<\/ul>\n<\/div>\n<\/div>\n<\/div>\n<\/div>\n<\/section>\n<section id=\"content8-36\" class=\"content8 cid-tiDsP8R6UV\" data-bs-version=\"5.1\">\n<div class=\"container\">\n<div class=\"row justify-content-center\">\n<div class=\"counter-container col-md-12 col-lg-10\">\n<div class=\"mbr-text mbr-fonts-style display-7\"><\/div>\n<\/div>\n<\/div>\n<\/div>\n<\/section>\n<section id=\"content8-37\" class=\"content8 cid-tiDsP9t7Ll\" data-bs-version=\"5.1\">\n<div class=\"container\">\n<div class=\"row justify-content-center\">\n<div class=\"counter-container col-md-12 col-lg-10\">\n<div class=\"mbr-text mbr-fonts-style display-7\"><\/div>\n<\/div>\n<\/div>\n<\/div>\n<\/section>\n<\/div>[\/vc_column_inner][\/vc_row_inner][vc_row_inner][vc_column_inner][vc_empty_space height=\u00a0\u00bb60&Prime;][\/vc_column_inner][\/vc_row_inner][\/vc_column][\/vc_row][vc_row][vc_column]<div id=\"ultimate-heading-291269e08a71e67e4\" class=\"uvc-heading ult-adjust-bottom-margin ultimate-heading-291269e08a71e67e4 uvc-7163  uvc-heading-default-font-sizes\" data-hspacer=\"no_spacer\"  data-halign=\"center\" style=\"text-align:center\"><div class=\"uvc-heading-spacer no_spacer\" style=\"top\"><\/div><div class=\"uvc-main-heading ult-responsive\"  data-ultimate-target='.uvc-heading.ultimate-heading-291269e08a71e67e4 h2'  data-responsive-json-new='{\"font-size\":\"\",\"line-height\":\"\"}' ><h2 style=\"--font-weight:theme;\">Vous avez besoin de plus d'informations ?<\/h2><\/div><div class=\"uvc-sub-heading ult-responsive\"  data-ultimate-target='.uvc-heading.ultimate-heading-291269e08a71e67e4 .uvc-sub-heading '  data-responsive-json-new='{\"font-size\":\"desktop:18px;\",\"line-height\":\"desktop:24px;\"}'  style=\"font-weight:bold;color:#0b3655;\">Contactez nous.<\/div><\/div>[vc_empty_space height=\u00a0\u00bb40&Prime;]<style type=\"text\/css\" data-type=\"the7_shortcodes-inline-css\">#default-btn-3d22e063d1bab3328db1f58195731cf7 {\n  border-radius: 0px;\n  font-size: 14px;\n  line-height: 16px;\n}\n.btn-shadow#default-btn-3d22e063d1bab3328db1f58195731cf7 {\n  box-shadow: 0 1px 6px rgba(0,0,0,0.12);\n  transition: box-shadow 0.2s ease-out, opacity 0.45s;\n}\n.btn-shadow#default-btn-3d22e063d1bab3328db1f58195731cf7:hover {\n  box-shadow: 0 5px 11px 0 rgba(0,0,0,0.18), 0 4px 15px 0 rgba(0,0,0,0.15);\n}\n.btn-3d#default-btn-3d22e063d1bab3328db1f58195731cf7 {\n  box-shadow: 0px 2px 0px 0px #e58f49;\n}\n.btn-3d#default-btn-3d22e063d1bab3328db1f58195731cf7:hover {\n  box-shadow: 0px 2px 0px 0px #b95f2a;\n}\n.btn-flat#default-btn-3d22e063d1bab3328db1f58195731cf7 {\n  box-shadow: none;\n}\n.btn-flat#default-btn-3d22e063d1bab3328db1f58195731cf7:hover {\n  box-shadow: none;\n}\n#default-btn-3d22e063d1bab3328db1f58195731cf7.ico-right-side > i {\n  margin-right: 0px;\n  margin-left: 8px;\n}\n#default-btn-3d22e063d1bab3328db1f58195731cf7 > i {\n  margin-right: 8px;\n  font-size: 14px;\n}\n#default-btn-3d22e063d1bab3328db1f58195731cf7:not(:hover) {\n  border-width: 0px;\n  background: #fbae70 !important;\n  padding: 11px 18px 11px 18px;\n}\n#default-btn-3d22e063d1bab3328db1f58195731cf7:hover {\n  border-width: 0px;\n  background: #ec7834 !important;\n  padding: 11px 18px 11px 18px;\n}\n#default-btn-3d22e063d1bab3328db1f58195731cf7.ico-right-side > i {\n  margin-right: 0px;\n  margin-left: 8px;\n}\n#default-btn-3d22e063d1bab3328db1f58195731cf7 > i {\n  margin-right: 8px;\n}<\/style><div class=\"btn-align-center\"><a href=\"\/fr\/contact\/\" class=\"default-btn-shortcode dt-btn link-hover-off btn-flat  vc_custom_1739741839331\" id=\"default-btn-3d22e063d1bab3328db1f58195731cf7\"><span>Entrer en contact<\/span><\/a><\/div>[\/vc_column][\/vc_row]<\/p>\n<\/div>","protected":false},"excerpt":{"rendered":"<p>[vc_row type=\u00a0\u00bbvc_default\u00a0\u00bb content_placement=\u00a0\u00bbmiddle\u00a0\u00bb][vc_column width=\u00a0\u00bb1\/2&Prime;][vc_single_image image=\u00a0\u00bb2540&Prime; img_size=\u00a0\u00bbmedium\u00a0\u00bb alignment=\u00a0\u00bbcenter\u00a0\u00bb css=\u00a0\u00bb\u00a0\u00bb][\/vc_column][vc_column width=\u00a0\u00bb1\/2&Prime;][vc_column_text css=\u00a0\u00bb\u00a0\u00bb]Ce chariot motoris\u00e9 \u00e0 \u00e9chelle unique permet de suivre les stocks pendant que vous travaillez en temps r\u00e9el. Construit sur une base de transpalette Crown motoris\u00e9 avec une balance int\u00e9gr\u00e9e, cet outil suit les lots et les poids pendant que vous r\u00e9approvisionnez les emplacements de stockage&hellip;<\/p>\n","protected":false},"author":1,"featured_media":0,"parent":3860,"menu_order":0,"comment_status":"closed","ping_status":"closed","template":"","meta":{"footnotes":""},"class_list":["post-3907","page","type-page","status-publish","hentry","description-off"],"yoast_head":"<!-- This site is optimized with the Yoast SEO plugin v26.6 - https:\/\/yoast.com\/wordpress\/plugins\/seo\/ -->\n<title>Chariot de r\u00e9approvisionnement motoris\u00e9 &#187; iniTECH<\/title>\n<meta name=\"robots\" content=\"index, follow, max-snippet:-1, max-image-preview:large, max-video-preview:-1\" \/>\n<link rel=\"canonical\" href=\"https:\/\/initechinfo.com\/fr\/chariots-mobiles\/chariot-de-reapprovisionnement-motorise\/\" \/>\n<meta property=\"og:locale\" content=\"fr_FR\" \/>\n<meta property=\"og:type\" content=\"article\" \/>\n<meta property=\"og:title\" content=\"Chariot de r\u00e9approvisionnement motoris\u00e9 &#187; iniTECH\" \/>\n<meta property=\"og:description\" content=\"[vc_row type=\u00a0\u00bbvc_default\u00a0\u00bb content_placement=\u00a0\u00bbmiddle\u00a0\u00bb][vc_column width=\u00a0\u00bb1\/2&Prime;][vc_single_image image=\u00a0\u00bb2540&Prime; img_size=\u00a0\u00bbmedium\u00a0\u00bb alignment=\u00a0\u00bbcenter\u00a0\u00bb css=\u00a0\u00bb\u00a0\u00bb][\/vc_column][vc_column width=\u00a0\u00bb1\/2&Prime;][vc_column_text css=\u00a0\u00bb\u00a0\u00bb]Ce chariot motoris\u00e9 \u00e0 \u00e9chelle unique permet de suivre les stocks pendant que vous travaillez en temps r\u00e9el. Construit sur une base de transpalette Crown motoris\u00e9 avec une balance int\u00e9gr\u00e9e, cet outil suit les lots et les poids pendant que vous r\u00e9approvisionnez les emplacements de stockage&hellip;\" \/>\n<meta property=\"og:url\" content=\"https:\/\/initechinfo.com\/fr\/chariots-mobiles\/chariot-de-reapprovisionnement-motorise\/\" \/>\n<meta property=\"og:site_name\" content=\"iniTECH\" \/>\n<meta property=\"article:modified_time\" content=\"2025-02-16T21:37:19+00:00\" \/>\n<meta name=\"twitter:card\" content=\"summary_large_image\" \/>\n<meta name=\"twitter:label1\" content=\"Dur\u00e9e de lecture estim\u00e9e\" \/>\n\t<meta name=\"twitter:data1\" content=\"1 minute\" \/>\n<script type=\"application\/ld+json\" class=\"yoast-schema-graph\">{\"@context\":\"https:\/\/schema.org\",\"@graph\":[{\"@type\":\"WebPage\",\"@id\":\"https:\/\/initechinfo.com\/fr\/chariots-mobiles\/chariot-de-reapprovisionnement-motorise\/\",\"url\":\"https:\/\/initechinfo.com\/fr\/chariots-mobiles\/chariot-de-reapprovisionnement-motorise\/\",\"name\":\"Chariot de r\u00e9approvisionnement motoris\u00e9 &#187; iniTECH\",\"isPartOf\":{\"@id\":\"https:\/\/initechinfo.com\/fr\/#website\"},\"datePublished\":\"2024-09-09T16:15:19+00:00\",\"dateModified\":\"2025-02-16T21:37:19+00:00\",\"breadcrumb\":{\"@id\":\"https:\/\/initechinfo.com\/fr\/chariots-mobiles\/chariot-de-reapprovisionnement-motorise\/#breadcrumb\"},\"inLanguage\":\"fr-FR\",\"potentialAction\":[{\"@type\":\"ReadAction\",\"target\":[\"https:\/\/initechinfo.com\/fr\/chariots-mobiles\/chariot-de-reapprovisionnement-motorise\/\"]}]},{\"@type\":\"BreadcrumbList\",\"@id\":\"https:\/\/initechinfo.com\/fr\/chariots-mobiles\/chariot-de-reapprovisionnement-motorise\/#breadcrumb\",\"itemListElement\":[{\"@type\":\"ListItem\",\"position\":1,\"name\":\"Home\",\"item\":\"https:\/\/initechinfo.com\/fr\/\"},{\"@type\":\"ListItem\",\"position\":2,\"name\":\"Chariots Mobiles\",\"item\":\"https:\/\/initechinfo.com\/fr\/chariots-mobiles\/\"},{\"@type\":\"ListItem\",\"position\":3,\"name\":\"Chariot de r\u00e9approvisionnement motoris\u00e9\"}]},{\"@type\":\"WebSite\",\"@id\":\"https:\/\/initechinfo.com\/fr\/#website\",\"url\":\"https:\/\/initechinfo.com\/fr\/\",\"name\":\"iniTECH\",\"description\":\"\",\"potentialAction\":[{\"@type\":\"SearchAction\",\"target\":{\"@type\":\"EntryPoint\",\"urlTemplate\":\"https:\/\/initechinfo.com\/fr\/?s={search_term_string}\"},\"query-input\":{\"@type\":\"PropertyValueSpecification\",\"valueRequired\":true,\"valueName\":\"search_term_string\"}}],\"inLanguage\":\"fr-FR\"}]}<\/script>\n<!-- \/ Yoast SEO plugin. -->","yoast_head_json":{"title":"Chariot de r\u00e9approvisionnement motoris\u00e9 &#187; iniTECH","robots":{"index":"index","follow":"follow","max-snippet":"max-snippet:-1","max-image-preview":"max-image-preview:large","max-video-preview":"max-video-preview:-1"},"canonical":"https:\/\/initechinfo.com\/fr\/chariots-mobiles\/chariot-de-reapprovisionnement-motorise\/","og_locale":"fr_FR","og_type":"article","og_title":"Chariot de r\u00e9approvisionnement motoris\u00e9 &#187; iniTECH","og_description":"[vc_row type=\u00a0\u00bbvc_default\u00a0\u00bb content_placement=\u00a0\u00bbmiddle\u00a0\u00bb][vc_column width=\u00a0\u00bb1\/2&Prime;][vc_single_image image=\u00a0\u00bb2540&Prime; img_size=\u00a0\u00bbmedium\u00a0\u00bb alignment=\u00a0\u00bbcenter\u00a0\u00bb css=\u00a0\u00bb\u00a0\u00bb][\/vc_column][vc_column width=\u00a0\u00bb1\/2&Prime;][vc_column_text css=\u00a0\u00bb\u00a0\u00bb]Ce chariot motoris\u00e9 \u00e0 \u00e9chelle unique permet de suivre les stocks pendant que vous travaillez en temps r\u00e9el. Construit sur une base de transpalette Crown motoris\u00e9 avec une balance int\u00e9gr\u00e9e, cet outil suit les lots et les poids pendant que vous r\u00e9approvisionnez les emplacements de stockage&hellip;","og_url":"https:\/\/initechinfo.com\/fr\/chariots-mobiles\/chariot-de-reapprovisionnement-motorise\/","og_site_name":"iniTECH","article_modified_time":"2025-02-16T21:37:19+00:00","twitter_card":"summary_large_image","twitter_misc":{"Dur\u00e9e de lecture estim\u00e9e":"1 minute"},"schema":{"@context":"https:\/\/schema.org","@graph":[{"@type":"WebPage","@id":"https:\/\/initechinfo.com\/fr\/chariots-mobiles\/chariot-de-reapprovisionnement-motorise\/","url":"https:\/\/initechinfo.com\/fr\/chariots-mobiles\/chariot-de-reapprovisionnement-motorise\/","name":"Chariot de r\u00e9approvisionnement motoris\u00e9 &#187; iniTECH","isPartOf":{"@id":"https:\/\/initechinfo.com\/fr\/#website"},"datePublished":"2024-09-09T16:15:19+00:00","dateModified":"2025-02-16T21:37:19+00:00","breadcrumb":{"@id":"https:\/\/initechinfo.com\/fr\/chariots-mobiles\/chariot-de-reapprovisionnement-motorise\/#breadcrumb"},"inLanguage":"fr-FR","potentialAction":[{"@type":"ReadAction","target":["https:\/\/initechinfo.com\/fr\/chariots-mobiles\/chariot-de-reapprovisionnement-motorise\/"]}]},{"@type":"BreadcrumbList","@id":"https:\/\/initechinfo.com\/fr\/chariots-mobiles\/chariot-de-reapprovisionnement-motorise\/#breadcrumb","itemListElement":[{"@type":"ListItem","position":1,"name":"Home","item":"https:\/\/initechinfo.com\/fr\/"},{"@type":"ListItem","position":2,"name":"Chariots Mobiles","item":"https:\/\/initechinfo.com\/fr\/chariots-mobiles\/"},{"@type":"ListItem","position":3,"name":"Chariot de r\u00e9approvisionnement motoris\u00e9"}]},{"@type":"WebSite","@id":"https:\/\/initechinfo.com\/fr\/#website","url":"https:\/\/initechinfo.com\/fr\/","name":"iniTECH","description":"","potentialAction":[{"@type":"SearchAction","target":{"@type":"EntryPoint","urlTemplate":"https:\/\/initechinfo.com\/fr\/?s={search_term_string}"},"query-input":{"@type":"PropertyValueSpecification","valueRequired":true,"valueName":"search_term_string"}}],"inLanguage":"fr-FR"}]}},"_links":{"self":[{"href":"https:\/\/initechinfo.com\/fr\/wp-json\/wp\/v2\/pages\/3907","targetHints":{"allow":["GET"]}}],"collection":[{"href":"https:\/\/initechinfo.com\/fr\/wp-json\/wp\/v2\/pages"}],"about":[{"href":"https:\/\/initechinfo.com\/fr\/wp-json\/wp\/v2\/types\/page"}],"author":[{"embeddable":true,"href":"https:\/\/initechinfo.com\/fr\/wp-json\/wp\/v2\/users\/1"}],"replies":[{"embeddable":true,"href":"https:\/\/initechinfo.com\/fr\/wp-json\/wp\/v2\/comments?post=3907"}],"version-history":[{"count":6,"href":"https:\/\/initechinfo.com\/fr\/wp-json\/wp\/v2\/pages\/3907\/revisions"}],"predecessor-version":[{"id":4322,"href":"https:\/\/initechinfo.com\/fr\/wp-json\/wp\/v2\/pages\/3907\/revisions\/4322"}],"up":[{"embeddable":true,"href":"https:\/\/initechinfo.com\/fr\/wp-json\/wp\/v2\/pages\/3860"}],"wp:attachment":[{"href":"https:\/\/initechinfo.com\/fr\/wp-json\/wp\/v2\/media?parent=3907"}],"curies":[{"name":"wp","href":"https:\/\/api.w.org\/{rel}","templated":true}]}}