{"id":3910,"date":"2024-09-09T12:11:54","date_gmt":"2024-09-09T16:11:54","guid":{"rendered":"https:\/\/dev.initechinfo.com\/chariots-mobiles\/secheur-par-pulverisation-chariot-de-remplissage-de-poudre\/"},"modified":"2025-02-16T16:37:34","modified_gmt":"2025-02-16T21:37:34","slug":"secheur-par-pulverisation-chariot-de-remplissage-de-poudre","status":"publish","type":"page","link":"https:\/\/initechinfo.com\/fr\/chariots-mobiles\/secheur-par-pulverisation-chariot-de-remplissage-de-poudre\/","title":{"rendered":"Chariot de collecte post-atomisation"},"content":{"rendered":"<div class=\"wpb-content-wrapper\"><p>[vc_row type=\u00a0\u00bbvc_default\u00a0\u00bb content_placement=\u00a0\u00bbmiddle\u00a0\u00bb][vc_column width=\u00a0\u00bb1\/2&Prime;][vc_single_image image=\u00a0\u00bb2537&Prime; img_size=\u00a0\u00bbmedium\u00a0\u00bb alignment=\u00a0\u00bbcenter\u00a0\u00bb css=\u00a0\u00bb\u00a0\u00bb][\/vc_column][vc_column width=\u00a0\u00bb1\/2&Prime;][vc_column_text css=\u00a0\u00bb\u00a0\u00bb]Ce chariot r\u00e9volutionnaire \u00e0 balance unique a \u00e9t\u00e9 con\u00e7u sp\u00e9cifiquement pour simplifier le processus de collecte apr\u00e8s s\u00e9chage par atomisation. Il a \u00e9t\u00e9 \u00e9quip\u00e9 d&rsquo;un syst\u00e8me de contr\u00f4le de la poussi\u00e8re et d&rsquo;attaches pour le sac. Cet outil unique en son genre peut se connecter sans fil \u00e0 n&rsquo;importe quel atelier ou syst\u00e8me MES et int\u00e8gre imm\u00e9diatement les donn\u00e9es. Sa batterie a une autonomie de +30 heures, il n&rsquo;est donc pas n\u00e9cessaire de la recharger en cours de poste. Il s&rsquo;agit d&rsquo;un chariot sans moteur, aliment\u00e9 par la pouss\u00e9e et tr\u00e8s facile \u00e0 man\u0153uvrer. Il a \u00e9t\u00e9 con\u00e7u pour des d\u00e9cennies d&rsquo;utilisation quotidienne.[\/vc_column_text][\/vc_column][\/vc_row][vc_row][vc_column][vc_empty_space height=\u00a0\u00bb40&Prime;]<div id=\"ultimate-heading-228969e079153de50\" class=\"uvc-heading ult-adjust-bottom-margin ultimate-heading-228969e079153de50 uvc-4439  uvc-heading-default-font-sizes\" data-hspacer=\"no_spacer\"  data-halign=\"center\" style=\"text-align:center\"><div class=\"uvc-heading-spacer no_spacer\" style=\"top\"><\/div><div class=\"uvc-main-heading ult-responsive\"  data-ultimate-target='.uvc-heading.ultimate-heading-228969e079153de50 h2'  data-responsive-json-new='{\"font-size\":\"\",\"line-height\":\"\"}' ><h2 style=\"--font-weight:theme;\">Caract\u00e9ristiques<\/h2><\/div><\/div>[vc_empty_space height=\u00a0\u00bb60&Prime;][vc_row_inner][vc_column_inner width=\u00a0\u00bb1\/2&Prime;]<div class=\"standard-arrow bullet-top\"><section id=\"content8-3c\" class=\"content8 cid-tiDsPFxd8g\" data-bs-version=\"5.1\">\n<div class=\"container\">\n<div class=\"row justify-content-center\">\n<div class=\"counter-container col-md-12 col-lg-10\">\n<div class=\"mbr-text mbr-fonts-style display-7\">\n<ul>\n<li>Construit selon les <strong>normes GMP<\/strong><\/li>\n<li>Facile \u00e0 nettoyer, <strong>conception protectrice en acier inoxydable<\/strong>, choix de 304 ou 316<\/li>\n<li><strong> Roues de<\/strong> 4 pouces verrouillables, antid\u00e9rapantes, r\u00e9sistantes aux produits chimiques et robustes<\/li>\n<li>Capacit\u00e9 <strong>Wi-Fi\/Bluetooth<\/strong><\/li>\n<li>Int\u00e9gration avec <strong>tous les syst\u00e8mes MES<\/strong><\/li>\n<li><strong>Balance Mettler Toledo<\/strong><\/li>\n<\/ul>\n<\/div>\n<\/div>\n<\/div>\n<\/div>\n<\/section>\n<\/div>[\/vc_column_inner][vc_column_inner width=\u00a0\u00bb1\/2&Prime;]<div class=\"standard-arrow bullet-top\"><section id=\"content8-3c\" class=\"content8 cid-tiDsPFxd8g\" data-bs-version=\"5.1\">\n<div class=\"container\">\n<div class=\"row justify-content-center\">\n<div class=\"counter-container col-md-12 col-lg-10\">\n<div class=\"mbr-text mbr-fonts-style display-7\">\n<ul>\n<li><strong>Ordinateur<\/strong> de classe pharmaceutique en acier inoxydable NEMA4X , mont\u00e9 sur pivot<\/li>\n<li><strong>Batteries<\/strong> l\u00e9g\u00e8res au phosphate de fer lithium<\/li>\n<li>Scanner manuel standard de <strong>qualit\u00e9 industrielle<\/strong> (standard)<\/li>\n<li><strong>Scanner portable<\/strong> (en option)<\/li>\n<li><strong>Batteries<\/strong> \u00e9changeables \u00e0 chaud (en option)<\/li>\n<\/ul>\n<\/div>\n<\/div>\n<\/div>\n<\/div>\n<\/section>\n<section id=\"content8-3e\" class=\"content8 cid-tiDsPGMvhR\" data-bs-version=\"5.1\">\n<div class=\"container\">\n<div class=\"row justify-content-center\">\n<div class=\"counter-container col-md-12 col-lg-10\">\n<div class=\"mbr-text mbr-fonts-style display-7\"><\/div>\n<\/div>\n<\/div>\n<\/div>\n<\/section>\n<\/div>[\/vc_column_inner][\/vc_row_inner][vc_row_inner][vc_column_inner][vc_empty_space height=\u00a0\u00bb60&Prime;][\/vc_column_inner][\/vc_row_inner][\/vc_column][\/vc_row][vc_row][vc_column]<div id=\"ultimate-heading-984169e079153e334\" class=\"uvc-heading ult-adjust-bottom-margin ultimate-heading-984169e079153e334 uvc-6885  uvc-heading-default-font-sizes\" data-hspacer=\"no_spacer\"  data-halign=\"center\" style=\"text-align:center\"><div class=\"uvc-heading-spacer no_spacer\" style=\"top\"><\/div><div class=\"uvc-main-heading ult-responsive\"  data-ultimate-target='.uvc-heading.ultimate-heading-984169e079153e334 h2'  data-responsive-json-new='{\"font-size\":\"\",\"line-height\":\"\"}' ><h2 style=\"--font-weight:theme;\">Vous avez besoin de plus d'informations ?<\/h2><\/div><div class=\"uvc-sub-heading ult-responsive\"  data-ultimate-target='.uvc-heading.ultimate-heading-984169e079153e334 .uvc-sub-heading '  data-responsive-json-new='{\"font-size\":\"desktop:18px;\",\"line-height\":\"desktop:24px;\"}'  style=\"font-weight:bold;color:#0b3655;\">Contactez nous.<\/div><\/div>[vc_empty_space height=\u00a0\u00bb40&Prime;]<style type=\"text\/css\" data-type=\"the7_shortcodes-inline-css\">#default-btn-2fc9e68518405b594cff89d5312b03d1 {\n  border-radius: 0px;\n  font-size: 14px;\n  line-height: 16px;\n}\n.btn-shadow#default-btn-2fc9e68518405b594cff89d5312b03d1 {\n  box-shadow: 0 1px 6px rgba(0,0,0,0.12);\n  transition: box-shadow 0.2s ease-out, opacity 0.45s;\n}\n.btn-shadow#default-btn-2fc9e68518405b594cff89d5312b03d1:hover {\n  box-shadow: 0 5px 11px 0 rgba(0,0,0,0.18), 0 4px 15px 0 rgba(0,0,0,0.15);\n}\n.btn-3d#default-btn-2fc9e68518405b594cff89d5312b03d1 {\n  box-shadow: 0px 2px 0px 0px #e58f49;\n}\n.btn-3d#default-btn-2fc9e68518405b594cff89d5312b03d1:hover {\n  box-shadow: 0px 2px 0px 0px #b95f2a;\n}\n.btn-flat#default-btn-2fc9e68518405b594cff89d5312b03d1 {\n  box-shadow: none;\n}\n.btn-flat#default-btn-2fc9e68518405b594cff89d5312b03d1:hover {\n  box-shadow: none;\n}\n#default-btn-2fc9e68518405b594cff89d5312b03d1.ico-right-side > i {\n  margin-right: 0px;\n  margin-left: 8px;\n}\n#default-btn-2fc9e68518405b594cff89d5312b03d1 > i {\n  margin-right: 8px;\n  font-size: 14px;\n}\n#default-btn-2fc9e68518405b594cff89d5312b03d1:not(:hover) {\n  border-width: 0px;\n  background: #fbae70 !important;\n  padding: 11px 18px 11px 18px;\n}\n#default-btn-2fc9e68518405b594cff89d5312b03d1:hover {\n  border-width: 0px;\n  background: #ec7834 !important;\n  padding: 11px 18px 11px 18px;\n}\n#default-btn-2fc9e68518405b594cff89d5312b03d1.ico-right-side > i {\n  margin-right: 0px;\n  margin-left: 8px;\n}\n#default-btn-2fc9e68518405b594cff89d5312b03d1 > i {\n  margin-right: 8px;\n}<\/style><div class=\"btn-align-center\"><a href=\"\/fr\/contact\/\" class=\"default-btn-shortcode dt-btn link-hover-off btn-flat  vc_custom_1739741854280\" id=\"default-btn-2fc9e68518405b594cff89d5312b03d1\"><span>Entrer en contact<\/span><\/a><\/div>[\/vc_column][\/vc_row]<\/p>\n<\/div>","protected":false},"excerpt":{"rendered":"<p>[vc_row type=\u00a0\u00bbvc_default\u00a0\u00bb content_placement=\u00a0\u00bbmiddle\u00a0\u00bb][vc_column width=\u00a0\u00bb1\/2&Prime;][vc_single_image image=\u00a0\u00bb2537&Prime; img_size=\u00a0\u00bbmedium\u00a0\u00bb alignment=\u00a0\u00bbcenter\u00a0\u00bb css=\u00a0\u00bb\u00a0\u00bb][\/vc_column][vc_column width=\u00a0\u00bb1\/2&Prime;][vc_column_text css=\u00a0\u00bb\u00a0\u00bb]Ce chariot r\u00e9volutionnaire \u00e0 balance unique a \u00e9t\u00e9 con\u00e7u sp\u00e9cifiquement pour simplifier le processus de collecte apr\u00e8s s\u00e9chage par atomisation. Il a \u00e9t\u00e9 \u00e9quip\u00e9 d&rsquo;un syst\u00e8me de contr\u00f4le de la poussi\u00e8re et d&rsquo;attaches pour le sac. Cet outil unique en son genre peut se connecter sans&hellip;<\/p>\n","protected":false},"author":1,"featured_media":0,"parent":3860,"menu_order":0,"comment_status":"closed","ping_status":"closed","template":"","meta":{"footnotes":""},"class_list":["post-3910","page","type-page","status-publish","hentry","description-off"],"yoast_head":"<!-- This site is optimized with the Yoast SEO plugin v26.6 - https:\/\/yoast.com\/wordpress\/plugins\/seo\/ -->\n<title>Chariot de collecte post-atomisation &#187; iniTECH<\/title>\n<meta name=\"robots\" content=\"index, follow, max-snippet:-1, max-image-preview:large, max-video-preview:-1\" \/>\n<link rel=\"canonical\" href=\"https:\/\/initechinfo.com\/fr\/chariots-mobiles\/secheur-par-pulverisation-chariot-de-remplissage-de-poudre\/\" \/>\n<meta property=\"og:locale\" content=\"fr_FR\" \/>\n<meta property=\"og:type\" content=\"article\" \/>\n<meta property=\"og:title\" content=\"Chariot de collecte post-atomisation &#187; iniTECH\" \/>\n<meta property=\"og:description\" content=\"[vc_row type=\u00a0\u00bbvc_default\u00a0\u00bb content_placement=\u00a0\u00bbmiddle\u00a0\u00bb][vc_column width=\u00a0\u00bb1\/2&Prime;][vc_single_image image=\u00a0\u00bb2537&Prime; img_size=\u00a0\u00bbmedium\u00a0\u00bb alignment=\u00a0\u00bbcenter\u00a0\u00bb css=\u00a0\u00bb\u00a0\u00bb][\/vc_column][vc_column width=\u00a0\u00bb1\/2&Prime;][vc_column_text css=\u00a0\u00bb\u00a0\u00bb]Ce chariot r\u00e9volutionnaire \u00e0 balance unique a \u00e9t\u00e9 con\u00e7u sp\u00e9cifiquement pour simplifier le processus de collecte apr\u00e8s s\u00e9chage par atomisation. Il a \u00e9t\u00e9 \u00e9quip\u00e9 d&rsquo;un syst\u00e8me de contr\u00f4le de la poussi\u00e8re et d&rsquo;attaches pour le sac. Cet outil unique en son genre peut se connecter sans&hellip;\" \/>\n<meta property=\"og:url\" content=\"https:\/\/initechinfo.com\/fr\/chariots-mobiles\/secheur-par-pulverisation-chariot-de-remplissage-de-poudre\/\" \/>\n<meta property=\"og:site_name\" content=\"iniTECH\" \/>\n<meta property=\"article:modified_time\" content=\"2025-02-16T21:37:34+00:00\" \/>\n<meta name=\"twitter:card\" content=\"summary_large_image\" \/>\n<meta name=\"twitter:label1\" content=\"Dur\u00e9e de lecture estim\u00e9e\" \/>\n\t<meta name=\"twitter:data1\" content=\"2 minutes\" \/>\n<script type=\"application\/ld+json\" class=\"yoast-schema-graph\">{\"@context\":\"https:\/\/schema.org\",\"@graph\":[{\"@type\":\"WebPage\",\"@id\":\"https:\/\/initechinfo.com\/fr\/chariots-mobiles\/secheur-par-pulverisation-chariot-de-remplissage-de-poudre\/\",\"url\":\"https:\/\/initechinfo.com\/fr\/chariots-mobiles\/secheur-par-pulverisation-chariot-de-remplissage-de-poudre\/\",\"name\":\"Chariot de collecte post-atomisation &#187; iniTECH\",\"isPartOf\":{\"@id\":\"https:\/\/initechinfo.com\/fr\/#website\"},\"datePublished\":\"2024-09-09T16:11:54+00:00\",\"dateModified\":\"2025-02-16T21:37:34+00:00\",\"breadcrumb\":{\"@id\":\"https:\/\/initechinfo.com\/fr\/chariots-mobiles\/secheur-par-pulverisation-chariot-de-remplissage-de-poudre\/#breadcrumb\"},\"inLanguage\":\"fr-FR\",\"potentialAction\":[{\"@type\":\"ReadAction\",\"target\":[\"https:\/\/initechinfo.com\/fr\/chariots-mobiles\/secheur-par-pulverisation-chariot-de-remplissage-de-poudre\/\"]}]},{\"@type\":\"BreadcrumbList\",\"@id\":\"https:\/\/initechinfo.com\/fr\/chariots-mobiles\/secheur-par-pulverisation-chariot-de-remplissage-de-poudre\/#breadcrumb\",\"itemListElement\":[{\"@type\":\"ListItem\",\"position\":1,\"name\":\"Home\",\"item\":\"https:\/\/initechinfo.com\/fr\/\"},{\"@type\":\"ListItem\",\"position\":2,\"name\":\"Chariots Mobiles\",\"item\":\"https:\/\/initechinfo.com\/fr\/chariots-mobiles\/\"},{\"@type\":\"ListItem\",\"position\":3,\"name\":\"Chariot de collecte post-atomisation\"}]},{\"@type\":\"WebSite\",\"@id\":\"https:\/\/initechinfo.com\/fr\/#website\",\"url\":\"https:\/\/initechinfo.com\/fr\/\",\"name\":\"iniTECH\",\"description\":\"\",\"potentialAction\":[{\"@type\":\"SearchAction\",\"target\":{\"@type\":\"EntryPoint\",\"urlTemplate\":\"https:\/\/initechinfo.com\/fr\/?s={search_term_string}\"},\"query-input\":{\"@type\":\"PropertyValueSpecification\",\"valueRequired\":true,\"valueName\":\"search_term_string\"}}],\"inLanguage\":\"fr-FR\"}]}<\/script>\n<!-- \/ Yoast SEO plugin. -->","yoast_head_json":{"title":"Chariot de collecte post-atomisation &#187; iniTECH","robots":{"index":"index","follow":"follow","max-snippet":"max-snippet:-1","max-image-preview":"max-image-preview:large","max-video-preview":"max-video-preview:-1"},"canonical":"https:\/\/initechinfo.com\/fr\/chariots-mobiles\/secheur-par-pulverisation-chariot-de-remplissage-de-poudre\/","og_locale":"fr_FR","og_type":"article","og_title":"Chariot de collecte post-atomisation &#187; iniTECH","og_description":"[vc_row type=\u00a0\u00bbvc_default\u00a0\u00bb content_placement=\u00a0\u00bbmiddle\u00a0\u00bb][vc_column width=\u00a0\u00bb1\/2&Prime;][vc_single_image image=\u00a0\u00bb2537&Prime; img_size=\u00a0\u00bbmedium\u00a0\u00bb alignment=\u00a0\u00bbcenter\u00a0\u00bb css=\u00a0\u00bb\u00a0\u00bb][\/vc_column][vc_column width=\u00a0\u00bb1\/2&Prime;][vc_column_text css=\u00a0\u00bb\u00a0\u00bb]Ce chariot r\u00e9volutionnaire \u00e0 balance unique a \u00e9t\u00e9 con\u00e7u sp\u00e9cifiquement pour simplifier le processus de collecte apr\u00e8s s\u00e9chage par atomisation. Il a \u00e9t\u00e9 \u00e9quip\u00e9 d&rsquo;un syst\u00e8me de contr\u00f4le de la poussi\u00e8re et d&rsquo;attaches pour le sac. Cet outil unique en son genre peut se connecter sans&hellip;","og_url":"https:\/\/initechinfo.com\/fr\/chariots-mobiles\/secheur-par-pulverisation-chariot-de-remplissage-de-poudre\/","og_site_name":"iniTECH","article_modified_time":"2025-02-16T21:37:34+00:00","twitter_card":"summary_large_image","twitter_misc":{"Dur\u00e9e de lecture estim\u00e9e":"2 minutes"},"schema":{"@context":"https:\/\/schema.org","@graph":[{"@type":"WebPage","@id":"https:\/\/initechinfo.com\/fr\/chariots-mobiles\/secheur-par-pulverisation-chariot-de-remplissage-de-poudre\/","url":"https:\/\/initechinfo.com\/fr\/chariots-mobiles\/secheur-par-pulverisation-chariot-de-remplissage-de-poudre\/","name":"Chariot de collecte post-atomisation &#187; iniTECH","isPartOf":{"@id":"https:\/\/initechinfo.com\/fr\/#website"},"datePublished":"2024-09-09T16:11:54+00:00","dateModified":"2025-02-16T21:37:34+00:00","breadcrumb":{"@id":"https:\/\/initechinfo.com\/fr\/chariots-mobiles\/secheur-par-pulverisation-chariot-de-remplissage-de-poudre\/#breadcrumb"},"inLanguage":"fr-FR","potentialAction":[{"@type":"ReadAction","target":["https:\/\/initechinfo.com\/fr\/chariots-mobiles\/secheur-par-pulverisation-chariot-de-remplissage-de-poudre\/"]}]},{"@type":"BreadcrumbList","@id":"https:\/\/initechinfo.com\/fr\/chariots-mobiles\/secheur-par-pulverisation-chariot-de-remplissage-de-poudre\/#breadcrumb","itemListElement":[{"@type":"ListItem","position":1,"name":"Home","item":"https:\/\/initechinfo.com\/fr\/"},{"@type":"ListItem","position":2,"name":"Chariots Mobiles","item":"https:\/\/initechinfo.com\/fr\/chariots-mobiles\/"},{"@type":"ListItem","position":3,"name":"Chariot de collecte post-atomisation"}]},{"@type":"WebSite","@id":"https:\/\/initechinfo.com\/fr\/#website","url":"https:\/\/initechinfo.com\/fr\/","name":"iniTECH","description":"","potentialAction":[{"@type":"SearchAction","target":{"@type":"EntryPoint","urlTemplate":"https:\/\/initechinfo.com\/fr\/?s={search_term_string}"},"query-input":{"@type":"PropertyValueSpecification","valueRequired":true,"valueName":"search_term_string"}}],"inLanguage":"fr-FR"}]}},"_links":{"self":[{"href":"https:\/\/initechinfo.com\/fr\/wp-json\/wp\/v2\/pages\/3910","targetHints":{"allow":["GET"]}}],"collection":[{"href":"https:\/\/initechinfo.com\/fr\/wp-json\/wp\/v2\/pages"}],"about":[{"href":"https:\/\/initechinfo.com\/fr\/wp-json\/wp\/v2\/types\/page"}],"author":[{"embeddable":true,"href":"https:\/\/initechinfo.com\/fr\/wp-json\/wp\/v2\/users\/1"}],"replies":[{"embeddable":true,"href":"https:\/\/initechinfo.com\/fr\/wp-json\/wp\/v2\/comments?post=3910"}],"version-history":[{"count":7,"href":"https:\/\/initechinfo.com\/fr\/wp-json\/wp\/v2\/pages\/3910\/revisions"}],"predecessor-version":[{"id":4323,"href":"https:\/\/initechinfo.com\/fr\/wp-json\/wp\/v2\/pages\/3910\/revisions\/4323"}],"up":[{"embeddable":true,"href":"https:\/\/initechinfo.com\/fr\/wp-json\/wp\/v2\/pages\/3860"}],"wp:attachment":[{"href":"https:\/\/initechinfo.com\/fr\/wp-json\/wp\/v2\/media?parent=3910"}],"curies":[{"name":"wp","href":"https:\/\/api.w.org\/{rel}","templated":true}]}}