{"id":4162,"date":"2024-08-23T08:22:50","date_gmt":"2024-08-23T12:22:50","guid":{"rendered":"https:\/\/dev.initechinfo.com\/conditions-generales-dutilisation\/"},"modified":"2024-12-11T08:50:22","modified_gmt":"2024-12-11T13:50:22","slug":"conditions-generales-dutilisation","status":"publish","type":"page","link":"https:\/\/initechinfo.com\/fr\/conditions-generales-dutilisation\/","title":{"rendered":"Conditions g\u00e9n\u00e9rales d&rsquo;utilisation"},"content":{"rendered":"<div class=\"wpb-content-wrapper\"><p>[vc_row][vc_column]<div id=\"ultimate-heading-90869e05fb7b0e0a\" class=\"uvc-heading ult-adjust-bottom-margin ultimate-heading-90869e05fb7b0e0a uvc-9380  uvc-heading-default-font-sizes\" data-hspacer=\"no_spacer\"  data-halign=\"center\" style=\"text-align:center\"><div class=\"uvc-heading-spacer no_spacer\" style=\"top\"><\/div><div class=\"uvc-main-heading ult-responsive\"  data-ultimate-target='.uvc-heading.ultimate-heading-90869e05fb7b0e0a h2'  data-responsive-json-new='{\"font-size\":\"\",\"line-height\":\"\"}' ><h2 style=\"--font-weight:theme;\">Conditions g\u00e9n\u00e9rales d'utilisation<\/h2><\/div><\/div>[vc_empty_space height=\u00a0\u00bb60&Prime;][vc_column_text css=\u00a0\u00bb\u00a0\u00bb][\/vc_column_text][\/vc_column][\/vc_row][vc_row][vc_column][vc_column_text css=\u00a0\u00bb\u00a0\u00bb]<\/p>\n<div class=\"wpb_text_column wpb_content_element vc_custom_1551670804767\">\n<div class=\"wpb_wrapper\">\n<p>Les pr\u00e9sentes conditions d\u2019utilisation d\u00e9crivent les r\u00e8gles et r\u00e9glementations relatives \u00e0 l\u2019utilisation du site web d\u2019iniTECH.<br \/>\niniTECH se situe au : 1033 Route 46 East, , CliftonNJ \u2013 07013, \u00c9tats-Unis<\/p>\n<p>En acc\u00e9dant \u00e0 ce site web, nous supposons que vous acceptez int\u00e9gralement ces conditions g\u00e9n\u00e9rales. Ne continuez pas \u00e0 utiliser le site web iniTECH si vous n\u2019acceptez pas tous les termes et conditions \u00e9nonc\u00e9s sur cette page.<\/p>\n<p>La terminologie suivante s\u2019applique aux pr\u00e9sentes conditions g\u00e9n\u00e9rales, \u00e0 la d\u00e9claration de confidentialit\u00e9 et \u00e0 l\u2019avis de non-responsabilit\u00e9, ainsi qu\u2019\u00e0 tout accord : Les termes \u00ab\u00a0client\u00a0\u00bb, \u00ab\u00a0vous\u00a0\u00bb et \u00ab\u00a0votre\u00a0\u00bb font r\u00e9f\u00e9rence \u00e0 vous, la personne qui acc\u00e8de \u00e0 ce site web et qui accepte les conditions g\u00e9n\u00e9rales de la soci\u00e9t\u00e9. Les termes \u00ab\u00a0La soci\u00e9t\u00e9\u00a0\u00bb, \u00ab\u00a0Nous\u00a0\u00bb, \u00ab\u00a0Notre\u00a0\u00bb et \u00ab\u00a0Nos\u00a0\u00bb font r\u00e9f\u00e9rence \u00e0 notre soci\u00e9t\u00e9. \u00ab\u00a0Partie\u00a0\u00bb, \u00ab\u00a0Parties\u00a0\u00bb, ou \u00ab\u00a0Nous\u00a0\u00bb, d\u00e9signe \u00e0 la fois le client et nous-m\u00eames, ou soit le client, soit nous-m\u00eames. Tous les termes font r\u00e9f\u00e9rence \u00e0 l\u2019offre, l\u2019acceptation et la consid\u00e9ration du paiement n\u00e9cessaire pour entreprendre la relation client de la mani\u00e8re la plus appropri\u00e9e, que ce soit par des r\u00e9unions formelles d\u2019une dur\u00e9e d\u00e9termin\u00e9e, ou par tout autre moyen, dans le but explicite de r\u00e9pondre aux besoins du client en ce qui concerne la fourniture des services\/produits d\u00e9clar\u00e9s de la soci\u00e9t\u00e9, conform\u00e9ment et sous r\u00e9serve de la l\u00e9gislation en vigueur aux \u00c9tats-Unis. Toute utilisation de la terminologie ci-dessus ou d\u2019autres mots au singulier, au pluriel, en majuscules et\/ou il\/elle ou ils, sont consid\u00e9r\u00e9s comme interchangeables et donc comme faisant r\u00e9f\u00e9rence \u00e0 la m\u00eame chose. Cookies Nous utilisons des cookies. En utilisant le site web d\u2019iniTECH, vous acceptez l\u2019utilisation de cookies conform\u00e9ment \u00e0 la politique de confidentialit\u00e9 d\u2019iniTECH. La plupart des sites web interactifs modernes<br \/>\nutilisent des cookies pour nous permettre de r\u00e9cup\u00e9rer les donn\u00e9es des utilisateurs \u00e0 chaque visite. Des cookies sont utilis\u00e9s dans certaines zones de notre site pour permettre le fonctionnement de cette zone et en faciliter l\u2019utilisation pour les personnes qui la visitent. Certains de nos partenaires affili\u00e9s \/ publicitaires peuvent \u00e9galement utiliser des cookies. Licence : Sauf indication contraire, iniTECH et\/ou ses conc\u00e9dants de licence d\u00e9tiennent les droits de propri\u00e9t\u00e9 intellectuelle pour tout le mat\u00e9riel sur iniTECH. Tous les droits de propri\u00e9t\u00e9 intellectuelle sont r\u00e9serv\u00e9s. Vous pouvez consulter et\/ou imprimer les pages de https:\/\/www.initechinfo.com\/ pour votre usage personnel, sous r\u00e9serve des restrictions d\u00e9finies dans les pr\u00e9sentes conditions g\u00e9n\u00e9rales.<\/p>\n<p>Vous ne devez pas :<br \/>\nRepublier le contenu de https:\/\/www.initechinfo.com\/<br \/>\nVendre, louer ou sous-louer du contenu \u00e0 partir de https:\/\/www.initechinfo.com\/<br \/>\nReproduire, dupliquer ou copier du contenu provenant de https:\/\/www.initechinfo.com\/<\/p>\n<p>Redistribuer le contenu d\u2019iniTECH (sauf si le contenu est sp\u00e9cifiquement fait pour \u00eatre redistribu\u00e9).<br \/>\nHyperliens vers notre contenu<\/p>\n<p>Les organisations suivantes peuvent cr\u00e9er des liens vers notre site web sans autorisation \u00e9crite pr\u00e9alable :<\/p>\n<p>Les agences gouvernementales ;<br \/>\nLes moteurs de recherche ;<br \/>\nNouveaux organismes ;<br \/>\nLorsqu\u2019ils nous inscrivent dans leur annuaire, les distributeurs d\u2019annuaires en ligne peuvent \u00e9tablir un lien vers notre site web de la m\u00eame mani\u00e8re qu\u2019ils \u00e9tablissent un hyperlien vers les sites web d\u2019autres entreprises inscrites ; et les entreprises accr\u00e9dit\u00e9es \u00e0 l\u2019\u00e9chelle du syst\u00e8me, \u00e0 l\u2019exception des organismes de sollicitation \u00e0 but non lucratif, des centres commerciaux de bienfaisance et des groupes de collecte de fonds \u00e0 des fins caritatives qui ne peuvent pas \u00e9tablir d\u2019hyperlien vers notre site web.<\/p>\n<p>Ces organisations peuvent cr\u00e9er des liens vers notre page d\u2019accueil, vers des publications ou vers d\u2019autres informations sur le site web, tant que le lien : (a) n\u2019est en aucune fa\u00e7on trompeuse ; (b) n\u2019implique pas faussement le parrainage, l\u2019approbation ou l\u2019autorisation de la partie liante et de ses produits ou services ; et (c) s\u2019inscrit dans le contexte du site de la partie liante<\/p>\n<p>Nous pouvons examiner et approuver, \u00e0 notre seule discr\u00e9tion, d\u2019autres demandes de liens provenant des types d\u2019organisations suivants :<br \/>\nles sources d\u2019information courantes sur les consommateurs et\/ou les entreprises, telles que les chambres de commerce, l\u2019American Automobile Association, l\u2019AARP et la Consumers Union ; les sites communautaires dot.com ; les associations ou autres groupes repr\u00e9sentant des organisations caritatives, y compris les sites de dons de charit\u00e9, les distributeurs d\u2019annuaires en ligne ; les portails Internet ; les cabinets de comptabilit\u00e9, de droit et de conseil dont les principaux clients sont des entreprises ; les \u00e9tablissements d\u2019enseignement et les associations commerciales.<\/p>\n<p>Nous approuverons les demandes de liens de ces organisations si nous d\u00e9terminons que : (a) le lien ne doit pas avoir une incidence n\u00e9gative sur nous ou sur nos entreprises agr\u00e9\u00e9es (par exemple, les associations professionnelles ou autres organisations repr\u00e9sentant des types d\u2019entreprises intrins\u00e8quement suspects, comme les opportunit\u00e9s de travail \u00e0 domicile, ne sont pas autoris\u00e9es \u00e0 \u00e9tablir un lien) ; (b) l\u2019organisation ne pr\u00e9sente pas un rapport insatisfaisant \u00e0 notre \u00e9gard ; (c) le b\u00e9n\u00e9fice que nous tirons de la visibilit\u00e9 associ\u00e9e \u00e0 l\u2019hyperlien l\u2019emporte sur son absence ; et (d) lorsque le lien se situe dans le contexte d\u2019informations g\u00e9n\u00e9rales ou est compatible avec le contenu r\u00e9dactionnel d\u2019une newsletter ou d\u2019un produit similaire favorisant la mission de l\u2019organisation.<\/p>\n<p>Ces organisations peuvent cr\u00e9er des liens vers notre page d\u2019accueil, vers des publications ou vers d\u2019autres informations sur le site web, tant que le lien : (a) n\u2019est en aucune fa\u00e7on trompeur ; (b) n\u2019implique pas faussement le parrainage, l\u2019approbation ou l\u2019autorisation de la partie liante et de ses produits ou services ; et (c) s\u2019inscrit dans le contexte du site de la partie liante<\/p>\n<p>Si vous faites partie des organisations \u00e9num\u00e9r\u00e9es au paragraphe 2 ci-dessus et que vous souhaitez cr\u00e9er un lien vers notre site web, vous devez nous en informer en envoyant un e-mail \u00e0 admin@initechinfo.com.<br \/>\nVeuillez indiquer votre nom, le nom de votre organisation, vos coordonn\u00e9es (telles qu\u2019un num\u00e9ro de t\u00e9l\u00e9phone et\/ou une adresse \u00e9lectronique) ainsi que l\u2019URL de votre site, une liste des URL \u00e0 partir desquelles vous avez l\u2019intention d\u2019\u00e9tablir un lien vers notre site web et une liste des URL de notre site vers lesquelles vous souhaitez \u00e9tablir un lien). Pr\u00e9voyez 2 \u00e0 3 semaines pour une r\u00e9ponse.<\/p>\n<p>Les organisations agr\u00e9\u00e9es peuvent \u00e9tablir un hyperlien vers notre site Web comme suit<\/p>\n<p>Par l\u2019utilisation de notre d\u00e9nomination sociale ; ou<br \/>\nEn utilisant l\u2019URL (adresse Internet) auquel il est li\u00e9 ; ou<br \/>\nEn utilisant toute autre description de notre site Web ou de tout autre contenu li\u00e9 \u00e0 celui-ci qui a sens dans le contexte et le format du contenu du site de la partie liante.<\/p>\n<p>Aucune utilisation du logo d\u2019iniTECH ou d\u2019autres illustrations ne sera autoris\u00e9e pour la cr\u00e9ation de liens en l\u2019absence d\u2019un accord de licence de marque.<\/p>\n<p>Iframes<br \/>\nSans autorisation pr\u00e9alable et \u00e9crite, vous ne pouvez pas cr\u00e9er de cadres autour de nos pages Web ou utiliser d\u2019autres techniques qui modifient de quelque mani\u00e8re que ce soit la pr\u00e9sentation visuelle ou l\u2019apparence de notre site Web.<\/p>\n<p>R\u00e9servation des droits<br \/>\nNous nous r\u00e9servons le droit, \u00e0 tout moment et \u00e0 notre seule discr\u00e9tion, de vous demander de supprimer tous les liens ou tout lien particulier vers notre site Web. Vous acceptez de supprimer imm\u00e9diatement tous les liens vers notre site Web sur cette demande. Nous nous r\u00e9servons \u00e9galement le droit de modifier \u00e0 tout moment les pr\u00e9sentes conditions g\u00e9n\u00e9rales et sa politique de liaison. En continuant \u00e0 vous connecter \u00e0 notre site web, vous acceptez d\u2019\u00eatre li\u00e9 \u00e0 ces conditions de connexion et de les respecter.<\/p>\n<p>Suppression des liens de notre site web<br \/>\nSi vous trouvez un lien sur notre site web, ou tout autre site web li\u00e9, r\u00e9pr\u00e9hensible pour une raison quelconque, vous pouvez nous contacter \u00e0 ce sujet. Nous prendrons en consid\u00e9ration les demandes de suppression de liens mais n\u2019aurons aucune obligation de le faire ou de vous r\u00e9pondre directement.<br \/>\nBien que nous nous efforcions d\u2019assurer l\u2019exactitude des informations figurant sur ce site web, nous ne garantissons pas leur exhaustivit\u00e9 ou leur exactitude ; nous ne nous engageons pas non plus \u00e0 faire en sorte que le site web reste disponible ou que le mat\u00e9riel qui s\u2019y trouve soit maintenu \u00e0 jour.<\/p>\n<p>Responsabilit\u00e9 du contenu<br \/>\nNous n\u2019avons aucune responsabilit\u00e9 quant au contenu de votre site web. Vous acceptez de nous indemniser et de nous d\u00e9fendre contre toute r\u00e9clamation d\u00e9coulant de \u2013 ou bas\u00e9e sur \u2013 votre site Web. Aucun lien ne peut appara\u00eetre sur une page de votre site Web ou dans un contexte contenant un contenu ou des \u00e9l\u00e9ments pouvant \u00eatre interpr\u00e9t\u00e9s comme diffamatoires, obsc\u00e8nes ou criminels, ou qui enfreint, viole ou pr\u00e9conise l\u2019infraction ou toute autre violation des droits d\u2019un tiers.<\/p>\n<p>Clause de non-responsabilit\u00e9<br \/>\nDans la mesure maximale permise par la loi applicable, nous excluons toutes les d\u00e9clarations, garanties et conditions relatives \u00e0 notre site web et \u00e0 l\u2019utilisation de ce site (y compris, sans limitation, toute garantie implicite de la loi concernant la qualit\u00e9 satisfaisante, l\u2019aptitude \u00e0 l\u2019emploi et\/ou l\u2019utilisation de soins et de comp\u00e9tences raisonnables). Rien dans cette clause de non-responsabilit\u00e9 ne :<br \/>\nlimitera ou exclura notre ou votre responsabilit\u00e9 en cas de d\u00e9c\u00e8s ou de blessure corporelle r\u00e9sultant d\u2019une n\u00e9gligence ;<br \/>\nlimitera ou exclura notre responsabilit\u00e9 ou la v\u00f4tre en cas de fraude ou de fausse d\u00e9claration ;<br \/>\nlimitera nos responsabilit\u00e9s ou les v\u00f4tres d\u2019une mani\u00e8re qui n\u2019est pas autoris\u00e9e par la loi applicable ; ou<br \/>\nexclura toute responsabilit\u00e9 de notre part ou de la v\u00f4tre qui ne peut \u00eatre exclue en vertu du droit applicable.<\/p>\n<p>Les limitations et exclusions de responsabilit\u00e9 \u00e9nonc\u00e9es dans la pr\u00e9sente section et ailleurs dans la pr\u00e9sente clause de non-responsabilit\u00e9 : (a) sont soumises au paragraphe pr\u00e9c\u00e9dent ; et (b) r\u00e9gissent toutes les responsabilit\u00e9s d\u00e9coulant de la clause de non-responsabilit\u00e9 ou en relation avec l\u2019objet de cette clause, y compris les responsabilit\u00e9s contractuelles, d\u00e9lictuelles (y compris la n\u00e9gligence) et pour violation d\u2019une obligation l\u00e9gale.<\/p>\n<p>Dans la mesure o\u00f9 le site web et les informations et services qu\u2019il contient sont fournis gratuitement, nous ne sommes pas responsables des pertes ou dommages de quelque nature que ce soit.<\/p>\n<\/div>\n<\/div>\n<div class=\"vc_empty_space\"><\/div>\n<p>[\/vc_column_text][\/vc_column][\/vc_row]<\/p>\n<\/div>","protected":false},"excerpt":{"rendered":"<p>[vc_row][vc_column][vc_empty_space height=\u00a0\u00bb60&Prime;][vc_column_text css=\u00a0\u00bb\u00a0\u00bb][\/vc_column_text][\/vc_column][\/vc_row][vc_row][vc_column][vc_column_text css=\u00a0\u00bb\u00a0\u00bb] Les pr\u00e9sentes conditions d\u2019utilisation d\u00e9crivent les r\u00e8gles et r\u00e9glementations relatives \u00e0 l\u2019utilisation du site web d\u2019iniTECH. iniTECH se situe au : 1033 Route 46 East, , CliftonNJ \u2013 07013, \u00c9tats-Unis En acc\u00e9dant \u00e0 ce site web, nous supposons que vous acceptez int\u00e9gralement ces conditions g\u00e9n\u00e9rales. Ne continuez pas \u00e0 utiliser le&hellip;<\/p>\n","protected":false},"author":1,"featured_media":0,"parent":0,"menu_order":0,"comment_status":"closed","ping_status":"closed","template":"","meta":{"footnotes":""},"class_list":["post-4162","page","type-page","status-publish","hentry","description-off"],"yoast_head":"<!-- This site is optimized with the Yoast SEO plugin v26.6 - https:\/\/yoast.com\/wordpress\/plugins\/seo\/ -->\n<title>Conditions g\u00e9n\u00e9rales d&#039;utilisation &#187; iniTECH<\/title>\n<meta name=\"robots\" content=\"index, follow, max-snippet:-1, max-image-preview:large, max-video-preview:-1\" \/>\n<link rel=\"canonical\" href=\"https:\/\/initechinfo.com\/fr\/conditions-generales-dutilisation\/\" \/>\n<meta property=\"og:locale\" content=\"fr_FR\" \/>\n<meta property=\"og:type\" content=\"article\" \/>\n<meta property=\"og:title\" content=\"Conditions g\u00e9n\u00e9rales d&#039;utilisation &#187; iniTECH\" \/>\n<meta property=\"og:description\" content=\"[vc_row][vc_column][vc_empty_space height=\u00a0\u00bb60&Prime;][vc_column_text css=\u00a0\u00bb\u00a0\u00bb][\/vc_column_text][\/vc_column][\/vc_row][vc_row][vc_column][vc_column_text css=\u00a0\u00bb\u00a0\u00bb] Les pr\u00e9sentes conditions d\u2019utilisation d\u00e9crivent les r\u00e8gles et r\u00e9glementations relatives \u00e0 l\u2019utilisation du site web d\u2019iniTECH. iniTECH se situe au : 1033 Route 46 East, , CliftonNJ \u2013 07013, \u00c9tats-Unis En acc\u00e9dant \u00e0 ce site web, nous supposons que vous acceptez int\u00e9gralement ces conditions g\u00e9n\u00e9rales. Ne continuez pas \u00e0 utiliser le&hellip;\" \/>\n<meta property=\"og:url\" content=\"https:\/\/initechinfo.com\/fr\/conditions-generales-dutilisation\/\" \/>\n<meta property=\"og:site_name\" content=\"iniTECH\" \/>\n<meta property=\"article:modified_time\" content=\"2024-12-11T13:50:22+00:00\" \/>\n<meta name=\"twitter:card\" content=\"summary_large_image\" \/>\n<meta name=\"twitter:label1\" content=\"Dur\u00e9e de lecture estim\u00e9e\" \/>\n\t<meta name=\"twitter:data1\" content=\"1 minute\" \/>\n<script type=\"application\/ld+json\" class=\"yoast-schema-graph\">{\"@context\":\"https:\/\/schema.org\",\"@graph\":[{\"@type\":\"WebPage\",\"@id\":\"https:\/\/initechinfo.com\/fr\/conditions-generales-dutilisation\/\",\"url\":\"https:\/\/initechinfo.com\/fr\/conditions-generales-dutilisation\/\",\"name\":\"Conditions g\u00e9n\u00e9rales d'utilisation &#187; iniTECH\",\"isPartOf\":{\"@id\":\"https:\/\/initechinfo.com\/fr\/#website\"},\"datePublished\":\"2024-08-23T12:22:50+00:00\",\"dateModified\":\"2024-12-11T13:50:22+00:00\",\"breadcrumb\":{\"@id\":\"https:\/\/initechinfo.com\/fr\/conditions-generales-dutilisation\/#breadcrumb\"},\"inLanguage\":\"fr-FR\",\"potentialAction\":[{\"@type\":\"ReadAction\",\"target\":[\"https:\/\/initechinfo.com\/fr\/conditions-generales-dutilisation\/\"]}]},{\"@type\":\"BreadcrumbList\",\"@id\":\"https:\/\/initechinfo.com\/fr\/conditions-generales-dutilisation\/#breadcrumb\",\"itemListElement\":[{\"@type\":\"ListItem\",\"position\":1,\"name\":\"Home\",\"item\":\"https:\/\/initechinfo.com\/fr\/\"},{\"@type\":\"ListItem\",\"position\":2,\"name\":\"Conditions g\u00e9n\u00e9rales d&#8217;utilisation\"}]},{\"@type\":\"WebSite\",\"@id\":\"https:\/\/initechinfo.com\/fr\/#website\",\"url\":\"https:\/\/initechinfo.com\/fr\/\",\"name\":\"iniTECH\",\"description\":\"\",\"potentialAction\":[{\"@type\":\"SearchAction\",\"target\":{\"@type\":\"EntryPoint\",\"urlTemplate\":\"https:\/\/initechinfo.com\/fr\/?s={search_term_string}\"},\"query-input\":{\"@type\":\"PropertyValueSpecification\",\"valueRequired\":true,\"valueName\":\"search_term_string\"}}],\"inLanguage\":\"fr-FR\"}]}<\/script>\n<!-- \/ Yoast SEO plugin. -->","yoast_head_json":{"title":"Conditions g\u00e9n\u00e9rales d'utilisation &#187; iniTECH","robots":{"index":"index","follow":"follow","max-snippet":"max-snippet:-1","max-image-preview":"max-image-preview:large","max-video-preview":"max-video-preview:-1"},"canonical":"https:\/\/initechinfo.com\/fr\/conditions-generales-dutilisation\/","og_locale":"fr_FR","og_type":"article","og_title":"Conditions g\u00e9n\u00e9rales d'utilisation &#187; iniTECH","og_description":"[vc_row][vc_column][vc_empty_space height=\u00a0\u00bb60&Prime;][vc_column_text css=\u00a0\u00bb\u00a0\u00bb][\/vc_column_text][\/vc_column][\/vc_row][vc_row][vc_column][vc_column_text css=\u00a0\u00bb\u00a0\u00bb] Les pr\u00e9sentes conditions d\u2019utilisation d\u00e9crivent les r\u00e8gles et r\u00e9glementations relatives \u00e0 l\u2019utilisation du site web d\u2019iniTECH. iniTECH se situe au : 1033 Route 46 East, , CliftonNJ \u2013 07013, \u00c9tats-Unis En acc\u00e9dant \u00e0 ce site web, nous supposons que vous acceptez int\u00e9gralement ces conditions g\u00e9n\u00e9rales. Ne continuez pas \u00e0 utiliser le&hellip;","og_url":"https:\/\/initechinfo.com\/fr\/conditions-generales-dutilisation\/","og_site_name":"iniTECH","article_modified_time":"2024-12-11T13:50:22+00:00","twitter_card":"summary_large_image","twitter_misc":{"Dur\u00e9e de lecture estim\u00e9e":"1 minute"},"schema":{"@context":"https:\/\/schema.org","@graph":[{"@type":"WebPage","@id":"https:\/\/initechinfo.com\/fr\/conditions-generales-dutilisation\/","url":"https:\/\/initechinfo.com\/fr\/conditions-generales-dutilisation\/","name":"Conditions g\u00e9n\u00e9rales d'utilisation &#187; iniTECH","isPartOf":{"@id":"https:\/\/initechinfo.com\/fr\/#website"},"datePublished":"2024-08-23T12:22:50+00:00","dateModified":"2024-12-11T13:50:22+00:00","breadcrumb":{"@id":"https:\/\/initechinfo.com\/fr\/conditions-generales-dutilisation\/#breadcrumb"},"inLanguage":"fr-FR","potentialAction":[{"@type":"ReadAction","target":["https:\/\/initechinfo.com\/fr\/conditions-generales-dutilisation\/"]}]},{"@type":"BreadcrumbList","@id":"https:\/\/initechinfo.com\/fr\/conditions-generales-dutilisation\/#breadcrumb","itemListElement":[{"@type":"ListItem","position":1,"name":"Home","item":"https:\/\/initechinfo.com\/fr\/"},{"@type":"ListItem","position":2,"name":"Conditions g\u00e9n\u00e9rales d&#8217;utilisation"}]},{"@type":"WebSite","@id":"https:\/\/initechinfo.com\/fr\/#website","url":"https:\/\/initechinfo.com\/fr\/","name":"iniTECH","description":"","potentialAction":[{"@type":"SearchAction","target":{"@type":"EntryPoint","urlTemplate":"https:\/\/initechinfo.com\/fr\/?s={search_term_string}"},"query-input":{"@type":"PropertyValueSpecification","valueRequired":true,"valueName":"search_term_string"}}],"inLanguage":"fr-FR"}]}},"_links":{"self":[{"href":"https:\/\/initechinfo.com\/fr\/wp-json\/wp\/v2\/pages\/4162","targetHints":{"allow":["GET"]}}],"collection":[{"href":"https:\/\/initechinfo.com\/fr\/wp-json\/wp\/v2\/pages"}],"about":[{"href":"https:\/\/initechinfo.com\/fr\/wp-json\/wp\/v2\/types\/page"}],"author":[{"embeddable":true,"href":"https:\/\/initechinfo.com\/fr\/wp-json\/wp\/v2\/users\/1"}],"replies":[{"embeddable":true,"href":"https:\/\/initechinfo.com\/fr\/wp-json\/wp\/v2\/comments?post=4162"}],"version-history":[{"count":3,"href":"https:\/\/initechinfo.com\/fr\/wp-json\/wp\/v2\/pages\/4162\/revisions"}],"predecessor-version":[{"id":4166,"href":"https:\/\/initechinfo.com\/fr\/wp-json\/wp\/v2\/pages\/4162\/revisions\/4166"}],"wp:attachment":[{"href":"https:\/\/initechinfo.com\/fr\/wp-json\/wp\/v2\/media?parent=4162"}],"curies":[{"name":"wp","href":"https:\/\/api.w.org\/{rel}","templated":true}]}}