{"id":4793,"date":"2025-07-02T11:27:18","date_gmt":"2025-07-02T15:27:18","guid":{"rendered":"https:\/\/initechinfo.com\/notre-impact-social\/"},"modified":"2025-09-16T10:48:11","modified_gmt":"2025-09-16T14:48:11","slug":"notre-impact-social","status":"publish","type":"page","link":"https:\/\/initechinfo.com\/fr\/notre-impact-social\/","title":{"rendered":"Notre impact social"},"content":{"rendered":"<div class=\"wpb-content-wrapper\"><p>[vc_row type=\u00a0\u00bbvc_default\u00a0\u00bb equal_height=\u00a0\u00bbyes\u00a0\u00bb content_placement=\u00a0\u00bbmiddle\u00a0\u00bb][vc_column offset=\u00a0\u00bbvc_col-lg-6 vc_col-md-7&Prime; css=\u00a0\u00bb.vc_custom_1491687100695{padding-bottom: 50px !important;}\u00a0\u00bb]<div id=\"ultimate-heading-949369e077a5e9967\" class=\"uvc-heading ult-adjust-bottom-margin ultimate-heading-949369e077a5e9967 uvc-7176 color-title accent-title-color heading_main_sg\" data-hspacer=\"no_spacer\"  data-halign=\"left\" style=\"text-align:left\"><div class=\"uvc-heading-spacer no_spacer\" style=\"top\"><\/div><div class=\"uvc-sub-heading ult-responsive\"  data-ultimate-target='.uvc-heading.ultimate-heading-949369e077a5e9967 .uvc-sub-heading '  data-responsive-json-new='{\"font-size\":\"desktop:44px;\",\"line-height\":\"desktop:54px;\"}'  style=\"font-family:&#039;Roboto Condensed&#039;;font-weight:bold;margin-bottom:10px;\"><\/p>\n<h2>Minist\u00e8res d\u2019Hope Haitian<\/h2>\n<p><\/div><\/div><div id=\"ultimate-heading-651369e077a5e9a9c\" class=\"uvc-heading ult-adjust-bottom-margin ultimate-heading-651369e077a5e9a9c uvc-2561 subheading_24\" data-hspacer=\"no_spacer\"  data-halign=\"left\" style=\"text-align:left\"><div class=\"uvc-heading-spacer no_spacer\" style=\"top\"><\/div><div class=\"uvc-main-heading ult-responsive\"  data-ultimate-target='.uvc-heading.ultimate-heading-651369e077a5e9a9c h2'  data-responsive-json-new='{\"font-size\":\"desktop:24px;\",\"line-height\":\"desktop:34px;\"}' ><h2 style=\"font-weight:bold;margin-bottom:25px;\">iniTECH et son \u00e9quipe sont fiers de soutenir les Minist\u00e8res d\u2019Hope Haitian et les ha\u00eftiens.<\/h2><\/div><\/div>[vc_column_text css=\u00a0\u00bb.vc_custom_1753984621670{padding-bottom: 0px !important;}\u00a0\u00bb]<\/p>\n<p style=\"font-weight: 400;\">Depuis de nombreuses ann\u00e9es, nous travaillons avec Hope Haitian pour apporter un soutien technique et mettre en place une aide durable pour les communaut\u00e9s dans le besoin. Nous sommes heureux d\u2019avoir atteint une \u00e9tape importante : <strong>servir plus de 250 000 repas<\/strong> scolaires \u00e0 des enfants de toute la r\u00e9gion. <\/p>\n<p style=\"font-weight: 400;\">Dans une ville o\u00f9 il n&rsquo;y avait pas d&rsquo;\u00e9cole, iniTECH a aid\u00e9 \u00e0 construire :<\/p>\n<ul style=\"font-weight: 400;\">\n<li>Une <strong>\u00e9cole primaire<\/strong><\/li>\n<li>Un<strong> coll\u00e8ge<\/strong><\/li>\n<li>Un<strong> lyc\u00e9e <\/strong>(en partenariat avec notre client, Incoco, en 2021)<\/li>\n<li>Une <strong>\u00e9glise<\/strong><\/li>\n<li>Un<strong> lyc\u00e9e professionnel<\/strong><\/li>\n<li>Un b\u00e2timent pour les enseignants<\/li>\n<\/ul>\n<p style=\"font-weight: 400;\">Au total,<strong> six b\u00e2timents scolaires<\/strong> ont \u00e9t\u00e9 construits.<\/p>\n<p>[\/vc_column_text][\/vc_column][vc_column offset=\u00a0\u00bbvc_col-lg-6 vc_col-md-5&Prime; css=\u00a0\u00bb.vc_custom_1491687110690{padding-bottom: 50px !important;}\u00a0\u00bb]<div id=\"ultimate-video-712569e077a5e9ba6\" class=\"ult-video  ult-adjust-bottom-margin ultimate-video-712569e077a5e9ba6 ultv-1639 \"><div class=\"ultv-video ultv-aspect-ratio-16_9 ultv-subscribe-responsive-none\" data-videotype=\"uv_iframe\">\n\t\t\t\t\t\t<div class=\"ultv-video__outer-wrap\" data-autoplay=\"0\" data-device=\"false\"  data-iconbg=\"#3A3A3A\" data-overcolor=\"\" data-defaultbg=\"#1f1f1e\" data-defaultplay=\"defaulticon\"><div class=\"ultv-video__play\" data-src=\"https:\/\/www.youtube.com\/embed\/EmztJShfcjs?rel=0&#038;start&#038;end&#038;controls=1&#038;mute=0&#038;modestbranding=0&#038;autoplay=1\">\n\t\t\t\t\t\t\t\t<img decoding=\"async\" class=\"ultv-video__thumb\" src=\"https:\/\/initechinfo.com\/wp-content\/uploads\/2025\/07\/HopeHaitian.jpg\"\/>\n\t\t\t\t\t\t\t\t<div class=\"ultv-video__play-icon  ultv-animation-none\" style=\"width:75px\"><svg height=\"100%\" version=\"1.1\" viewBox=\"0 0 68 48\" width=\"100%\"><path class=\"ultv-youtube-icon-bg\" d=\"m .66,37.62 c 0,0 .66,4.70 2.70,6.77 2.58,2.71 5.98,2.63 7.49,2.91 5.43,.52 23.10,.68 23.12,.68 .00,-1.3e-5 14.29,-0.02 23.81,-0.71 1.32,-0.15 4.22,-0.17 6.81,-2.89 2.03,-2.07 2.70,-6.77 2.70,-6.77 0,0 .67,-5.52 .67,-11.04 l 0,-5.17 c 0,-5.52 -0.67,-11.04 -0.67,-11.04 0,0 -0.66,-4.70 -2.70,-6.77 C 62.03,.86 59.13,.84 57.80,.69 48.28,0 34.00,0 34.00,0 33.97,0 19.69,0 10.18,.69 8.85,.84 5.95,.86 3.36,3.58 1.32,5.65 .66,10.35 .66,10.35 c 0,0 -0.55,4.50 -0.66,9.45 l 0,8.36 c .10,4.94 .66,9.45 .66,9.45 z\" fill=\"#1f1f1e\" ><\/path><path d=\"m 26.96,13.67 18.37,9.62 -18.37,9.55 -0.00,-19.17 z\" fill=\"#fff\"><\/path><path d=\"M 45.02,23.46 45.32,23.28 26.96,13.67 43.32,22.34 45.02,23.46 z\" fill=\"#ccc\"><\/path><\/svg><\/div> <\/div> <\/div><\/div><\/div>[\/vc_column][\/vc_row][vc_row type=\u00a0\u00bbvc_default\u00a0\u00bb equal_height=\u00a0\u00bbyes\u00a0\u00bb content_placement=\u00a0\u00bbmiddle\u00a0\u00bb el_class=\u00a0\u00bbnm-row-flex-col-reverse\u00a0\u00bb][vc_column offset=\u00a0\u00bbvc_col-lg-6 vc_col-md-7&Prime; css=\u00a0\u00bb.vc_custom_1491687100695{padding-bottom: 50px !important;}\u00a0\u00bb][vc_column_text css=\u00a0\u00bb.vc_custom_1752161372345{padding-bottom: 0px !important;}\u00a0\u00bb]<\/p>\n<p style=\"font-weight: 400;\">n 2025, nous avons eu la chance de participer au lancement d&rsquo;une <strong>nouvelle organisation caritative, <em>House of Hope<\/em><\/strong>, qui s&rsquo;attaque \u00e0 la crise due \u00e0 la d\u00e9gradation de la sant\u00e9 mentale en Ha\u00efti, en particulier parmi les personnes touch\u00e9es par les troubles actuels et la violence des gangs. Cette initiative apporte des conseils, des soins aux victimes de traumatismes et un soutien spirituel aux personnes et aux familles confront\u00e9es \u00e0 certains d\u00e9fis les plus sombres. <\/p>\n<p style=\"font-weight: 400;\">Chez iniTECH, nous croyons qu&rsquo;il faut partager ce que nous avons pour aider notre prochain, \u00e0 la fois par l&rsquo;excellence de l&rsquo;ing\u00e9nierie et par la compassion. Merci \u00e0 tous ceux qui nous ont accompagn\u00e9s dans cette mission. <\/p>\n<p>[\/vc_column_text][\/vc_column][vc_column offset=\u00a0\u00bbvc_col-lg-6 vc_col-md-5&Prime; css=\u00a0\u00bb.vc_custom_1491687110690{padding-bottom: 50px !important;}\u00a0\u00bb]<style type=\"text\/css\" data-type=\"the7_shortcodes-inline-css\">.shortcode-single-image-wrap.shortcode-single-image-bdfafed51a4149a759f034c3a3962355.enable-bg-rollover .rollover i,\n.shortcode-single-image-wrap.shortcode-single-image-bdfafed51a4149a759f034c3a3962355.enable-bg-rollover .rollover-video i {\n  background: -webkit-linear-gradient();\n  background: linear-gradient();\n}\n.shortcode-single-image-wrap.shortcode-single-image-bdfafed51a4149a759f034c3a3962355 .rollover-icon {\n  font-size: 32px;\n  color: #ffffff;\n  min-width: 44px;\n  min-height: 44px;\n  line-height: 44px;\n  border-radius: 100px;\n  border-style: solid;\n  border-width: 0px;\n}\n.dt-icon-bg-on.shortcode-single-image-wrap.shortcode-single-image-bdfafed51a4149a759f034c3a3962355 .rollover-icon {\n  background: rgba(255,255,255,0.3);\n  box-shadow: none;\n}<\/style><div class=\"shortcode-single-image-wrap shortcode-single-image-bdfafed51a4149a759f034c3a3962355 alignnone  enable-bg-rollover dt-icon-bg-off\" style=\"margin-top:0px; margin-bottom:0px; margin-left:0px; margin-right:0px; width:500px;\"><div class=\"shortcode-single-image\"><div class=\"fancy-media-wrap  layzr-bg\" style=\"\"><img decoding=\"async\" class=\"preload-me lazy-load aspect\" src=\"data:image\/svg+xml,%3Csvg%20xmlns%3D&#39;http%3A%2F%2Fwww.w3.org%2F2000%2Fsvg&#39;%20viewBox%3D&#39;0%200%20235%2099&#39;%2F%3E\" data-src=\"https:\/\/initechinfo.com\/wp-content\/uploads\/2025\/07\/hopehaitian-logo.jpg\" data-srcset=\"https:\/\/initechinfo.com\/wp-content\/uploads\/2025\/07\/hopehaitian-logo.jpg 235w\" loading=\"eager\" sizes=\"(max-width: 235px) 100vw, 235px\" width=\"235\" height=\"99\"  data-dt-location=\"https:\/\/initechinfo.com\/fr\/social-impact\/hopehaitian-logo\/\" style=\"--ratio: 235 \/ 99;\" alt=\"\" \/><\/div><\/div><\/div>[\/vc_column][\/vc_row][vc_row][vc_column width=\u00a0\u00bb1\/4&Prime;][\/vc_column][vc_column width=\u00a0\u00bb1\/2&Prime;][vc_empty_space height=\u00a0\u00bb40px\u00a0\u00bb]<div id=\"ultimate-heading-258769e077a5f05f4\" class=\"uvc-heading ult-adjust-bottom-margin ultimate-heading-258769e077a5f05f4 uvc-8369 subheading_24\" data-hspacer=\"no_spacer\"  data-halign=\"center\" style=\"text-align:center\"><div class=\"uvc-heading-spacer no_spacer\" style=\"top\"><\/div><div class=\"uvc-main-heading ult-responsive\"  data-ultimate-target='.uvc-heading.ultimate-heading-258769e077a5f05f4 h2'  data-responsive-json-new='{\"font-size\":\"desktop:24px;\",\"line-height\":\"desktop:34px;\"}' ><h2 style=\"font-weight:bold;margin-bottom:25px;\">Contactez-nous si vous souhaitez vous joindre \u00e0 nous pour servir ceux dans le besoin.<\/h2><\/div><\/div>[vc_empty_space height=\u00a0\u00bb20px\u00a0\u00bb]<style type=\"text\/css\" data-type=\"the7_shortcodes-inline-css\">#default-btn-78538b6f47c8e8e42de1857de6cd4314 {\n  border-radius: 0px;\n  font-size: 14px;\n  line-height: 16px;\n}\n.btn-shadow#default-btn-78538b6f47c8e8e42de1857de6cd4314 {\n  box-shadow: 0 1px 6px rgba(0,0,0,0.12);\n  transition: box-shadow 0.2s ease-out, opacity 0.45s;\n}\n.btn-shadow#default-btn-78538b6f47c8e8e42de1857de6cd4314:hover {\n  box-shadow: 0 5px 11px 0 rgba(0,0,0,0.18), 0 4px 15px 0 rgba(0,0,0,0.15);\n}\n.btn-3d#default-btn-78538b6f47c8e8e42de1857de6cd4314 {\n  box-shadow: 0px 2px 0px 0px #e58f49;\n}\n.btn-3d#default-btn-78538b6f47c8e8e42de1857de6cd4314:hover {\n  box-shadow: 0px 2px 0px 0px #b95f2a;\n}\n.btn-flat#default-btn-78538b6f47c8e8e42de1857de6cd4314 {\n  box-shadow: none;\n}\n.btn-flat#default-btn-78538b6f47c8e8e42de1857de6cd4314:hover {\n  box-shadow: none;\n}\n#default-btn-78538b6f47c8e8e42de1857de6cd4314.ico-right-side > i {\n  margin-right: 0px;\n  margin-left: 8px;\n}\n#default-btn-78538b6f47c8e8e42de1857de6cd4314 > i {\n  margin-right: 8px;\n  font-size: 14px;\n}\n#default-btn-78538b6f47c8e8e42de1857de6cd4314:not(:hover) {\n  border-width: 0px;\n  background: #fbae70 !important;\n  padding: 11px 18px 11px 18px;\n}\n#default-btn-78538b6f47c8e8e42de1857de6cd4314:hover {\n  border-width: 0px;\n  background: #ec7834 !important;\n  padding: 11px 18px 11px 18px;\n}\n#default-btn-78538b6f47c8e8e42de1857de6cd4314.ico-right-side > i {\n  margin-right: 0px;\n  margin-left: 8px;\n}\n#default-btn-78538b6f47c8e8e42de1857de6cd4314 > i {\n  margin-right: 8px;\n}<\/style><div class=\"btn-align-center\"><a href=\"\/contact\/\" class=\"default-btn-shortcode dt-btn link-hover-off btn-flat \" id=\"default-btn-78538b6f47c8e8e42de1857de6cd4314\"><span>Get in Touch<\/span><\/a><\/div>[vc_empty_space height=\u00a0\u00bb60px\u00a0\u00bb][\/vc_column][vc_column width=\u00a0\u00bb1\/4&Prime;][\/vc_column][\/vc_row][vc_row][vc_column width=\u00a0\u00bb1\/3&Prime;]<style type=\"text\/css\" data-type=\"the7_shortcodes-inline-css\">.shortcode-single-image-wrap.shortcode-single-image-eafec100e8b8afcae3e2077286a13b43.enable-bg-rollover .rollover i,\n.shortcode-single-image-wrap.shortcode-single-image-eafec100e8b8afcae3e2077286a13b43.enable-bg-rollover .rollover-video i {\n  background: -webkit-linear-gradient();\n  background: linear-gradient();\n}\n.shortcode-single-image-wrap.shortcode-single-image-eafec100e8b8afcae3e2077286a13b43 .rollover-icon {\n  font-size: 32px;\n  color: #ffffff;\n  min-width: 44px;\n  min-height: 44px;\n  line-height: 44px;\n  border-radius: 100px;\n  border-style: solid;\n  border-width: 0px;\n}\n.dt-icon-bg-on.shortcode-single-image-wrap.shortcode-single-image-eafec100e8b8afcae3e2077286a13b43 .rollover-icon {\n  background: rgba(255,255,255,0.3);\n  box-shadow: none;\n}<\/style><div class=\"shortcode-single-image-wrap shortcode-single-image-eafec100e8b8afcae3e2077286a13b43 alignnone  enable-bg-rollover dt-icon-bg-off\" style=\"margin-top:0px; margin-bottom:0px; margin-left:0px; margin-right:0px; width:500px;\"><div class=\"shortcode-single-image\"><div class=\"fancy-media-wrap  layzr-bg\" style=\"\"><img fetchpriority=\"high\" decoding=\"async\" class=\"preload-me lazy-load aspect\" src=\"data:image\/svg+xml,%3Csvg%20xmlns%3D&#39;http%3A%2F%2Fwww.w3.org%2F2000%2Fsvg&#39;%20viewBox%3D&#39;0%200%20500%20281&#39;%2F%3E\" data-src=\"https:\/\/initechinfo.com\/wp-content\/uploads\/2025\/07\/HopeHaitian_3-500x281.jpg\" data-srcset=\"https:\/\/initechinfo.com\/wp-content\/uploads\/2025\/07\/HopeHaitian_3-500x281.jpg 500w, https:\/\/initechinfo.com\/wp-content\/uploads\/2025\/07\/HopeHaitian_3-1000x562.jpg 1000w\" loading=\"eager\" sizes=\"(max-width: 500px) 100vw, 500px\" width=\"500\" height=\"281\"  data-dt-location=\"https:\/\/initechinfo.com\/fr\/social-impact\/hopehaitian_3\/\" style=\"--ratio: 500 \/ 281;\" alt=\"\" \/><\/div><\/div><\/div>[vc_empty_space height=\u00a0\u00bb40px\u00a0\u00bb][\/vc_column][vc_column width=\u00a0\u00bb1\/3&Prime;]<style type=\"text\/css\" data-type=\"the7_shortcodes-inline-css\">.shortcode-single-image-wrap.shortcode-single-image-1fa7dfd78a19f26ff67e7622850fa2ed.enable-bg-rollover .rollover i,\n.shortcode-single-image-wrap.shortcode-single-image-1fa7dfd78a19f26ff67e7622850fa2ed.enable-bg-rollover .rollover-video i {\n  background: -webkit-linear-gradient();\n  background: linear-gradient();\n}\n.shortcode-single-image-wrap.shortcode-single-image-1fa7dfd78a19f26ff67e7622850fa2ed .rollover-icon {\n  font-size: 32px;\n  color: #ffffff;\n  min-width: 44px;\n  min-height: 44px;\n  line-height: 44px;\n  border-radius: 100px;\n  border-style: solid;\n  border-width: 0px;\n}\n.dt-icon-bg-on.shortcode-single-image-wrap.shortcode-single-image-1fa7dfd78a19f26ff67e7622850fa2ed .rollover-icon {\n  background: rgba(255,255,255,0.3);\n  box-shadow: none;\n}<\/style><div class=\"shortcode-single-image-wrap shortcode-single-image-1fa7dfd78a19f26ff67e7622850fa2ed alignnone  enable-bg-rollover dt-icon-bg-off\" style=\"margin-top:0px; margin-bottom:0px; margin-left:0px; margin-right:0px; width:500px;\"><div class=\"shortcode-single-image\"><div class=\"fancy-media-wrap  layzr-bg\" style=\"\"><img decoding=\"async\" class=\"preload-me lazy-load aspect\" src=\"data:image\/svg+xml,%3Csvg%20xmlns%3D&#39;http%3A%2F%2Fwww.w3.org%2F2000%2Fsvg&#39;%20viewBox%3D&#39;0%200%20500%20282&#39;%2F%3E\" data-src=\"https:\/\/initechinfo.com\/wp-content\/uploads\/2025\/07\/image007-500x282.jpg\" data-srcset=\"https:\/\/initechinfo.com\/wp-content\/uploads\/2025\/07\/image007-500x282.jpg 500w, https:\/\/initechinfo.com\/wp-content\/uploads\/2025\/07\/image007-937x528.jpg 937w\" loading=\"eager\" sizes=\"(max-width: 500px) 100vw, 500px\" width=\"500\" height=\"282\"  data-dt-location=\"https:\/\/initechinfo.com\/fr\/social-impact\/image007\/\" style=\"--ratio: 500 \/ 282;\" alt=\"\" \/><\/div><\/div><\/div>[vc_empty_space height=\u00a0\u00bb40px\u00a0\u00bb][\/vc_column][vc_column width=\u00a0\u00bb1\/3&Prime;]<style type=\"text\/css\" data-type=\"the7_shortcodes-inline-css\">.shortcode-single-image-wrap.shortcode-single-image-19c243fa417f50644fe475cb208ce6c4.enable-bg-rollover .rollover i,\n.shortcode-single-image-wrap.shortcode-single-image-19c243fa417f50644fe475cb208ce6c4.enable-bg-rollover .rollover-video i {\n  background: -webkit-linear-gradient();\n  background: linear-gradient();\n}\n.shortcode-single-image-wrap.shortcode-single-image-19c243fa417f50644fe475cb208ce6c4 .rollover-icon {\n  font-size: 32px;\n  color: #ffffff;\n  min-width: 44px;\n  min-height: 44px;\n  line-height: 44px;\n  border-radius: 100px;\n  border-style: solid;\n  border-width: 0px;\n}\n.dt-icon-bg-on.shortcode-single-image-wrap.shortcode-single-image-19c243fa417f50644fe475cb208ce6c4 .rollover-icon {\n  background: rgba(255,255,255,0.3);\n  box-shadow: none;\n}<\/style><div class=\"shortcode-single-image-wrap shortcode-single-image-19c243fa417f50644fe475cb208ce6c4 alignnone  enable-bg-rollover dt-icon-bg-off\" style=\"margin-top:0px; margin-bottom:0px; margin-left:0px; margin-right:0px; width:500px;\"><div class=\"shortcode-single-image\"><div class=\"fancy-media-wrap  layzr-bg\" style=\"\"><img decoding=\"async\" class=\"preload-me lazy-load aspect\" src=\"data:image\/svg+xml,%3Csvg%20xmlns%3D&#39;http%3A%2F%2Fwww.w3.org%2F2000%2Fsvg&#39;%20viewBox%3D&#39;0%200%20500%20281&#39;%2F%3E\" data-src=\"https:\/\/initechinfo.com\/wp-content\/uploads\/2025\/07\/HopeHaitian-500x281.jpg\" data-srcset=\"https:\/\/initechinfo.com\/wp-content\/uploads\/2025\/07\/HopeHaitian-500x281.jpg 500w, https:\/\/initechinfo.com\/wp-content\/uploads\/2025\/07\/HopeHaitian-1000x562.jpg 1000w\" loading=\"eager\" sizes=\"(max-width: 500px) 100vw, 500px\" width=\"500\" height=\"281\"  data-dt-location=\"https:\/\/initechinfo.com\/fr\/social-impact\/hopehaitian\/\" style=\"--ratio: 500 \/ 281;\" alt=\"\" \/><\/div><\/div><\/div>[vc_empty_space height=\u00a0\u00bb40px\u00a0\u00bb][\/vc_column][\/vc_row]<\/p>\n<\/div>","protected":false},"excerpt":{"rendered":"<p>[vc_row type=\u00a0\u00bbvc_default\u00a0\u00bb equal_height=\u00a0\u00bbyes\u00a0\u00bb content_placement=\u00a0\u00bbmiddle\u00a0\u00bb][vc_column offset=\u00a0\u00bbvc_col-lg-6 vc_col-md-7&Prime; css=\u00a0\u00bb.vc_custom_1491687100695{padding-bottom: 50px !important;}\u00a0\u00bb][vc_column_text css=\u00a0\u00bb.vc_custom_1753984621670{padding-bottom: 0px !important;}\u00a0\u00bb] Depuis de nombreuses ann\u00e9es, nous travaillons avec Hope Haitian pour apporter un soutien technique et mettre en place une aide durable pour les communaut\u00e9s dans le besoin. Nous sommes heureux d\u2019avoir atteint une \u00e9tape importante : servir plus de 250 000 repas scolaires&hellip;<\/p>\n","protected":false},"author":1,"featured_media":0,"parent":0,"menu_order":0,"comment_status":"closed","ping_status":"closed","template":"","meta":{"footnotes":""},"class_list":["post-4793","page","type-page","status-publish","hentry","description-off"],"yoast_head":"<!-- This site is optimized with the Yoast SEO plugin v26.6 - https:\/\/yoast.com\/wordpress\/plugins\/seo\/ -->\n<title>Notre impact social &#187; iniTECH<\/title>\n<meta name=\"robots\" content=\"index, follow, max-snippet:-1, max-image-preview:large, max-video-preview:-1\" \/>\n<link rel=\"canonical\" href=\"https:\/\/initechinfo.com\/fr\/notre-impact-social\/\" \/>\n<meta property=\"og:locale\" content=\"fr_FR\" \/>\n<meta property=\"og:type\" content=\"article\" \/>\n<meta property=\"og:title\" content=\"Notre impact social &#187; iniTECH\" \/>\n<meta property=\"og:description\" content=\"[vc_row type=\u00a0\u00bbvc_default\u00a0\u00bb equal_height=\u00a0\u00bbyes\u00a0\u00bb content_placement=\u00a0\u00bbmiddle\u00a0\u00bb][vc_column offset=\u00a0\u00bbvc_col-lg-6 vc_col-md-7&Prime; css=\u00a0\u00bb.vc_custom_1491687100695{padding-bottom: 50px !important;}\u00a0\u00bb][vc_column_text css=\u00a0\u00bb.vc_custom_1753984621670{padding-bottom: 0px !important;}\u00a0\u00bb] Depuis de nombreuses ann\u00e9es, nous travaillons avec Hope Haitian pour apporter un soutien technique et mettre en place une aide durable pour les communaut\u00e9s dans le besoin. Nous sommes heureux d\u2019avoir atteint une \u00e9tape importante : servir plus de 250 000 repas scolaires&hellip;\" \/>\n<meta property=\"og:url\" content=\"https:\/\/initechinfo.com\/fr\/notre-impact-social\/\" \/>\n<meta property=\"og:site_name\" content=\"iniTECH\" \/>\n<meta property=\"article:modified_time\" content=\"2025-09-16T14:48:11+00:00\" \/>\n<meta name=\"twitter:card\" content=\"summary_large_image\" \/>\n<meta name=\"twitter:label1\" content=\"Dur\u00e9e de lecture estim\u00e9e\" \/>\n\t<meta name=\"twitter:data1\" content=\"2 minutes\" \/>\n<script type=\"application\/ld+json\" class=\"yoast-schema-graph\">{\"@context\":\"https:\/\/schema.org\",\"@graph\":[{\"@type\":\"WebPage\",\"@id\":\"https:\/\/initechinfo.com\/fr\/notre-impact-social\/\",\"url\":\"https:\/\/initechinfo.com\/fr\/notre-impact-social\/\",\"name\":\"Notre impact social &#187; iniTECH\",\"isPartOf\":{\"@id\":\"https:\/\/initechinfo.com\/fr\/#website\"},\"datePublished\":\"2025-07-02T15:27:18+00:00\",\"dateModified\":\"2025-09-16T14:48:11+00:00\",\"breadcrumb\":{\"@id\":\"https:\/\/initechinfo.com\/fr\/notre-impact-social\/#breadcrumb\"},\"inLanguage\":\"fr-FR\",\"potentialAction\":[{\"@type\":\"ReadAction\",\"target\":[\"https:\/\/initechinfo.com\/fr\/notre-impact-social\/\"]}]},{\"@type\":\"BreadcrumbList\",\"@id\":\"https:\/\/initechinfo.com\/fr\/notre-impact-social\/#breadcrumb\",\"itemListElement\":[{\"@type\":\"ListItem\",\"position\":1,\"name\":\"Home\",\"item\":\"https:\/\/initechinfo.com\/fr\/\"},{\"@type\":\"ListItem\",\"position\":2,\"name\":\"Notre impact social\"}]},{\"@type\":\"WebSite\",\"@id\":\"https:\/\/initechinfo.com\/fr\/#website\",\"url\":\"https:\/\/initechinfo.com\/fr\/\",\"name\":\"iniTECH\",\"description\":\"\",\"potentialAction\":[{\"@type\":\"SearchAction\",\"target\":{\"@type\":\"EntryPoint\",\"urlTemplate\":\"https:\/\/initechinfo.com\/fr\/?s={search_term_string}\"},\"query-input\":{\"@type\":\"PropertyValueSpecification\",\"valueRequired\":true,\"valueName\":\"search_term_string\"}}],\"inLanguage\":\"fr-FR\"}]}<\/script>\n<!-- \/ Yoast SEO plugin. -->","yoast_head_json":{"title":"Notre impact social &#187; iniTECH","robots":{"index":"index","follow":"follow","max-snippet":"max-snippet:-1","max-image-preview":"max-image-preview:large","max-video-preview":"max-video-preview:-1"},"canonical":"https:\/\/initechinfo.com\/fr\/notre-impact-social\/","og_locale":"fr_FR","og_type":"article","og_title":"Notre impact social &#187; iniTECH","og_description":"[vc_row type=\u00a0\u00bbvc_default\u00a0\u00bb equal_height=\u00a0\u00bbyes\u00a0\u00bb content_placement=\u00a0\u00bbmiddle\u00a0\u00bb][vc_column offset=\u00a0\u00bbvc_col-lg-6 vc_col-md-7&Prime; css=\u00a0\u00bb.vc_custom_1491687100695{padding-bottom: 50px !important;}\u00a0\u00bb][vc_column_text css=\u00a0\u00bb.vc_custom_1753984621670{padding-bottom: 0px !important;}\u00a0\u00bb] Depuis de nombreuses ann\u00e9es, nous travaillons avec Hope Haitian pour apporter un soutien technique et mettre en place une aide durable pour les communaut\u00e9s dans le besoin. Nous sommes heureux d\u2019avoir atteint une \u00e9tape importante : servir plus de 250 000 repas scolaires&hellip;","og_url":"https:\/\/initechinfo.com\/fr\/notre-impact-social\/","og_site_name":"iniTECH","article_modified_time":"2025-09-16T14:48:11+00:00","twitter_card":"summary_large_image","twitter_misc":{"Dur\u00e9e de lecture estim\u00e9e":"2 minutes"},"schema":{"@context":"https:\/\/schema.org","@graph":[{"@type":"WebPage","@id":"https:\/\/initechinfo.com\/fr\/notre-impact-social\/","url":"https:\/\/initechinfo.com\/fr\/notre-impact-social\/","name":"Notre impact social &#187; iniTECH","isPartOf":{"@id":"https:\/\/initechinfo.com\/fr\/#website"},"datePublished":"2025-07-02T15:27:18+00:00","dateModified":"2025-09-16T14:48:11+00:00","breadcrumb":{"@id":"https:\/\/initechinfo.com\/fr\/notre-impact-social\/#breadcrumb"},"inLanguage":"fr-FR","potentialAction":[{"@type":"ReadAction","target":["https:\/\/initechinfo.com\/fr\/notre-impact-social\/"]}]},{"@type":"BreadcrumbList","@id":"https:\/\/initechinfo.com\/fr\/notre-impact-social\/#breadcrumb","itemListElement":[{"@type":"ListItem","position":1,"name":"Home","item":"https:\/\/initechinfo.com\/fr\/"},{"@type":"ListItem","position":2,"name":"Notre impact social"}]},{"@type":"WebSite","@id":"https:\/\/initechinfo.com\/fr\/#website","url":"https:\/\/initechinfo.com\/fr\/","name":"iniTECH","description":"","potentialAction":[{"@type":"SearchAction","target":{"@type":"EntryPoint","urlTemplate":"https:\/\/initechinfo.com\/fr\/?s={search_term_string}"},"query-input":{"@type":"PropertyValueSpecification","valueRequired":true,"valueName":"search_term_string"}}],"inLanguage":"fr-FR"}]}},"_links":{"self":[{"href":"https:\/\/initechinfo.com\/fr\/wp-json\/wp\/v2\/pages\/4793","targetHints":{"allow":["GET"]}}],"collection":[{"href":"https:\/\/initechinfo.com\/fr\/wp-json\/wp\/v2\/pages"}],"about":[{"href":"https:\/\/initechinfo.com\/fr\/wp-json\/wp\/v2\/types\/page"}],"author":[{"embeddable":true,"href":"https:\/\/initechinfo.com\/fr\/wp-json\/wp\/v2\/users\/1"}],"replies":[{"embeddable":true,"href":"https:\/\/initechinfo.com\/fr\/wp-json\/wp\/v2\/comments?post=4793"}],"version-history":[{"count":5,"href":"https:\/\/initechinfo.com\/fr\/wp-json\/wp\/v2\/pages\/4793\/revisions"}],"predecessor-version":[{"id":4818,"href":"https:\/\/initechinfo.com\/fr\/wp-json\/wp\/v2\/pages\/4793\/revisions\/4818"}],"wp:attachment":[{"href":"https:\/\/initechinfo.com\/fr\/wp-json\/wp\/v2\/media?parent=4793"}],"curies":[{"name":"wp","href":"https:\/\/api.w.org\/{rel}","templated":true}]}}